{"id":346,"date":"2020-09-17T15:38:05","date_gmt":"2020-09-17T15:38:05","guid":{"rendered":"https:\/\/telederma.hu\/?page_id=346"},"modified":"2020-11-14T15:17:56","modified_gmt":"2020-11-14T15:17:56","slug":"borsebeszet","status":"publish","type":"page","link":"https:\/\/telederma.hu\/en\/borsebeszet\/","title":{"rendered":"borsebeszet"},"content":{"rendered":"<div data-elementor-type=\"wp-page\" data-elementor-id=\"346\" class=\"elementor elementor-346\" data-elementor-settings=\"[]\">\n\t\t\t\t\t\t<div class=\"elementor-inner\">\n\t\t\t\t\t\t\t<div class=\"elementor-section-wrap\">\n\t\t\t\t\t\t\t<section class=\"elementor-section elementor-top-section elementor-element elementor-element-186e995f elementor-section-full_width elementor-section-height-min-height elementor-section-items-stretch elementor-section-content-bottom elementor-section-height-default\" data-id=\"186e995f\" data-element_type=\"section\" data-settings=\"{&quot;shape_divider_top&quot;:&quot;tilt&quot;,&quot;_ha_eqh_enable&quot;:false}\">\n\t\t\t\t\t<div class=\"elementor-shape elementor-shape-top\" data-negative=\"false\">\n\t\t\t<svg xmlns=\"http:\/\/www.w3.org\/2000\/svg\" viewbox=\"0 0 1000 100\" preserveaspectratio=\"none\">\n\t<path class=\"elementor-shape-fill\" d=\"M0,6V0h1000v100L0,6z\"\/>\n<\/svg>\t\t<\/div>\n\t\t\t\t\t<div class=\"elementor-container elementor-column-gap-no\">\n\t\t\t\t\t\t\t<div class=\"elementor-row\">\n\t\t\t\t\t<div class=\"elementor-column elementor-col-50 elementor-top-column elementor-element elementor-element-4b00d5d6\" data-id=\"4b00d5d6\" data-element_type=\"column\" data-settings=\"{&quot;background_background&quot;:&quot;classic&quot;}\">\n\t\t\t<div class=\"elementor-column-wrap elementor-element-populated\">\n\t\t\t\t\t\t\t<div class=\"elementor-widget-wrap\">\n\t\t\t\t\t\t<div class=\"elementor-element elementor-element-587420b0 elementor-widget elementor-widget-heading\" data-id=\"587420b0\" data-element_type=\"widget\" data-widget_type=\"heading.default\">\n\t\t\t\t<div class=\"elementor-widget-container\">\n\t\t\t<h2 class=\"elementor-heading-title elementor-size-default\">Skin surgery<\/h2>\t\t<\/div>\n\t\t\t\t<\/div>\n\t\t\t\t<div class=\"elementor-element elementor-element-27d64cd8 elementor-widget elementor-widget-text-editor\" data-id=\"27d64cd8\" data-element_type=\"widget\" data-widget_type=\"text-editor.default\">\n\t\t\t\t<div class=\"elementor-widget-container\">\n\t\t\t\t\t<div class=\"elementor-text-editor elementor-clearfix\"><p>Painless and quick removals of skin lesions<\/p><\/div>\n\t\t\t\t<\/div>\n\t\t\t\t<\/div>\n\t\t\t\t\t\t<\/div>\n\t\t\t\t\t<\/div>\n\t\t<\/div>\n\t\t\t\t<div class=\"elementor-column elementor-col-50 elementor-top-column elementor-element elementor-element-6a17e193\" data-id=\"6a17e193\" data-element_type=\"column\">\n\t\t\t<div class=\"elementor-column-wrap elementor-element-populated\">\n\t\t\t\t\t\t\t<div class=\"elementor-widget-wrap\">\n\t\t\t\t\t\t<div class=\"elementor-element elementor-element-2c5b19b3 elementor-widget elementor-widget-theme-post-featured-image elementor-widget-image\" data-id=\"2c5b19b3\" data-element_type=\"widget\" data-widget_type=\"theme-post-featured-image.default\">\n\t\t\t\t<div class=\"elementor-widget-container\">\n\t\t\t\t\t<div class=\"elementor-image\">\n\t\t\t\t\t\t\t\t\t\t<img loading=\"lazy\" decoding=\"async\" width=\"582\" height=\"388\" src=\"https:\/\/telederma.hu\/wp-content\/uploads\/2020\/06\/Borsebeszet.png\" class=\"attachment-large size-large\" alt=\"\" srcset=\"https:\/\/telederma.hu\/wp-content\/uploads\/2020\/06\/Borsebeszet.png 582w, https:\/\/telederma.hu\/wp-content\/uploads\/2020\/06\/Borsebeszet-300x200.png 300w\" sizes=\"(max-width: 582px) 100vw, 582px\" \/>\t\t\t\t\t\t\t\t\t\t\t<\/div>\n\t\t\t\t<\/div>\n\t\t\t\t<\/div>\n\t\t\t\t\t\t<\/div>\n\t\t\t\t\t<\/div>\n\t\t<\/div>\n\t\t\t\t\t\t\t\t<\/div>\n\t\t\t\t\t<\/div>\n\t\t<\/section>\n\t\t\t\t<section class=\"elementor-section elementor-top-section elementor-element elementor-element-453008aa elementor-section-content-middle elementor-section-boxed elementor-section-height-default elementor-section-height-default\" data-id=\"453008aa\" data-element_type=\"section\" data-settings=\"{&quot;background_background&quot;:&quot;classic&quot;,&quot;shape_divider_top&quot;:&quot;tilt&quot;,&quot;_ha_eqh_enable&quot;:false}\">\n\t\t\t\t\t<div class=\"elementor-shape elementor-shape-top\" data-negative=\"false\">\n\t\t\t<svg xmlns=\"http:\/\/www.w3.org\/2000\/svg\" viewbox=\"0 0 1000 100\" preserveaspectratio=\"none\">\n\t<path class=\"elementor-shape-fill\" d=\"M0,6V0h1000v100L0,6z\"\/>\n<\/svg>\t\t<\/div>\n\t\t\t\t\t<div class=\"elementor-container elementor-column-gap-no\">\n\t\t\t\t\t\t\t<div class=\"elementor-row\">\n\t\t\t\t\t<div class=\"elementor-column elementor-col-100 elementor-top-column elementor-element elementor-element-16db6c02\" data-id=\"16db6c02\" data-element_type=\"column\" data-settings=\"{&quot;background_background&quot;:&quot;classic&quot;}\">\n\t\t\t<div class=\"elementor-column-wrap elementor-element-populated\">\n\t\t\t\t\t\t\t<div class=\"elementor-widget-wrap\">\n\t\t\t\t\t\t<div class=\"elementor-element elementor-element-a152062 elementor-widget elementor-widget-text-editor\" data-id=\"a152062\" data-element_type=\"widget\" data-widget_type=\"text-editor.default\">\n\t\t\t\t<div class=\"elementor-widget-container\">\n\t\t\t\t\t<div class=\"elementor-text-editor elementor-clearfix\"><p>\u00a0<\/p><p>\u00a0<\/p><\/div>\n\t\t\t\t<\/div>\n\t\t\t\t<\/div>\n\t\t\t\t<div class=\"elementor-element elementor-element-2db9d8bc elementor-widget elementor-widget-toggle\" data-id=\"2db9d8bc\" data-element_type=\"widget\" data-widget_type=\"toggle.default\">\n\t\t\t\t<div class=\"elementor-widget-container\">\n\t\t\t\t\t<div class=\"elementor-toggle\" role=\"tablist\">\n\t\t\t\t\t\t\t<div class=\"elementor-toggle-item\">\n\t\t\t\t\t<div id=\"elementor-tab-title-7671\" class=\"elementor-tab-title\" data-tab=\"1\" role=\"tab\" aria-controls=\"elementor-tab-content-7671\">\n\t\t\t\t\t\t\t\t\t\t\t\t<span class=\"elementor-toggle-icon elementor-toggle-icon-right\" aria-hidden=\"true\">\n\t\t\t\t\t\t\t\t\t\t\t\t\t\t\t<span class=\"elementor-toggle-icon-closed\"><i class=\"fas fa-caret-right\"><\/i><\/span>\n\t\t\t\t\t\t\t\t<span class=\"elementor-toggle-icon-opened\"><i class=\"elementor-toggle-icon-opened fas fa-caret-up\"><\/i><\/span>\n\t\t\t\t\t\t\t\t\t\t\t\t\t<\/span>\n\t\t\t\t\t\t\t\t\t\t\t\t<a href=\"\" class=\"elementor-toggle-title\">remove tiny or wide, flat skin lesions<\/a>\n\t\t\t\t\t<\/div>\n\t\t\t\t\t<div id=\"elementor-tab-content-7671\" class=\"elementor-tab-content elementor-clearfix\" data-tab=\"1\" role=\"tabpanel\" aria-labelledby=\"elementor-tab-title-7671\"><p>We can remove tiny or wide, flat skin lesions by electrocauterisation, laser or a spoon. Lidocain injection might be administered. The wound healing might last from 1-to 14 days depending on the size. For a quick recovery soaking the wound in water is forbidden, but a brief shower is possible. For surfaces where rubbing is likely, we use bandages to cover.<br \/><br \/><\/p><figure id=\"attachment_903\" aria-describedby=\"caption-attachment-903\" style=\"width: 768px\" class=\"wp-caption alignnone\"><img loading=\"lazy\" decoding=\"async\" class=\"size-large wp-image-903\" src=\"https:\/\/telederma.hu\/wp-content\/uploads\/2020\/10\/apro\u0301bb-bo\u030brkino\u0308ve\u0301sek-elta\u0301voli\u0301ta\u0301sa-768x1024.jpg\" alt=\"\" width=\"768\" height=\"1024\" srcset=\"https:\/\/telederma.hu\/wp-content\/uploads\/2020\/10\/apro\u0301bb-bo\u030brkino\u0308ve\u0301sek-elta\u0301voli\u0301ta\u0301sa-768x1024.jpg 768w, https:\/\/telederma.hu\/wp-content\/uploads\/2020\/10\/apro\u0301bb-bo\u030brkino\u0308ve\u0301sek-elta\u0301voli\u0301ta\u0301sa-225x300.jpg 225w, https:\/\/telederma.hu\/wp-content\/uploads\/2020\/10\/apro\u0301bb-bo\u030brkino\u0308ve\u0301sek-elta\u0301voli\u0301ta\u0301sa-1152x1536.jpg 1152w, https:\/\/telederma.hu\/wp-content\/uploads\/2020\/10\/apro\u0301bb-bo\u030brkino\u0308ve\u0301sek-elta\u0301voli\u0301ta\u0301sa-1536x2048.jpg 1536w, https:\/\/telederma.hu\/wp-content\/uploads\/2020\/10\/apro\u0301bb-bo\u030brkino\u0308ve\u0301sek-elta\u0301voli\u0301ta\u0301sa-scaled.jpg 1920w\" sizes=\"(max-width: 768px) 100vw, 768px\" \/><figcaption id=\"caption-attachment-903\" class=\"wp-caption-text\">remove tiny or wide, flat skin lesions<\/figcaption><\/figure><\/div>\n\t\t\t\t<\/div>\n\t\t\t\t\t\t\t<div class=\"elementor-toggle-item\">\n\t\t\t\t\t<div id=\"elementor-tab-title-7672\" class=\"elementor-tab-title\" data-tab=\"2\" role=\"tab\" aria-controls=\"elementor-tab-content-7672\">\n\t\t\t\t\t\t\t\t\t\t\t\t<span class=\"elementor-toggle-icon elementor-toggle-icon-right\" aria-hidden=\"true\">\n\t\t\t\t\t\t\t\t\t\t\t\t\t\t\t<span class=\"elementor-toggle-icon-closed\"><i class=\"fas fa-caret-right\"><\/i><\/span>\n\t\t\t\t\t\t\t\t<span class=\"elementor-toggle-icon-opened\"><i class=\"elementor-toggle-icon-opened fas fa-caret-up\"><\/i><\/span>\n\t\t\t\t\t\t\t\t\t\t\t\t\t<\/span>\n\t\t\t\t\t\t\t\t\t\t\t\t<a href=\"\" class=\"elementor-toggle-title\">Birthmark removal by laser<\/a>\n\t\t\t\t\t<\/div>\n\t\t\t\t\t<div id=\"elementor-tab-content-7672\" class=\"elementor-tab-content elementor-clearfix\" data-tab=\"2\" role=\"tabpanel\" aria-labelledby=\"elementor-tab-title-7672\"><p>By a previous demoscopical screening it can be defined, which birthmark is removable by laser. The cavity of the wound needs several months to fill up, during which heat and light can have a damaging effect. On the first week we use wet dressing, a dry one during the second week, soaking the wound in water is not allowed, only a brief shower is possible. The extracted birthmark should be sent for hystological examination, which takes 2-3 weeks.<br \/><br \/><\/p><figure id=\"attachment_904\" aria-describedby=\"caption-attachment-904\" style=\"width: 800px\" class=\"wp-caption alignnone\"><img loading=\"lazy\" decoding=\"async\" class=\"size-large wp-image-904\" src=\"https:\/\/telederma.hu\/wp-content\/uploads\/2020\/10\/anyajegyek-elta\u0301voli\u0301ta\u0301sa-le\u0301zerrel-1024x768.jpg\" alt=\"\" width=\"800\" height=\"600\" srcset=\"https:\/\/telederma.hu\/wp-content\/uploads\/2020\/10\/anyajegyek-elta\u0301voli\u0301ta\u0301sa-le\u0301zerrel-1024x768.jpg 1024w, https:\/\/telederma.hu\/wp-content\/uploads\/2020\/10\/anyajegyek-elta\u0301voli\u0301ta\u0301sa-le\u0301zerrel-300x225.jpg 300w, https:\/\/telederma.hu\/wp-content\/uploads\/2020\/10\/anyajegyek-elta\u0301voli\u0301ta\u0301sa-le\u0301zerrel-768x576.jpg 768w, https:\/\/telederma.hu\/wp-content\/uploads\/2020\/10\/anyajegyek-elta\u0301voli\u0301ta\u0301sa-le\u0301zerrel-1536x1152.jpg 1536w, https:\/\/telederma.hu\/wp-content\/uploads\/2020\/10\/anyajegyek-elta\u0301voli\u0301ta\u0301sa-le\u0301zerrel-2048x1536.jpg 2048w\" sizes=\"(max-width: 800px) 100vw, 800px\" \/><figcaption id=\"caption-attachment-904\" class=\"wp-caption-text\">Birthmark removal by laser<\/figcaption><\/figure><\/div>\n\t\t\t\t<\/div>\n\t\t\t\t\t\t\t<div class=\"elementor-toggle-item\">\n\t\t\t\t\t<div id=\"elementor-tab-title-7673\" class=\"elementor-tab-title\" data-tab=\"3\" role=\"tab\" aria-controls=\"elementor-tab-content-7673\">\n\t\t\t\t\t\t\t\t\t\t\t\t<span class=\"elementor-toggle-icon elementor-toggle-icon-right\" aria-hidden=\"true\">\n\t\t\t\t\t\t\t\t\t\t\t\t\t\t\t<span class=\"elementor-toggle-icon-closed\"><i class=\"fas fa-caret-right\"><\/i><\/span>\n\t\t\t\t\t\t\t\t<span class=\"elementor-toggle-icon-opened\"><i class=\"elementor-toggle-icon-opened fas fa-caret-up\"><\/i><\/span>\n\t\t\t\t\t\t\t\t\t\t\t\t\t<\/span>\n\t\t\t\t\t\t\t\t\t\t\t\t<a href=\"\" class=\"elementor-toggle-title\">Birthmark and tumor removal by incision<\/a>\n\t\t\t\t\t<\/div>\n\t\t\t\t\t<div id=\"elementor-tab-content-7673\" class=\"elementor-tab-content elementor-clearfix\" data-tab=\"3\" role=\"tabpanel\" aria-labelledby=\"elementor-tab-title-7673\"><p>Previous dermoscopical screening is essential. Appointments for surgery can be given only after previous dermatological examination. Purely aesthetical birthmark removal can be administered as well. The removal takes approximatelly half an hour. We use sutures and cover the wound by a sterile bandage. No water may touch the wound. The sutures will be  extracted after 2 weeks, a shower is possible  24 hours after the suture removal.  One week after the operation we check the status of the wound and change the bandage preventing a possible inflammation. In case of inflammation, a more complex wound care is necessary and the suture extraction might be postponed. In order to avoid this sports and sauna (perspiration and heat) are strictly prohibited. We extract risky birthmarks during the summer only, keeping the above consideration.<\/p><figure id=\"attachment_901\" aria-describedby=\"caption-attachment-901\" style=\"width: 768px\" class=\"wp-caption alignnone\"><img loading=\"lazy\" decoding=\"async\" class=\"size-large wp-image-901\" src=\"https:\/\/telederma.hu\/wp-content\/uploads\/2020\/10\/anyajegyek-elta\u0301voli\u0301ta\u0301sa-metsze\u0301ssel-768x1024.jpg\" alt=\"\" width=\"768\" height=\"1024\" srcset=\"https:\/\/telederma.hu\/wp-content\/uploads\/2020\/10\/anyajegyek-elta\u0301voli\u0301ta\u0301sa-metsze\u0301ssel-768x1024.jpg 768w, https:\/\/telederma.hu\/wp-content\/uploads\/2020\/10\/anyajegyek-elta\u0301voli\u0301ta\u0301sa-metsze\u0301ssel-225x300.jpg 225w, https:\/\/telederma.hu\/wp-content\/uploads\/2020\/10\/anyajegyek-elta\u0301voli\u0301ta\u0301sa-metsze\u0301ssel-1152x1536.jpg 1152w, https:\/\/telederma.hu\/wp-content\/uploads\/2020\/10\/anyajegyek-elta\u0301voli\u0301ta\u0301sa-metsze\u0301ssel-1536x2048.jpg 1536w, https:\/\/telederma.hu\/wp-content\/uploads\/2020\/10\/anyajegyek-elta\u0301voli\u0301ta\u0301sa-metsze\u0301ssel-scaled.jpg 1920w\" sizes=\"(max-width: 768px) 100vw, 768px\" \/><figcaption id=\"caption-attachment-901\" class=\"wp-caption-text\">Birthmark and tumor removal by incision<\/figcaption><\/figure><\/div>\n\t\t\t\t<\/div>\n\t\t\t\t\t\t\t<div class=\"elementor-toggle-item\">\n\t\t\t\t\t<div id=\"elementor-tab-title-7674\" class=\"elementor-tab-title\" data-tab=\"4\" role=\"tab\" aria-controls=\"elementor-tab-content-7674\">\n\t\t\t\t\t\t\t\t\t\t\t\t<span class=\"elementor-toggle-icon elementor-toggle-icon-right\" aria-hidden=\"true\">\n\t\t\t\t\t\t\t\t\t\t\t\t\t\t\t<span class=\"elementor-toggle-icon-closed\"><i class=\"fas fa-caret-right\"><\/i><\/span>\n\t\t\t\t\t\t\t\t<span class=\"elementor-toggle-icon-opened\"><i class=\"elementor-toggle-icon-opened fas fa-caret-up\"><\/i><\/span>\n\t\t\t\t\t\t\t\t\t\t\t\t\t<\/span>\n\t\t\t\t\t\t\t\t\t\t\t\t<a href=\"\" class=\"elementor-toggle-title\">Skin cancer removal by incision<\/a>\n\t\t\t\t\t<\/div>\n\t\t\t\t\t<div id=\"elementor-tab-content-7674\" class=\"elementor-tab-content elementor-clearfix\" data-tab=\"4\" role=\"tabpanel\" aria-labelledby=\"elementor-tab-title-7674\"><p class=\" translation-block\">Certain skin cancers can be removed by incision (according to the birthmark removal).Important: controll screening is essential after the removal by protocoll: four times in the first year, two times in the second year.<\/p><figure id=\"attachment_935\" aria-describedby=\"caption-attachment-935\" style=\"width: 768px\" class=\"wp-caption alignnone\"><img loading=\"lazy\" decoding=\"async\" class=\"size-large wp-image-935\" src=\"https:\/\/telederma.hu\/wp-content\/uploads\/2020\/10\/bo\u030brdaganatok-elta\u0301voli\u0301ta\u0301sa-768x1024.jpg\" alt=\"\" width=\"768\" height=\"1024\" srcset=\"https:\/\/telederma.hu\/wp-content\/uploads\/2020\/10\/bo\u030brdaganatok-elta\u0301voli\u0301ta\u0301sa-768x1024.jpg 768w, https:\/\/telederma.hu\/wp-content\/uploads\/2020\/10\/bo\u030brdaganatok-elta\u0301voli\u0301ta\u0301sa-225x300.jpg 225w, https:\/\/telederma.hu\/wp-content\/uploads\/2020\/10\/bo\u030brdaganatok-elta\u0301voli\u0301ta\u0301sa-1152x1536.jpg 1152w, https:\/\/telederma.hu\/wp-content\/uploads\/2020\/10\/bo\u030brdaganatok-elta\u0301voli\u0301ta\u0301sa-1536x2048.jpg 1536w, https:\/\/telederma.hu\/wp-content\/uploads\/2020\/10\/bo\u030brdaganatok-elta\u0301voli\u0301ta\u0301sa-scaled.jpg 1920w\" sizes=\"(max-width: 768px) 100vw, 768px\" \/><figcaption id=\"caption-attachment-935\" class=\"wp-caption-text\">bo\u030brdaganatok elta\u0301voli\u0301ta\u0301sa<\/figcaption><\/figure><\/div>\n\t\t\t\t<\/div>\n\t\t\t\t\t\t\t<div class=\"elementor-toggle-item\">\n\t\t\t\t\t<div id=\"elementor-tab-title-7675\" class=\"elementor-tab-title\" data-tab=\"5\" role=\"tab\" aria-controls=\"elementor-tab-content-7675\">\n\t\t\t\t\t\t\t\t\t\t\t\t<span class=\"elementor-toggle-icon elementor-toggle-icon-right\" aria-hidden=\"true\">\n\t\t\t\t\t\t\t\t\t\t\t\t\t\t\t<span class=\"elementor-toggle-icon-closed\"><i class=\"fas fa-caret-right\"><\/i><\/span>\n\t\t\t\t\t\t\t\t<span class=\"elementor-toggle-icon-opened\"><i class=\"elementor-toggle-icon-opened fas fa-caret-up\"><\/i><\/span>\n\t\t\t\t\t\t\t\t\t\t\t\t\t<\/span>\n\t\t\t\t\t\t\t\t\t\t\t\t<a href=\"\" class=\"elementor-toggle-title\">Removal of cysts and smaller nodes<\/a>\n\t\t\t\t\t<\/div>\n\t\t\t\t\t<div id=\"elementor-tab-content-7675\" class=\"elementor-tab-content elementor-clearfix\" data-tab=\"5\" role=\"tabpanel\" aria-labelledby=\"elementor-tab-title-7675\"><p>Removal of cysts and smaller nodes is also possible in a similar way, operation time can be longer depending on the size. Wound control and suture extraction is as previously mentioned. The phlegm of inflammed nodes is first drained. We extract the node only after antiinflammatory therapy and one month recovery period. It is not recommended to operate nodes during the summer without any inflammation, because the deeper wounds become inflammed more frequently due to the heat and sunlight.<br \/><br \/><\/p><figure id=\"attachment_900\" aria-describedby=\"caption-attachment-900\" style=\"width: 768px\" class=\"wp-caption alignnone\"><img loading=\"lazy\" decoding=\"async\" class=\"size-large wp-image-900\" src=\"https:\/\/telederma.hu\/wp-content\/uploads\/2020\/10\/faggyu\u0301cysta-768x1024.jpg\" alt=\"\" width=\"768\" height=\"1024\" srcset=\"https:\/\/telederma.hu\/wp-content\/uploads\/2020\/10\/faggyu\u0301cysta-768x1024.jpg 768w, https:\/\/telederma.hu\/wp-content\/uploads\/2020\/10\/faggyu\u0301cysta-225x300.jpg 225w, https:\/\/telederma.hu\/wp-content\/uploads\/2020\/10\/faggyu\u0301cysta-1152x1536.jpg 1152w, https:\/\/telederma.hu\/wp-content\/uploads\/2020\/10\/faggyu\u0301cysta-1536x2048.jpg 1536w, https:\/\/telederma.hu\/wp-content\/uploads\/2020\/10\/faggyu\u0301cysta-scaled.jpg 1920w\" sizes=\"(max-width: 768px) 100vw, 768px\" \/><figcaption id=\"caption-attachment-900\" class=\"wp-caption-text\">cyst<\/figcaption><\/figure><\/div>\n\t\t\t\t<\/div>\n\t\t\t\t\t\t\t<div class=\"elementor-toggle-item\">\n\t\t\t\t\t<div id=\"elementor-tab-title-7676\" class=\"elementor-tab-title\" data-tab=\"6\" role=\"tab\" aria-controls=\"elementor-tab-content-7676\">\n\t\t\t\t\t\t\t\t\t\t\t\t<span class=\"elementor-toggle-icon elementor-toggle-icon-right\" aria-hidden=\"true\">\n\t\t\t\t\t\t\t\t\t\t\t\t\t\t\t<span class=\"elementor-toggle-icon-closed\"><i class=\"fas fa-caret-right\"><\/i><\/span>\n\t\t\t\t\t\t\t\t<span class=\"elementor-toggle-icon-opened\"><i class=\"elementor-toggle-icon-opened fas fa-caret-up\"><\/i><\/span>\n\t\t\t\t\t\t\t\t\t\t\t\t\t<\/span>\n\t\t\t\t\t\t\t\t\t\t\t\t<a href=\"\" class=\"elementor-toggle-title\">Postoperative scar treatment<\/a>\n\t\t\t\t\t<\/div>\n\t\t\t\t\t<div id=\"elementor-tab-content-7676\" class=\"elementor-tab-content elementor-clearfix\" data-tab=\"6\" role=\"tabpanel\" aria-labelledby=\"elementor-tab-title-7676\"><p>Postoperative scar treatment is a long term home care, that needs a lot of time, attention and patience.  Protruding scars can develop in specific areas, like the neckline, shoulders or any  frictional surfaces. Prevention is by light bandages, release of tension, and silicone gels, sheets. If there is not effective, we use intralesional steroid  injections to decrease the protrusion. The treatment consists of 2-10 sessions. The result is uncertain.<\/p><figure id=\"attachment_899\" aria-describedby=\"caption-attachment-899\" style=\"width: 800px\" class=\"wp-caption alignnone\"><img loading=\"lazy\" decoding=\"async\" class=\"size-large wp-image-899\" src=\"https:\/\/telederma.hu\/wp-content\/uploads\/2020\/10\/hegkezele\u0301s-1024x768.jpg\" alt=\"\" width=\"800\" height=\"600\" srcset=\"https:\/\/telederma.hu\/wp-content\/uploads\/2020\/10\/hegkezele\u0301s-1024x768.jpg 1024w, https:\/\/telederma.hu\/wp-content\/uploads\/2020\/10\/hegkezele\u0301s-300x225.jpg 300w, https:\/\/telederma.hu\/wp-content\/uploads\/2020\/10\/hegkezele\u0301s-768x576.jpg 768w, https:\/\/telederma.hu\/wp-content\/uploads\/2020\/10\/hegkezele\u0301s-1536x1152.jpg 1536w, https:\/\/telederma.hu\/wp-content\/uploads\/2020\/10\/hegkezele\u0301s-2048x1536.jpg 2048w\" sizes=\"(max-width: 800px) 100vw, 800px\" \/><figcaption id=\"caption-attachment-899\" class=\"wp-caption-text\">Postoperative scar treatment<\/figcaption><\/figure><\/div>\n\t\t\t\t<\/div>\n\t\t\t\t\t<\/div>\n\t\t\t\t<\/div>\n\t\t\t\t<\/div>\n\t\t\t\t\t\t<\/div>\n\t\t\t\t\t<\/div>\n\t\t<\/div>\n\t\t\t\t\t\t\t\t<\/div>\n\t\t\t\t\t<\/div>\n\t\t<\/section>\n\t\t\t\t<section class=\"elementor-section elementor-top-section elementor-element elementor-element-5abd72d9 elementor-section-boxed elementor-section-height-default elementor-section-height-default\" data-id=\"5abd72d9\" data-element_type=\"section\" data-settings=\"{&quot;background_background&quot;:&quot;classic&quot;,&quot;shape_divider_bottom&quot;:&quot;tilt&quot;,&quot;_ha_eqh_enable&quot;:false}\">\n\t\t\t\t\t<div class=\"elementor-shape elementor-shape-bottom\" data-negative=\"false\">\n\t\t\t<svg xmlns=\"http:\/\/www.w3.org\/2000\/svg\" viewbox=\"0 0 1000 100\" preserveaspectratio=\"none\">\n\t<path class=\"elementor-shape-fill\" d=\"M0,6V0h1000v100L0,6z\"\/>\n<\/svg>\t\t<\/div>\n\t\t\t\t\t<div class=\"elementor-container elementor-column-gap-default\">\n\t\t\t\t\t\t\t<div class=\"elementor-row\">\n\t\t\t\t\t<div class=\"elementor-column elementor-col-100 elementor-top-column elementor-element elementor-element-11ff2601\" data-id=\"11ff2601\" data-element_type=\"column\">\n\t\t\t<div class=\"elementor-column-wrap elementor-element-populated\">\n\t\t\t\t\t\t\t<div class=\"elementor-widget-wrap\">\n\t\t\t\t\t\t<div data-ha-element-link=\"{&quot;url&quot;:&quot;javascript:history.back()&quot;,&quot;is_external&quot;:&quot;&quot;,&quot;nofollow&quot;:&quot;&quot;,&quot;custom_attributes&quot;:&quot;&quot;}\" style=\"cursor: pointer\" class=\"elementor-element elementor-element-1ccc7f1 elementor-align-center elementor-widget elementor-widget-button\" data-id=\"1ccc7f1\" data-element_type=\"widget\" data-widget_type=\"button.default\">\n\t\t\t\t<div class=\"elementor-widget-container\">\n\t\t\t\t\t<div class=\"elementor-button-wrapper\">\n\t\t\t<a class=\"elementor-button elementor-size-sm\" role=\"button\">\n\t\t\t\t\t\t<span class=\"elementor-button-content-wrapper\">\n\t\t\t\t\t\t<span class=\"elementor-button-text\">Back<\/span>\n\t\t<\/span>\n\t\t\t\t\t<\/a>\n\t\t<\/div>\n\t\t\t\t<\/div>\n\t\t\t\t<\/div>\n\t\t\t\t\t\t<\/div>\n\t\t\t\t\t<\/div>\n\t\t<\/div>\n\t\t\t\t\t\t\t\t<\/div>\n\t\t\t\t\t<\/div>\n\t\t<\/section>\n\t\t\t\t\t\t<\/div>\n\t\t\t\t\t\t<\/div>\n\t\t\t\t\t<\/div>","protected":false},"excerpt":{"rendered":"<p>B\u0151rseb\u00e9szet F\u00e1jdalommentes, gyors elt\u00e1vol\u00edt\u00e1sok k\u00fcl\u00f6nb\u00f6z\u0151 b\u0151rkin\u00f6v\u00e9sek eset\u00e9ben \u00a0 \u00a0 Apr\u00f3bb b\u0151rkin\u00f6v\u00e9sek elt\u00e1vol\u00edt\u00e1sa Apr\u00f3bb b\u0151rkin\u00f6v\u00e9sek, sz\u00e9lesebb, lapos szaruk\u00e9pletek elt\u00e1vol\u00edt\u00e1sa kauteriz\u00e1ci\u00f3val, l\u00e9zerrel, kan\u00e1llal: sz\u00fcks\u00e9g lehet Lidokain injekci\u00f3s \u00e9rz\u00e9stelen\u00edt\u00e9sre, a sebgy\u00f3gyul\u00e1s 1-14 napig is eltarthat, m\u00e9rett\u0151l f\u00fcgg\u0151en. Sebhint\u0151port napi 2x alkalmazunk p\u00f6rklev\u00e1l\u00e1sig. A sebet ki\u00e1ztatni nem szabad, de r\u00f6vid tusol\u00e1s lehets\u00e9ges. S\u00farl\u00f3d\u00f3 ter\u00fcleteken fed\u00e9s sz\u00fcks\u00e9ges. apro\u0301bb bo\u030brkino\u0308ve\u0301sek elta\u0301voli\u0301ta\u0301sa [&hellip;]<\/p>","protected":false},"author":4,"featured_media":0,"parent":0,"menu_order":0,"comment_status":"closed","ping_status":"closed","template":"elementor_header_footer","meta":{"footnotes":""},"_links":{"self":[{"href":"https:\/\/telederma.hu\/en\/wp-json\/wp\/v2\/pages\/346"}],"collection":[{"href":"https:\/\/telederma.hu\/en\/wp-json\/wp\/v2\/pages"}],"about":[{"href":"https:\/\/telederma.hu\/en\/wp-json\/wp\/v2\/types\/page"}],"author":[{"embeddable":true,"href":"https:\/\/telederma.hu\/en\/wp-json\/wp\/v2\/users\/4"}],"replies":[{"embeddable":true,"href":"https:\/\/telederma.hu\/en\/wp-json\/wp\/v2\/comments?post=346"}],"version-history":[{"count":10,"href":"https:\/\/telederma.hu\/en\/wp-json\/wp\/v2\/pages\/346\/revisions"}],"predecessor-version":[{"id":977,"href":"https:\/\/telederma.hu\/en\/wp-json\/wp\/v2\/pages\/346\/revisions\/977"}],"wp:attachment":[{"href":"https:\/\/telederma.hu\/en\/wp-json\/wp\/v2\/media?parent=346"}],"curies":[{"name":"wp","href":"https:\/\/api.w.org\/{rel}","templated":true}]}}