{"id":352,"date":"2020-09-17T15:58:13","date_gmt":"2020-09-17T15:58:13","guid":{"rendered":"https:\/\/telederma.hu\/?page_id=352"},"modified":"2025-10-04T17:46:32","modified_gmt":"2025-10-04T17:46:32","slug":"lezergyogyaszat","status":"publish","type":"page","link":"https:\/\/telederma.hu\/en\/lezergyogyaszat\/","title":{"rendered":"lezergyogyaszat"},"content":{"rendered":"<div data-elementor-type=\"wp-page\" data-elementor-id=\"352\" class=\"elementor elementor-352\" data-elementor-settings=\"[]\">\n\t\t\t\t\t\t<div class=\"elementor-inner\">\n\t\t\t\t\t\t\t<div class=\"elementor-section-wrap\">\n\t\t\t\t\t\t\t<section class=\"elementor-section elementor-top-section elementor-element elementor-element-23a04c77 elementor-section-full_width elementor-section-height-min-height elementor-section-items-stretch elementor-section-content-bottom elementor-section-height-default\" data-id=\"23a04c77\" data-element_type=\"section\" data-settings=\"{&quot;shape_divider_top&quot;:&quot;tilt&quot;,&quot;_ha_eqh_enable&quot;:false}\">\n\t\t\t\t\t<div class=\"elementor-shape elementor-shape-top\" data-negative=\"false\">\n\t\t\t<svg xmlns=\"http:\/\/www.w3.org\/2000\/svg\" viewbox=\"0 0 1000 100\" preserveaspectratio=\"none\">\n\t<path class=\"elementor-shape-fill\" d=\"M0,6V0h1000v100L0,6z\"\/>\n<\/svg>\t\t<\/div>\n\t\t\t\t\t<div class=\"elementor-container elementor-column-gap-no\">\n\t\t\t\t\t\t\t<div class=\"elementor-row\">\n\t\t\t\t\t<div class=\"elementor-column elementor-col-50 elementor-top-column elementor-element elementor-element-35821948\" data-id=\"35821948\" data-element_type=\"column\" data-settings=\"{&quot;background_background&quot;:&quot;classic&quot;}\">\n\t\t\t<div class=\"elementor-column-wrap elementor-element-populated\">\n\t\t\t\t\t\t\t<div class=\"elementor-widget-wrap\">\n\t\t\t\t\t\t<div class=\"elementor-element elementor-element-2995a549 elementor-widget elementor-widget-heading\" data-id=\"2995a549\" data-element_type=\"widget\" data-widget_type=\"heading.default\">\n\t\t\t\t<div class=\"elementor-widget-container\">\n\t\t\t<h2 class=\"elementor-heading-title elementor-size-default\">Laser therapy<\/h2>\t\t<\/div>\n\t\t\t\t<\/div>\n\t\t\t\t<div class=\"elementor-element elementor-element-20ead3a elementor-widget elementor-widget-text-editor\" data-id=\"20ead3a\" data-element_type=\"widget\" data-widget_type=\"text-editor.default\">\n\t\t\t\t<div class=\"elementor-widget-container\">\n\t\t\t\t\t<div class=\"elementor-text-editor elementor-clearfix\"><p>our laser park is constantly developing with modern laser devices.<\/p><\/div>\n\t\t\t\t<\/div>\n\t\t\t\t<\/div>\n\t\t\t\t\t\t<\/div>\n\t\t\t\t\t<\/div>\n\t\t<\/div>\n\t\t\t\t<div class=\"elementor-column elementor-col-50 elementor-top-column elementor-element elementor-element-21758cb7\" data-id=\"21758cb7\" data-element_type=\"column\">\n\t\t\t<div class=\"elementor-column-wrap elementor-element-populated\">\n\t\t\t\t\t\t\t<div class=\"elementor-widget-wrap\">\n\t\t\t\t\t\t<div class=\"elementor-element elementor-element-343071d1 elementor-widget elementor-widget-theme-post-featured-image elementor-widget-image\" data-id=\"343071d1\" data-element_type=\"widget\" data-widget_type=\"theme-post-featured-image.default\">\n\t\t\t\t<div class=\"elementor-widget-container\">\n\t\t\t\t\t<div class=\"elementor-image\">\n\t\t\t\t\t\t\t\t\t\t<img loading=\"lazy\" decoding=\"async\" width=\"412\" height=\"299\" src=\"https:\/\/telederma.hu\/wp-content\/uploads\/2020\/06\/Lezergyogyaszat.png\" class=\"attachment-large size-large\" alt=\"\" srcset=\"https:\/\/telederma.hu\/wp-content\/uploads\/2020\/06\/Lezergyogyaszat.png 412w, https:\/\/telederma.hu\/wp-content\/uploads\/2020\/06\/Lezergyogyaszat-300x218.png 300w\" sizes=\"(max-width: 412px) 100vw, 412px\" \/>\t\t\t\t\t\t\t\t\t\t\t<\/div>\n\t\t\t\t<\/div>\n\t\t\t\t<\/div>\n\t\t\t\t\t\t<\/div>\n\t\t\t\t\t<\/div>\n\t\t<\/div>\n\t\t\t\t\t\t\t\t<\/div>\n\t\t\t\t\t<\/div>\n\t\t<\/section>\n\t\t\t\t<section class=\"elementor-section elementor-top-section elementor-element elementor-element-702710bc elementor-section-content-middle elementor-section-boxed elementor-section-height-default elementor-section-height-default\" data-id=\"702710bc\" data-element_type=\"section\" data-settings=\"{&quot;background_background&quot;:&quot;classic&quot;,&quot;shape_divider_top&quot;:&quot;tilt&quot;,&quot;_ha_eqh_enable&quot;:false}\">\n\t\t\t\t\t<div class=\"elementor-shape elementor-shape-top\" data-negative=\"false\">\n\t\t\t<svg xmlns=\"http:\/\/www.w3.org\/2000\/svg\" viewbox=\"0 0 1000 100\" preserveaspectratio=\"none\">\n\t<path class=\"elementor-shape-fill\" d=\"M0,6V0h1000v100L0,6z\"\/>\n<\/svg>\t\t<\/div>\n\t\t\t\t\t<div class=\"elementor-container elementor-column-gap-no\">\n\t\t\t\t\t\t\t<div class=\"elementor-row\">\n\t\t\t\t\t<div class=\"elementor-column elementor-col-100 elementor-top-column elementor-element elementor-element-6746edd6\" data-id=\"6746edd6\" data-element_type=\"column\" data-settings=\"{&quot;background_background&quot;:&quot;classic&quot;}\">\n\t\t\t<div class=\"elementor-column-wrap elementor-element-populated\">\n\t\t\t\t\t\t\t<div class=\"elementor-widget-wrap\">\n\t\t\t\t\t\t<div class=\"elementor-element elementor-element-659a34c5 elementor-widget elementor-widget-toggle\" data-id=\"659a34c5\" data-element_type=\"widget\" data-widget_type=\"toggle.default\">\n\t\t\t\t<div class=\"elementor-widget-container\">\n\t\t\t\t\t<div class=\"elementor-toggle\" role=\"tablist\">\n\t\t\t\t\t\t\t<div class=\"elementor-toggle-item\">\n\t\t\t\t\t<div id=\"elementor-tab-title-1701\" class=\"elementor-tab-title\" data-tab=\"1\" role=\"tab\" aria-controls=\"elementor-tab-content-1701\">\n\t\t\t\t\t\t\t\t\t\t\t\t<span class=\"elementor-toggle-icon elementor-toggle-icon-right\" aria-hidden=\"true\">\n\t\t\t\t\t\t\t\t\t\t\t\t\t\t\t<span class=\"elementor-toggle-icon-closed\"><i class=\"fas fa-caret-right\"><\/i><\/span>\n\t\t\t\t\t\t\t\t<span class=\"elementor-toggle-icon-opened\"><i class=\"elementor-toggle-icon-opened fas fa-caret-up\"><\/i><\/span>\n\t\t\t\t\t\t\t\t\t\t\t\t\t<\/span>\n\t\t\t\t\t\t\t\t\t\t\t\t<a href=\"\" class=\"elementor-toggle-title\">Soft laser<\/a>\n\t\t\t\t\t<\/div>\n\t\t\t\t\t<div id=\"elementor-tab-content-1701\" class=\"elementor-tab-content elementor-clearfix\" data-tab=\"1\" role=\"tabpanel\" aria-labelledby=\"elementor-tab-title-1701\"><p>Soft laser: inflammed postherpetical spots, painful aphts, wounds, ekzema can be cured. The treatment consists of several sessions (4-12).<br \/><br \/><\/p><figure id=\"attachment_938\" aria-describedby=\"caption-attachment-938\" style=\"width: 480px\" class=\"wp-caption alignnone\"><img loading=\"lazy\" decoding=\"async\" class=\"size-full wp-image-938\" src=\"https:\/\/telederma.hu\/wp-content\/uploads\/2020\/10\/la\u0301gyle\u0301zer-rotated.jpg\" alt=\"\" width=\"480\" height=\"640\" srcset=\"https:\/\/telederma.hu\/wp-content\/uploads\/2020\/10\/la\u0301gyle\u0301zer-rotated.jpg 480w, https:\/\/telederma.hu\/wp-content\/uploads\/2020\/10\/la\u0301gyle\u0301zer-225x300.jpg 225w\" sizes=\"(max-width: 480px) 100vw, 480px\" \/><figcaption id=\"caption-attachment-938\" class=\"wp-caption-text\">soft laser<\/figcaption><\/figure><\/div>\n\t\t\t\t<\/div>\n\t\t\t\t\t\t\t<div class=\"elementor-toggle-item\">\n\t\t\t\t\t<div id=\"elementor-tab-title-1702\" class=\"elementor-tab-title\" data-tab=\"2\" role=\"tab\" aria-controls=\"elementor-tab-content-1702\">\n\t\t\t\t\t\t\t\t\t\t\t\t<span class=\"elementor-toggle-icon elementor-toggle-icon-right\" aria-hidden=\"true\">\n\t\t\t\t\t\t\t\t\t\t\t\t\t\t\t<span class=\"elementor-toggle-icon-closed\"><i class=\"fas fa-caret-right\"><\/i><\/span>\n\t\t\t\t\t\t\t\t<span class=\"elementor-toggle-icon-opened\"><i class=\"elementor-toggle-icon-opened fas fa-caret-up\"><\/i><\/span>\n\t\t\t\t\t\t\t\t\t\t\t\t\t<\/span>\n\t\t\t\t\t\t\t\t\t\t\t\t<a href=\"\" class=\"elementor-toggle-title\">CO2 laser<\/a>\n\t\t\t\t\t<\/div>\n\t\t\t\t\t<div id=\"elementor-tab-content-1702\" class=\"elementor-tab-content elementor-clearfix\" data-tab=\"2\" role=\"tabpanel\" aria-labelledby=\"elementor-tab-title-1702\"><p>CO2 laser: tiny fibromas, flat, thick skin lesions, specific birthmarks, warts can be removed. We use anaesthesia, and wear goggles. The accompaniing person also wears goggles, but more people cannot be in the laser room.<\/p><p>Fractional CO2 laser: aesthetical treatments, like rejuvenation, pigment fading, acne scars can be treated by this device. The latter one can be treated only if there is no inflammation in the given area.<\/p><p>During the healing period in the summer, the wound might be brown, the contamination is also more frequent. So it\u2019s not recommended to have a laser treatment done during the summer.<br \/><br \/><\/p><figure id=\"attachment_897\" aria-describedby=\"caption-attachment-897\" style=\"width: 800px\" class=\"wp-caption alignnone\"><img loading=\"lazy\" decoding=\"async\" class=\"size-large wp-image-897\" src=\"https:\/\/telederma.hu\/wp-content\/uploads\/2020\/10\/Co2-le\u0301zer-1024x683.jpg\" alt=\"\" width=\"800\" height=\"534\" srcset=\"https:\/\/telederma.hu\/wp-content\/uploads\/2020\/10\/Co2-le\u0301zer-1024x683.jpg 1024w, https:\/\/telederma.hu\/wp-content\/uploads\/2020\/10\/Co2-le\u0301zer-300x200.jpg 300w, https:\/\/telederma.hu\/wp-content\/uploads\/2020\/10\/Co2-le\u0301zer-768x512.jpg 768w, https:\/\/telederma.hu\/wp-content\/uploads\/2020\/10\/Co2-le\u0301zer-1536x1024.jpg 1536w, https:\/\/telederma.hu\/wp-content\/uploads\/2020\/10\/Co2-le\u0301zer-2048x1365.jpg 2048w\" sizes=\"(max-width: 800px) 100vw, 800px\" \/><figcaption id=\"caption-attachment-897\" class=\"wp-caption-text\">CO2 laser<\/figcaption><\/figure><\/div>\n\t\t\t\t<\/div>\n\t\t\t\t\t\t\t<div class=\"elementor-toggle-item\">\n\t\t\t\t\t<div id=\"elementor-tab-title-1703\" class=\"elementor-tab-title\" data-tab=\"3\" role=\"tab\" aria-controls=\"elementor-tab-content-1703\">\n\t\t\t\t\t\t\t\t\t\t\t\t<span class=\"elementor-toggle-icon elementor-toggle-icon-right\" aria-hidden=\"true\">\n\t\t\t\t\t\t\t\t\t\t\t\t\t\t\t<span class=\"elementor-toggle-icon-closed\"><i class=\"fas fa-caret-right\"><\/i><\/span>\n\t\t\t\t\t\t\t\t<span class=\"elementor-toggle-icon-opened\"><i class=\"elementor-toggle-icon-opened fas fa-caret-up\"><\/i><\/span>\n\t\t\t\t\t\t\t\t\t\t\t\t\t<\/span>\n\t\t\t\t\t\t\t\t\t\t\t\t<a href=\"\" class=\"elementor-toggle-title\">Diode laser<\/a>\n\t\t\t\t\t<\/div>\n\t\t\t\t\t<div id=\"elementor-tab-content-1703\" class=\"elementor-tab-content elementor-clearfix\" data-tab=\"3\" role=\"tabpanel\" aria-labelledby=\"elementor-tab-title-1703\"><p>Little vessel nodes, capillaries, naevus arachneus can be treated on the face, nose, on the trunk and limbs.  Repetition of the treatment is  may be possible, because  of the recanalisation.<\/p><p>Tiny varicose veins , curly lilac spider veins are also curable by this laser. After transient inflammation and after 6 weeks repetition is needed because of the recanalisation. 3-4 sessions might also be necessary for the good result. It is not recommended to have a diode laser treatment done during the summer .<\/p><figure id=\"attachment_895\" aria-describedby=\"caption-attachment-895\" style=\"width: 768px\" class=\"wp-caption alignnone\"><img loading=\"lazy\" decoding=\"async\" class=\"size-large wp-image-895\" src=\"https:\/\/telederma.hu\/wp-content\/uploads\/2020\/10\/dio\u0301da-le\u0301zer-768x1024.jpg\" alt=\"\" width=\"768\" height=\"1024\" srcset=\"https:\/\/telederma.hu\/wp-content\/uploads\/2020\/10\/dio\u0301da-le\u0301zer-768x1024.jpg 768w, https:\/\/telederma.hu\/wp-content\/uploads\/2020\/10\/dio\u0301da-le\u0301zer-225x300.jpg 225w, https:\/\/telederma.hu\/wp-content\/uploads\/2020\/10\/dio\u0301da-le\u0301zer-1152x1536.jpg 1152w, https:\/\/telederma.hu\/wp-content\/uploads\/2020\/10\/dio\u0301da-le\u0301zer-1536x2048.jpg 1536w, https:\/\/telederma.hu\/wp-content\/uploads\/2020\/10\/dio\u0301da-le\u0301zer-scaled.jpg 1920w\" sizes=\"(max-width: 768px) 100vw, 768px\" \/><figcaption id=\"caption-attachment-895\" class=\"wp-caption-text\">Diode laser<\/figcaption><\/figure><\/div>\n\t\t\t\t<\/div>\n\t\t\t\t\t\t\t<div class=\"elementor-toggle-item\">\n\t\t\t\t\t<div id=\"elementor-tab-title-1704\" class=\"elementor-tab-title\" data-tab=\"4\" role=\"tab\" aria-controls=\"elementor-tab-content-1704\">\n\t\t\t\t\t\t\t\t\t\t\t\t<span class=\"elementor-toggle-icon elementor-toggle-icon-right\" aria-hidden=\"true\">\n\t\t\t\t\t\t\t\t\t\t\t\t\t\t\t<span class=\"elementor-toggle-icon-closed\"><i class=\"fas fa-caret-right\"><\/i><\/span>\n\t\t\t\t\t\t\t\t<span class=\"elementor-toggle-icon-opened\"><i class=\"elementor-toggle-icon-opened fas fa-caret-up\"><\/i><\/span>\n\t\t\t\t\t\t\t\t\t\t\t\t\t<\/span>\n\t\t\t\t\t\t\t\t\t\t\t\t<a href=\"\" class=\"elementor-toggle-title\">Nd-Yag laser<\/a>\n\t\t\t\t\t<\/div>\n\t\t\t\t\t<div id=\"elementor-tab-content-1704\" class=\"elementor-tab-content elementor-clearfix\" data-tab=\"4\" role=\"tabpanel\" aria-labelledby=\"elementor-tab-title-1704\"><p>Mycotic nail disorders can be treated by this laser, in case of therapy resistant nails.<\/p><p>More sessions of laser treatments are needed.<\/p><p>Dark tatoo removal is also  available, more treatments are necessary with sun protection.<br \/><br \/><\/p><figure id=\"attachment_885\" aria-describedby=\"caption-attachment-885\" style=\"width: 683px\" class=\"wp-caption alignnone\"><img loading=\"lazy\" decoding=\"async\" class=\"size-large wp-image-885\" src=\"https:\/\/telederma.hu\/wp-content\/uploads\/2020\/10\/ND-Yag-le\u0301zer-683x1024.jpg\" alt=\"\" width=\"683\" height=\"1024\" srcset=\"https:\/\/telederma.hu\/wp-content\/uploads\/2020\/10\/ND-Yag-le\u0301zer-683x1024.jpg 683w, https:\/\/telederma.hu\/wp-content\/uploads\/2020\/10\/ND-Yag-le\u0301zer-200x300.jpg 200w, https:\/\/telederma.hu\/wp-content\/uploads\/2020\/10\/ND-Yag-le\u0301zer-768x1152.jpg 768w, https:\/\/telederma.hu\/wp-content\/uploads\/2020\/10\/ND-Yag-le\u0301zer-1024x1536.jpg 1024w, https:\/\/telederma.hu\/wp-content\/uploads\/2020\/10\/ND-Yag-le\u0301zer-1365x2048.jpg 1365w, https:\/\/telederma.hu\/wp-content\/uploads\/2020\/10\/ND-Yag-le\u0301zer-scaled.jpg 1707w\" sizes=\"(max-width: 683px) 100vw, 683px\" \/><figcaption id=\"caption-attachment-885\" class=\"wp-caption-text\">Nd-Yag laser<\/figcaption><\/figure><\/div>\n\t\t\t\t<\/div>\n\t\t\t\t\t\t\t<div class=\"elementor-toggle-item\">\n\t\t\t\t\t<div id=\"elementor-tab-title-1705\" class=\"elementor-tab-title\" data-tab=\"5\" role=\"tab\" aria-controls=\"elementor-tab-content-1705\">\n\t\t\t\t\t\t\t\t\t\t\t\t<span class=\"elementor-toggle-icon elementor-toggle-icon-right\" aria-hidden=\"true\">\n\t\t\t\t\t\t\t\t\t\t\t\t\t\t\t<span class=\"elementor-toggle-icon-closed\"><i class=\"fas fa-caret-right\"><\/i><\/span>\n\t\t\t\t\t\t\t\t<span class=\"elementor-toggle-icon-opened\"><i class=\"elementor-toggle-icon-opened fas fa-caret-up\"><\/i><\/span>\n\t\t\t\t\t\t\t\t\t\t\t\t\t<\/span>\n\t\t\t\t\t\t\t\t\t\t\t\t<a href=\"\" class=\"elementor-toggle-title\">IPL treatments<\/a>\n\t\t\t\t\t<\/div>\n\t\t\t\t\t<div id=\"elementor-tab-content-1705\" class=\"elementor-tab-content elementor-clearfix\" data-tab=\"5\" role=\"tabpanel\" aria-labelledby=\"elementor-tab-title-1705\"><p>This intense pulse light equipment is a brand new,  modern device. With exchangeable filters we can lighten pigment disorders. Capillary treatment, rejuvenation, hair removal are also possible. We can treat inflammed acne as well.  The above mentioned therapies consist of 6-8 sessions to reach a good result. It\u2019s not recommended to use an IPL device during the summer.<\/p><figure id=\"attachment_766\" aria-describedby=\"caption-attachment-766\" style=\"width: 800px\" class=\"wp-caption alignnone\"><img loading=\"lazy\" decoding=\"async\" class=\"size-large wp-image-766\" src=\"https:\/\/telederma.hu\/wp-content\/uploads\/2020\/10\/IPL-4-scaled-1024x683.jpg\" alt=\"\" width=\"800\" height=\"534\" srcset=\"https:\/\/telederma.hu\/wp-content\/uploads\/2020\/10\/IPL-4-scaled-1024x683.jpg 1024w, https:\/\/telederma.hu\/wp-content\/uploads\/2020\/10\/IPL-4-scaled-300x200.jpg 300w, https:\/\/telederma.hu\/wp-content\/uploads\/2020\/10\/IPL-4-scaled-768x512.jpg 768w, https:\/\/telederma.hu\/wp-content\/uploads\/2020\/10\/IPL-4-scaled-1536x1024.jpg 1536w, https:\/\/telederma.hu\/wp-content\/uploads\/2020\/10\/IPL-4-scaled-2048x1366.jpg 2048w\" sizes=\"(max-width: 800px) 100vw, 800px\" \/><figcaption id=\"caption-attachment-766\" class=\"wp-caption-text\">IPL treatments<\/figcaption><\/figure><\/div>\n\t\t\t\t<\/div>\n\t\t\t\t\t\t\t<div class=\"elementor-toggle-item\">\n\t\t\t\t\t<div id=\"elementor-tab-title-1706\" class=\"elementor-tab-title\" data-tab=\"6\" role=\"tab\" aria-controls=\"elementor-tab-content-1706\">\n\t\t\t\t\t\t\t\t\t\t\t\t<span class=\"elementor-toggle-icon elementor-toggle-icon-right\" aria-hidden=\"true\">\n\t\t\t\t\t\t\t\t\t\t\t\t\t\t\t<span class=\"elementor-toggle-icon-closed\"><i class=\"fas fa-caret-right\"><\/i><\/span>\n\t\t\t\t\t\t\t\t<span class=\"elementor-toggle-icon-opened\"><i class=\"elementor-toggle-icon-opened fas fa-caret-up\"><\/i><\/span>\n\t\t\t\t\t\t\t\t\t\t\t\t\t<\/span>\n\t\t\t\t\t\t\t\t\t\t\t\t<a href=\"\" class=\"elementor-toggle-title\">Q-SWITCHED Nd:YAG TATTOO REMOVAL LASER<\/a>\n\t\t\t\t\t<\/div>\n\t\t\t\t\t<div id=\"elementor-tab-content-1706\" class=\"elementor-tab-content elementor-clearfix\" data-tab=\"6\" role=\"tabpanel\" aria-labelledby=\"elementor-tab-title-1706\"><div><div><p>The laser light is absorbed by pigment particles, breaking them apart; after healing, further layers can be treated.\nIt usually requires 4\u20138 monthly sessions depending on pigment density and depth.<\/p><\/div><\/div><\/div>\n\t\t\t\t<\/div>\n\t\t\t\t\t<\/div>\n\t\t\t\t<\/div>\n\t\t\t\t<\/div>\n\t\t\t\t\t\t<\/div>\n\t\t\t\t\t<\/div>\n\t\t<\/div>\n\t\t\t\t\t\t\t\t<\/div>\n\t\t\t\t\t<\/div>\n\t\t<\/section>\n\t\t\t\t<section class=\"elementor-section elementor-top-section elementor-element elementor-element-6789b3df elementor-section-boxed elementor-section-height-default elementor-section-height-default\" data-id=\"6789b3df\" data-element_type=\"section\" data-settings=\"{&quot;background_background&quot;:&quot;classic&quot;,&quot;shape_divider_bottom&quot;:&quot;tilt&quot;,&quot;_ha_eqh_enable&quot;:false}\">\n\t\t\t\t\t<div class=\"elementor-shape elementor-shape-bottom\" data-negative=\"false\">\n\t\t\t<svg xmlns=\"http:\/\/www.w3.org\/2000\/svg\" viewbox=\"0 0 1000 100\" preserveaspectratio=\"none\">\n\t<path class=\"elementor-shape-fill\" d=\"M0,6V0h1000v100L0,6z\"\/>\n<\/svg>\t\t<\/div>\n\t\t\t\t\t<div class=\"elementor-container elementor-column-gap-default\">\n\t\t\t\t\t\t\t<div class=\"elementor-row\">\n\t\t\t\t\t<div class=\"elementor-column elementor-col-100 elementor-top-column elementor-element elementor-element-6261f5a9\" data-id=\"6261f5a9\" data-element_type=\"column\">\n\t\t\t<div class=\"elementor-column-wrap elementor-element-populated\">\n\t\t\t\t\t\t\t<div class=\"elementor-widget-wrap\">\n\t\t\t\t\t\t<div data-ha-element-link=\"{&quot;url&quot;:&quot;javascript:history.back()&quot;,&quot;is_external&quot;:&quot;&quot;,&quot;nofollow&quot;:&quot;&quot;,&quot;custom_attributes&quot;:&quot;&quot;}\" style=\"cursor: pointer\" class=\"elementor-element elementor-element-7317a5b elementor-align-center elementor-widget elementor-widget-button\" data-id=\"7317a5b\" data-element_type=\"widget\" data-widget_type=\"button.default\">\n\t\t\t\t<div class=\"elementor-widget-container\">\n\t\t\t\t\t<div class=\"elementor-button-wrapper\">\n\t\t\t<a class=\"elementor-button elementor-size-sm\" role=\"button\">\n\t\t\t\t\t\t<span class=\"elementor-button-content-wrapper\">\n\t\t\t\t\t\t<span class=\"elementor-button-text\">Back<\/span>\n\t\t<\/span>\n\t\t\t\t\t<\/a>\n\t\t<\/div>\n\t\t\t\t<\/div>\n\t\t\t\t<\/div>\n\t\t\t\t\t\t<\/div>\n\t\t\t\t\t<\/div>\n\t\t<\/div>\n\t\t\t\t\t\t\t\t<\/div>\n\t\t\t\t\t<\/div>\n\t\t<\/section>\n\t\t\t\t\t\t<\/div>\n\t\t\t\t\t\t<\/div>\n\t\t\t\t\t<\/div>","protected":false},"excerpt":{"rendered":"<p>L\u00e9zergy\u00f3gy\u00e1szat rendel\u0151nkben folyamatosan b\u0151v\u00fcl\u0151 l\u00e9zerparkkal dolgozunk L\u00e1gy l\u00e9zer L\u00e1gy l\u00e9zerrel herpes ut\u00e1ni gyulladt foltok, f\u00e1jdalmas apht\u00e1k, sebek gy\u00f3gy\u00edthat\u00f3k. la\u0301gy le\u0301zer Co2 l\u00e9zer Co2 l\u00e9zerrel apr\u00f3bb n\u00f6ved\u00e9kek, b\u0151rfelsz\u00edni megvastagod\u00e1sok, bizonyos anyajegyek, szem\u00f6lcs\u00f6k t\u00e1vol\u00edthat\u00f3k el. \u00c9rz\u00e9stelen\u00edt\u00e9sben , v\u00e9d\u0151szem\u00fcveg visel\u00e9s\u00e9vel elv\u00e9gezhet\u0151 kezel\u00e9sek. A k\u00eds\u00e9r\u0151 is v\u00e9d\u0151szem\u00fcveget kap, t\u00f6bb k\u00eds\u00e9r\u0151 a kezel\u0151 helys\u00e9gben nem tart\u00f3zkodhat. Frakcion\u00e1lt modulj\u00e1val eszt\u00e9tikai kezel\u00e9seket: [&hellip;]<\/p>","protected":false},"author":4,"featured_media":0,"parent":0,"menu_order":0,"comment_status":"closed","ping_status":"closed","template":"elementor_header_footer","meta":{"footnotes":""},"_links":{"self":[{"href":"https:\/\/telederma.hu\/en\/wp-json\/wp\/v2\/pages\/352"}],"collection":[{"href":"https:\/\/telederma.hu\/en\/wp-json\/wp\/v2\/pages"}],"about":[{"href":"https:\/\/telederma.hu\/en\/wp-json\/wp\/v2\/types\/page"}],"author":[{"embeddable":true,"href":"https:\/\/telederma.hu\/en\/wp-json\/wp\/v2\/users\/4"}],"replies":[{"embeddable":true,"href":"https:\/\/telederma.hu\/en\/wp-json\/wp\/v2\/comments?post=352"}],"version-history":[{"count":18,"href":"https:\/\/telederma.hu\/en\/wp-json\/wp\/v2\/pages\/352\/revisions"}],"predecessor-version":[{"id":2402,"href":"https:\/\/telederma.hu\/en\/wp-json\/wp\/v2\/pages\/352\/revisions\/2402"}],"wp:attachment":[{"href":"https:\/\/telederma.hu\/en\/wp-json\/wp\/v2\/media?parent=352"}],"curies":[{"name":"wp","href":"https:\/\/api.w.org\/{rel}","templated":true}]}}