{"id":357,"date":"2020-09-17T16:09:43","date_gmt":"2020-09-17T16:09:43","guid":{"rendered":"https:\/\/telederma.hu\/?page_id=357"},"modified":"2020-10-26T08:00:41","modified_gmt":"2020-10-26T08:00:41","slug":"alakformalas","status":"publish","type":"page","link":"https:\/\/telederma.hu\/en\/alakformalas\/","title":{"rendered":"alakformalas"},"content":{"rendered":"<div data-elementor-type=\"wp-page\" data-elementor-id=\"357\" class=\"elementor elementor-357\" data-elementor-settings=\"[]\">\n\t\t\t\t\t\t<div class=\"elementor-inner\">\n\t\t\t\t\t\t\t<div class=\"elementor-section-wrap\">\n\t\t\t\t\t\t\t<section class=\"elementor-section elementor-top-section elementor-element elementor-element-3da7b459 elementor-section-full_width elementor-section-height-min-height elementor-section-items-stretch elementor-section-content-bottom elementor-section-height-default\" data-id=\"3da7b459\" data-element_type=\"section\" data-settings=\"{&quot;shape_divider_top&quot;:&quot;tilt&quot;,&quot;_ha_eqh_enable&quot;:false}\">\n\t\t\t\t\t<div class=\"elementor-shape elementor-shape-top\" data-negative=\"false\">\n\t\t\t<svg xmlns=\"http:\/\/www.w3.org\/2000\/svg\" viewbox=\"0 0 1000 100\" preserveaspectratio=\"none\">\n\t<path class=\"elementor-shape-fill\" d=\"M0,6V0h1000v100L0,6z\"\/>\n<\/svg>\t\t<\/div>\n\t\t\t\t\t<div class=\"elementor-container elementor-column-gap-no\">\n\t\t\t\t\t\t\t<div class=\"elementor-row\">\n\t\t\t\t\t<div class=\"elementor-column elementor-col-50 elementor-top-column elementor-element elementor-element-635f05fb\" data-id=\"635f05fb\" data-element_type=\"column\" data-settings=\"{&quot;background_background&quot;:&quot;classic&quot;}\">\n\t\t\t<div class=\"elementor-column-wrap elementor-element-populated\">\n\t\t\t\t\t\t\t<div class=\"elementor-widget-wrap\">\n\t\t\t\t\t\t<div class=\"elementor-element elementor-element-16757767 elementor-widget elementor-widget-heading\" data-id=\"16757767\" data-element_type=\"widget\" data-widget_type=\"heading.default\">\n\t\t\t\t<div class=\"elementor-widget-container\">\n\t\t\t<h2 class=\"elementor-heading-title elementor-size-default\">Body shaping<\/h2>\t\t<\/div>\n\t\t\t\t<\/div>\n\t\t\t\t<div class=\"elementor-element elementor-element-58cf8c34 elementor-widget elementor-widget-text-editor\" data-id=\"58cf8c34\" data-element_type=\"widget\" data-widget_type=\"text-editor.default\">\n\t\t\t\t<div class=\"elementor-widget-container\">\n\t\t\t\t\t<div class=\"elementor-text-editor elementor-clearfix\"><p>The shape you have always dreamed of!<\/p><\/div>\n\t\t\t\t<\/div>\n\t\t\t\t<\/div>\n\t\t\t\t\t\t<\/div>\n\t\t\t\t\t<\/div>\n\t\t<\/div>\n\t\t\t\t<div class=\"elementor-column elementor-col-50 elementor-top-column elementor-element elementor-element-592fd9a\" data-id=\"592fd9a\" data-element_type=\"column\">\n\t\t\t<div class=\"elementor-column-wrap elementor-element-populated\">\n\t\t\t\t\t\t\t<div class=\"elementor-widget-wrap\">\n\t\t\t\t\t\t<div class=\"elementor-element elementor-element-3c5bb178 elementor-widget elementor-widget-theme-post-featured-image elementor-widget-image\" data-id=\"3c5bb178\" data-element_type=\"widget\" data-widget_type=\"theme-post-featured-image.default\">\n\t\t\t\t<div class=\"elementor-widget-container\">\n\t\t\t\t\t<div class=\"elementor-image\">\n\t\t\t\t\t\t\t\t\t\t<img loading=\"lazy\" decoding=\"async\" width=\"388\" height=\"517\" src=\"https:\/\/telederma.hu\/wp-content\/uploads\/2020\/06\/Alakformalas.png\" class=\"attachment-large size-large\" alt=\"\" srcset=\"https:\/\/telederma.hu\/wp-content\/uploads\/2020\/06\/Alakformalas.png 388w, https:\/\/telederma.hu\/wp-content\/uploads\/2020\/06\/Alakformalas-225x300.png 225w\" sizes=\"(max-width: 388px) 100vw, 388px\" \/>\t\t\t\t\t\t\t\t\t\t\t<\/div>\n\t\t\t\t<\/div>\n\t\t\t\t<\/div>\n\t\t\t\t\t\t<\/div>\n\t\t\t\t\t<\/div>\n\t\t<\/div>\n\t\t\t\t\t\t\t\t<\/div>\n\t\t\t\t\t<\/div>\n\t\t<\/section>\n\t\t\t\t<section class=\"elementor-section elementor-top-section elementor-element elementor-element-74631f5a elementor-section-content-middle elementor-section-boxed elementor-section-height-default elementor-section-height-default\" data-id=\"74631f5a\" data-element_type=\"section\" data-settings=\"{&quot;background_background&quot;:&quot;classic&quot;,&quot;shape_divider_top&quot;:&quot;tilt&quot;,&quot;_ha_eqh_enable&quot;:false}\">\n\t\t\t\t\t<div class=\"elementor-shape elementor-shape-top\" data-negative=\"false\">\n\t\t\t<svg xmlns=\"http:\/\/www.w3.org\/2000\/svg\" viewbox=\"0 0 1000 100\" preserveaspectratio=\"none\">\n\t<path class=\"elementor-shape-fill\" d=\"M0,6V0h1000v100L0,6z\"\/>\n<\/svg>\t\t<\/div>\n\t\t\t\t\t<div class=\"elementor-container elementor-column-gap-no\">\n\t\t\t\t\t\t\t<div class=\"elementor-row\">\n\t\t\t\t\t<div class=\"elementor-column elementor-col-100 elementor-top-column elementor-element elementor-element-5fb16316\" data-id=\"5fb16316\" data-element_type=\"column\" data-settings=\"{&quot;background_background&quot;:&quot;classic&quot;}\">\n\t\t\t<div class=\"elementor-column-wrap elementor-element-populated\">\n\t\t\t\t\t\t\t<div class=\"elementor-widget-wrap\">\n\t\t\t\t\t\t<div class=\"elementor-element elementor-element-1f3a71f1 elementor-widget elementor-widget-toggle\" data-id=\"1f3a71f1\" data-element_type=\"widget\" data-widget_type=\"toggle.default\">\n\t\t\t\t<div class=\"elementor-widget-container\">\n\t\t\t\t\t<div class=\"elementor-toggle\" role=\"tablist\">\n\t\t\t\t\t\t\t<div class=\"elementor-toggle-item\">\n\t\t\t\t\t<div id=\"elementor-tab-title-5231\" class=\"elementor-tab-title\" data-tab=\"1\" role=\"tab\" aria-controls=\"elementor-tab-content-5231\">\n\t\t\t\t\t\t\t\t\t\t\t\t<span class=\"elementor-toggle-icon elementor-toggle-icon-right\" aria-hidden=\"true\">\n\t\t\t\t\t\t\t\t\t\t\t\t\t\t\t<span class=\"elementor-toggle-icon-closed\"><i class=\"fas fa-caret-right\"><\/i><\/span>\n\t\t\t\t\t\t\t\t<span class=\"elementor-toggle-icon-opened\"><i class=\"elementor-toggle-icon-opened fas fa-caret-up\"><\/i><\/span>\n\t\t\t\t\t\t\t\t\t\t\t\t\t<\/span>\n\t\t\t\t\t\t\t\t\t\t\t\t<a href=\"\" class=\"elementor-toggle-title\">Fat disolving<\/a>\n\t\t\t\t\t<\/div>\n\t\t\t\t\t<div id=\"elementor-tab-content-5231\" class=\"elementor-tab-content elementor-clearfix\" data-tab=\"1\" role=\"tabpanel\" aria-labelledby=\"elementor-tab-title-5231\"><p>Fat disolving: little surplus fat depositions (double chin, belly, hips, knees, buttocks) can be reduced by tiny lipolytic injections after topical lidocain cream anaesthesia. The materials used are bile acids and derivates, that can  disolve the fat, as well as transporting materials, that can help the disolved fat to reach the lymphatic system (Sagoni Melt, Derma stabilon, PPC+, L-Carnitine, Artichoke, Coffeine, Bellkira). We have one session in 3 weeks, 3-4 occasions can give visible results. It is not adviced to  put on weight during the treatment, the result is visible, when the patient\u2019s weight is constant. We use different coctails for the various areas. The volume of the materials and the price of the therapy depend on the area to be treated.  Preliminary consultation is necessary before the individual therapy. After the therapy we cover the area by a fenestrated bandage. Bathing is possible only on the following day. Haematoms may be seen, that disappear within a week.<br \/><br \/><\/p><figure id=\"attachment_889\" aria-describedby=\"caption-attachment-889\" style=\"width: 800px\" class=\"wp-caption alignnone\"><img loading=\"lazy\" decoding=\"async\" class=\"size-large wp-image-889\" src=\"https:\/\/telederma.hu\/wp-content\/uploads\/2020\/10\/inj-lipoli\u0301zis-2-1024x683.jpg\" alt=\"\" width=\"800\" height=\"534\" srcset=\"https:\/\/telederma.hu\/wp-content\/uploads\/2020\/10\/inj-lipoli\u0301zis-2-1024x683.jpg 1024w, https:\/\/telederma.hu\/wp-content\/uploads\/2020\/10\/inj-lipoli\u0301zis-2-300x200.jpg 300w, https:\/\/telederma.hu\/wp-content\/uploads\/2020\/10\/inj-lipoli\u0301zis-2-768x512.jpg 768w, https:\/\/telederma.hu\/wp-content\/uploads\/2020\/10\/inj-lipoli\u0301zis-2-1536x1024.jpg 1536w, https:\/\/telederma.hu\/wp-content\/uploads\/2020\/10\/inj-lipoli\u0301zis-2-2048x1365.jpg 2048w\" sizes=\"(max-width: 800px) 100vw, 800px\" \/><figcaption id=\"caption-attachment-889\" class=\"wp-caption-text\">Fat disolving<\/figcaption><\/figure><\/div>\n\t\t\t\t<\/div>\n\t\t\t\t\t\t\t<div class=\"elementor-toggle-item\">\n\t\t\t\t\t<div id=\"elementor-tab-title-5232\" class=\"elementor-tab-title\" data-tab=\"2\" role=\"tab\" aria-controls=\"elementor-tab-content-5232\">\n\t\t\t\t\t\t\t\t\t\t\t\t<span class=\"elementor-toggle-icon elementor-toggle-icon-right\" aria-hidden=\"true\">\n\t\t\t\t\t\t\t\t\t\t\t\t\t\t\t<span class=\"elementor-toggle-icon-closed\"><i class=\"fas fa-caret-right\"><\/i><\/span>\n\t\t\t\t\t\t\t\t<span class=\"elementor-toggle-icon-opened\"><i class=\"elementor-toggle-icon-opened fas fa-caret-up\"><\/i><\/span>\n\t\t\t\t\t\t\t\t\t\t\t\t\t<\/span>\n\t\t\t\t\t\t\t\t\t\t\t\t<a href=\"\" class=\"elementor-toggle-title\">Cellulite treatment <\/a>\n\t\t\t\t\t<\/div>\n\t\t\t\t\t<div id=\"elementor-tab-content-5232\" class=\"elementor-tab-content elementor-clearfix\" data-tab=\"2\" role=\"tabpanel\" aria-labelledby=\"elementor-tab-title-5232\"><p>An individual blending of radiofrequency, vacuum and ultrasound is effective for thightening the loose skin after pregnancy and fat disolving.  After 6-8 occasions the special medical device (Cavital WRC) mobilises the fat, strengthens the skin and accelerates the lymphatic circulation. Repetition of the treatment is recommended once in 2 weeks. Preliminary examination of the patient\u2019s  general condition is important to determine the number of treatments necessary.<br \/><br \/><\/p><figure id=\"attachment_893\" aria-describedby=\"caption-attachment-893\" style=\"width: 683px\" class=\"wp-caption alignnone\"><img loading=\"lazy\" decoding=\"async\" class=\"size-large wp-image-893\" src=\"https:\/\/telederma.hu\/wp-content\/uploads\/2020\/10\/Cavital-WRC-683x1024.jpg\" alt=\"\" width=\"683\" height=\"1024\" srcset=\"https:\/\/telederma.hu\/wp-content\/uploads\/2020\/10\/Cavital-WRC-683x1024.jpg 683w, https:\/\/telederma.hu\/wp-content\/uploads\/2020\/10\/Cavital-WRC-200x300.jpg 200w, https:\/\/telederma.hu\/wp-content\/uploads\/2020\/10\/Cavital-WRC-768x1152.jpg 768w, https:\/\/telederma.hu\/wp-content\/uploads\/2020\/10\/Cavital-WRC-1024x1536.jpg 1024w, https:\/\/telederma.hu\/wp-content\/uploads\/2020\/10\/Cavital-WRC-1365x2048.jpg 1365w, https:\/\/telederma.hu\/wp-content\/uploads\/2020\/10\/Cavital-WRC-scaled.jpg 1707w\" sizes=\"(max-width: 683px) 100vw, 683px\" \/><figcaption id=\"caption-attachment-893\" class=\"wp-caption-text\">Cavital WRC<\/figcaption><\/figure><\/div>\n\t\t\t\t<\/div>\n\t\t\t\t\t\t\t<div class=\"elementor-toggle-item\">\n\t\t\t\t\t<div id=\"elementor-tab-title-5233\" class=\"elementor-tab-title\" data-tab=\"3\" role=\"tab\" aria-controls=\"elementor-tab-content-5233\">\n\t\t\t\t\t\t\t\t\t\t\t\t<span class=\"elementor-toggle-icon elementor-toggle-icon-right\" aria-hidden=\"true\">\n\t\t\t\t\t\t\t\t\t\t\t\t\t\t\t<span class=\"elementor-toggle-icon-closed\"><i class=\"fas fa-caret-right\"><\/i><\/span>\n\t\t\t\t\t\t\t\t<span class=\"elementor-toggle-icon-opened\"><i class=\"elementor-toggle-icon-opened fas fa-caret-up\"><\/i><\/span>\n\t\t\t\t\t\t\t\t\t\t\t\t\t<\/span>\n\t\t\t\t\t\t\t\t\t\t\t\t<a href=\"\" class=\"elementor-toggle-title\">Skin tightening with a roller<\/a>\n\t\t\t\t\t<\/div>\n\t\t\t\t\t<div id=\"elementor-tab-content-5233\" class=\"elementor-tab-content elementor-clearfix\" data-tab=\"3\" role=\"tabpanel\" aria-labelledby=\"elementor-tab-title-5233\"><p>Skin tightening with a roller and electroporator: a thinner skin can be strengthened by several tiny punctures using topical lidocain creme anaesthesia. After the roller strenghtening coctails are administered by an electroporator.  Large areas, like the thighs, belly can be treated by a roller. The effective result will be seen after 3-4 occassions with one treatment in 5-8 weeks. We cover the treated area by a skin friendly covering . In order to allow the solution penetrate the surface , the treated area may not be exposed to water for 12 hours.<br \/><br \/><\/p><figure id=\"attachment_891\" aria-describedby=\"caption-attachment-891\" style=\"width: 800px\" class=\"wp-caption alignnone\"><img loading=\"lazy\" decoding=\"async\" class=\"size-large wp-image-891\" src=\"https:\/\/telederma.hu\/wp-content\/uploads\/2020\/10\/testkezelo\u030b-roller-2-1024x683.jpg\" alt=\"\" width=\"800\" height=\"534\" srcset=\"https:\/\/telederma.hu\/wp-content\/uploads\/2020\/10\/testkezelo\u030b-roller-2-1024x683.jpg 1024w, https:\/\/telederma.hu\/wp-content\/uploads\/2020\/10\/testkezelo\u030b-roller-2-300x200.jpg 300w, https:\/\/telederma.hu\/wp-content\/uploads\/2020\/10\/testkezelo\u030b-roller-2-768x512.jpg 768w, https:\/\/telederma.hu\/wp-content\/uploads\/2020\/10\/testkezelo\u030b-roller-2-1536x1024.jpg 1536w, https:\/\/telederma.hu\/wp-content\/uploads\/2020\/10\/testkezelo\u030b-roller-2-2048x1365.jpg 2048w\" sizes=\"(max-width: 800px) 100vw, 800px\" \/><figcaption id=\"caption-attachment-891\" class=\"wp-caption-text\">Skin tightening with a roller<\/figcaption><\/figure><\/div>\n\t\t\t\t<\/div>\n\t\t\t\t\t<\/div>\n\t\t\t\t<\/div>\n\t\t\t\t<\/div>\n\t\t\t\t\t\t<\/div>\n\t\t\t\t\t<\/div>\n\t\t<\/div>\n\t\t\t\t\t\t\t\t<\/div>\n\t\t\t\t\t<\/div>\n\t\t<\/section>\n\t\t\t\t<section class=\"elementor-section elementor-top-section elementor-element elementor-element-5ab71265 elementor-section-boxed elementor-section-height-default elementor-section-height-default\" data-id=\"5ab71265\" data-element_type=\"section\" data-settings=\"{&quot;background_background&quot;:&quot;classic&quot;,&quot;shape_divider_bottom&quot;:&quot;tilt&quot;,&quot;_ha_eqh_enable&quot;:false}\">\n\t\t\t\t\t<div class=\"elementor-shape elementor-shape-bottom\" data-negative=\"false\">\n\t\t\t<svg xmlns=\"http:\/\/www.w3.org\/2000\/svg\" viewbox=\"0 0 1000 100\" preserveaspectratio=\"none\">\n\t<path class=\"elementor-shape-fill\" d=\"M0,6V0h1000v100L0,6z\"\/>\n<\/svg>\t\t<\/div>\n\t\t\t\t\t<div class=\"elementor-container elementor-column-gap-default\">\n\t\t\t\t\t\t\t<div class=\"elementor-row\">\n\t\t\t\t\t<div class=\"elementor-column elementor-col-100 elementor-top-column elementor-element elementor-element-41e11eb0\" data-id=\"41e11eb0\" data-element_type=\"column\">\n\t\t\t<div class=\"elementor-column-wrap elementor-element-populated\">\n\t\t\t\t\t\t\t<div class=\"elementor-widget-wrap\">\n\t\t\t\t\t\t<div data-ha-element-link=\"{&quot;url&quot;:&quot;javascript:history.back()&quot;,&quot;is_external&quot;:&quot;&quot;,&quot;nofollow&quot;:&quot;&quot;,&quot;custom_attributes&quot;:&quot;&quot;}\" style=\"cursor: pointer\" class=\"elementor-element elementor-element-35ce42b elementor-align-center elementor-widget elementor-widget-button\" data-id=\"35ce42b\" data-element_type=\"widget\" data-widget_type=\"button.default\">\n\t\t\t\t<div class=\"elementor-widget-container\">\n\t\t\t\t\t<div class=\"elementor-button-wrapper\">\n\t\t\t<a class=\"elementor-button elementor-size-sm\" role=\"button\">\n\t\t\t\t\t\t<span class=\"elementor-button-content-wrapper\">\n\t\t\t\t\t\t<span class=\"elementor-button-text\">Back<\/span>\n\t\t<\/span>\n\t\t\t\t\t<\/a>\n\t\t<\/div>\n\t\t\t\t<\/div>\n\t\t\t\t<\/div>\n\t\t\t\t\t\t<\/div>\n\t\t\t\t\t<\/div>\n\t\t<\/div>\n\t\t\t\t\t\t\t\t<\/div>\n\t\t\t\t\t<\/div>\n\t\t<\/section>\n\t\t\t\t\t\t<\/div>\n\t\t\t\t\t\t<\/div>\n\t\t\t\t\t<\/div>","protected":false},"excerpt":{"rendered":"<p>Alakform\u00e1l\u00e1s Az \u00e1lomalak el\u00e9rhet\u0151! Injekci\u00f3s lipolysis Injekci\u00f3s lipolysis: kisebb lefogyhatatlan zs\u00edrp\u00e1rn\u00e1k (toka, has, tompor, t\u00e9rd, combok) fel\u00fcleti lidokain kr\u00e9mes \u00e9rz\u00e9stelen\u00edt\u00e9s ut\u00e1n apr\u00f3 zs\u00edrold\u00f3 injekci\u00f3kkal cs\u00f6kkenthet\u0151k (Sagoni melt, Derma stabilon, PPC+, L-carnitin, Artics\u00f3ka, Coffein, Bellkira). A hat\u00f3anyagok az epesav zs\u00edrold\u00f3 hat\u00e1s\u00e1n alapulnak, kieg\u00e9sz\u00edtve az oldott zs\u00edr elsz\u00e1ll\u00edt\u00e1s\u00e1t seg\u00edt\u0151 anyagokkal. 3-4 kezel\u00e9s ad eredm\u00e9nyt. A kezel\u00e9sek k\u00f6z\u00f6tt [&hellip;]<\/p>","protected":false},"author":4,"featured_media":0,"parent":0,"menu_order":0,"comment_status":"closed","ping_status":"closed","template":"elementor_header_footer","meta":{"footnotes":""},"_links":{"self":[{"href":"https:\/\/telederma.hu\/en\/wp-json\/wp\/v2\/pages\/357"}],"collection":[{"href":"https:\/\/telederma.hu\/en\/wp-json\/wp\/v2\/pages"}],"about":[{"href":"https:\/\/telederma.hu\/en\/wp-json\/wp\/v2\/types\/page"}],"author":[{"embeddable":true,"href":"https:\/\/telederma.hu\/en\/wp-json\/wp\/v2\/users\/4"}],"replies":[{"embeddable":true,"href":"https:\/\/telederma.hu\/en\/wp-json\/wp\/v2\/comments?post=357"}],"version-history":[{"count":9,"href":"https:\/\/telederma.hu\/en\/wp-json\/wp\/v2\/pages\/357\/revisions"}],"predecessor-version":[{"id":894,"href":"https:\/\/telederma.hu\/en\/wp-json\/wp\/v2\/pages\/357\/revisions\/894"}],"wp:attachment":[{"href":"https:\/\/telederma.hu\/en\/wp-json\/wp\/v2\/media?parent=357"}],"curies":[{"name":"wp","href":"https:\/\/api.w.org\/{rel}","templated":true}]}}