{"id":363,"date":"2020-09-17T16:17:08","date_gmt":"2020-09-17T16:17:08","guid":{"rendered":"https:\/\/telederma.hu\/?page_id=363"},"modified":"2024-03-06T16:01:12","modified_gmt":"2024-03-06T16:01:12","slug":"anyajegyszures","status":"publish","type":"page","link":"https:\/\/telederma.hu\/en\/anyajegyszures\/","title":{"rendered":"anyajegyszures"},"content":{"rendered":"<div data-elementor-type=\"wp-page\" data-elementor-id=\"363\" class=\"elementor elementor-363\" data-elementor-settings=\"[]\">\n\t\t\t\t\t\t<div class=\"elementor-inner\">\n\t\t\t\t\t\t\t<div class=\"elementor-section-wrap\">\n\t\t\t\t\t\t\t<section class=\"elementor-section elementor-top-section elementor-element elementor-element-34ac4e42 elementor-section-full_width elementor-section-height-min-height elementor-section-items-stretch elementor-section-content-bottom elementor-section-height-default\" data-id=\"34ac4e42\" data-element_type=\"section\" data-settings=\"{&quot;shape_divider_top&quot;:&quot;tilt&quot;,&quot;_ha_eqh_enable&quot;:false}\">\n\t\t\t\t\t<div class=\"elementor-shape elementor-shape-top\" data-negative=\"false\">\n\t\t\t<svg xmlns=\"http:\/\/www.w3.org\/2000\/svg\" viewbox=\"0 0 1000 100\" preserveaspectratio=\"none\">\n\t<path class=\"elementor-shape-fill\" d=\"M0,6V0h1000v100L0,6z\"\/>\n<\/svg>\t\t<\/div>\n\t\t\t\t\t<div class=\"elementor-container elementor-column-gap-no\">\n\t\t\t\t\t\t\t<div class=\"elementor-row\">\n\t\t\t\t\t<div class=\"elementor-column elementor-col-50 elementor-top-column elementor-element elementor-element-5a52a5\" data-id=\"5a52a5\" data-element_type=\"column\" data-settings=\"{&quot;background_background&quot;:&quot;classic&quot;}\">\n\t\t\t<div class=\"elementor-column-wrap elementor-element-populated\">\n\t\t\t\t\t\t\t<div class=\"elementor-widget-wrap\">\n\t\t\t\t\t\t<div class=\"elementor-element elementor-element-6583a920 elementor-widget elementor-widget-heading\" data-id=\"6583a920\" data-element_type=\"widget\" data-widget_type=\"heading.default\">\n\t\t\t\t<div class=\"elementor-widget-container\">\n\t\t\t<h2 class=\"elementor-heading-title elementor-size-default\">Birthmark screening<\/h2>\t\t<\/div>\n\t\t\t\t<\/div>\n\t\t\t\t<div class=\"elementor-element elementor-element-1222ac56 elementor-widget elementor-widget-text-editor\" data-id=\"1222ac56\" data-element_type=\"widget\" data-widget_type=\"text-editor.default\">\n\t\t\t\t<div class=\"elementor-widget-container\">\n\t\t\t\t\t<div class=\"elementor-text-editor elementor-clearfix\"><p>Manual and digital screening of birthmarks and skin tumors<\/p><\/div>\n\t\t\t\t<\/div>\n\t\t\t\t<\/div>\n\t\t\t\t\t\t<\/div>\n\t\t\t\t\t<\/div>\n\t\t<\/div>\n\t\t\t\t<div class=\"elementor-column elementor-col-50 elementor-top-column elementor-element elementor-element-4f1eaf06\" data-id=\"4f1eaf06\" data-element_type=\"column\">\n\t\t\t<div class=\"elementor-column-wrap elementor-element-populated\">\n\t\t\t\t\t\t\t<div class=\"elementor-widget-wrap\">\n\t\t\t\t\t\t<div class=\"elementor-element elementor-element-33a2cf77 elementor-widget elementor-widget-theme-post-featured-image elementor-widget-image\" data-id=\"33a2cf77\" data-element_type=\"widget\" data-widget_type=\"theme-post-featured-image.default\">\n\t\t\t\t<div class=\"elementor-widget-container\">\n\t\t\t\t\t<div class=\"elementor-image\">\n\t\t\t\t\t\t\t\t\t\t<img loading=\"lazy\" decoding=\"async\" width=\"480\" height=\"320\" src=\"https:\/\/telederma.hu\/wp-content\/uploads\/2020\/09\/Anyajegyek.png\" class=\"attachment-large size-large\" alt=\"\" srcset=\"https:\/\/telederma.hu\/wp-content\/uploads\/2020\/09\/Anyajegyek.png 480w, https:\/\/telederma.hu\/wp-content\/uploads\/2020\/09\/Anyajegyek-300x200.png 300w\" sizes=\"(max-width: 480px) 100vw, 480px\" \/>\t\t\t\t\t\t\t\t\t\t\t<\/div>\n\t\t\t\t<\/div>\n\t\t\t\t<\/div>\n\t\t\t\t\t\t<\/div>\n\t\t\t\t\t<\/div>\n\t\t<\/div>\n\t\t\t\t\t\t\t\t<\/div>\n\t\t\t\t\t<\/div>\n\t\t<\/section>\n\t\t\t\t<section class=\"elementor-section elementor-top-section elementor-element elementor-element-739947ec elementor-section-content-middle elementor-section-boxed elementor-section-height-default elementor-section-height-default\" data-id=\"739947ec\" data-element_type=\"section\" data-settings=\"{&quot;background_background&quot;:&quot;classic&quot;,&quot;shape_divider_top&quot;:&quot;tilt&quot;,&quot;_ha_eqh_enable&quot;:false}\">\n\t\t\t\t\t<div class=\"elementor-shape elementor-shape-top\" data-negative=\"false\">\n\t\t\t<svg xmlns=\"http:\/\/www.w3.org\/2000\/svg\" viewbox=\"0 0 1000 100\" preserveaspectratio=\"none\">\n\t<path class=\"elementor-shape-fill\" d=\"M0,6V0h1000v100L0,6z\"\/>\n<\/svg>\t\t<\/div>\n\t\t\t\t\t<div class=\"elementor-container elementor-column-gap-no\">\n\t\t\t\t\t\t\t<div class=\"elementor-row\">\n\t\t\t\t\t<div class=\"elementor-column elementor-col-100 elementor-top-column elementor-element elementor-element-70e8a5dc\" data-id=\"70e8a5dc\" data-element_type=\"column\" data-settings=\"{&quot;background_background&quot;:&quot;classic&quot;}\">\n\t\t\t<div class=\"elementor-column-wrap elementor-element-populated\">\n\t\t\t\t\t\t\t<div class=\"elementor-widget-wrap\">\n\t\t\t\t\t\t<div class=\"elementor-element elementor-element-7f728e66 elementor-widget elementor-widget-toggle\" data-id=\"7f728e66\" data-element_type=\"widget\" data-widget_type=\"toggle.default\">\n\t\t\t\t<div class=\"elementor-widget-container\">\n\t\t\t\t\t<div class=\"elementor-toggle\" role=\"tablist\">\n\t\t\t\t\t\t\t<div class=\"elementor-toggle-item\">\n\t\t\t\t\t<div id=\"elementor-tab-title-2131\" class=\"elementor-tab-title\" data-tab=\"1\" role=\"tab\" aria-controls=\"elementor-tab-content-2131\">\n\t\t\t\t\t\t\t\t\t\t\t\t<span class=\"elementor-toggle-icon elementor-toggle-icon-right\" aria-hidden=\"true\">\n\t\t\t\t\t\t\t\t\t\t\t\t\t\t\t<span class=\"elementor-toggle-icon-closed\"><i class=\"fas fa-caret-right\"><\/i><\/span>\n\t\t\t\t\t\t\t\t<span class=\"elementor-toggle-icon-opened\"><i class=\"elementor-toggle-icon-opened fas fa-caret-up\"><\/i><\/span>\n\t\t\t\t\t\t\t\t\t\t\t\t\t<\/span>\n\t\t\t\t\t\t\t\t\t\t\t\t<a href=\"\" class=\"elementor-toggle-title\">BIRTHMARK SCREENING, DERMOSCOPIC EXAMINATION<\/a>\n\t\t\t\t\t<\/div>\n\t\t\t\t\t<div id=\"elementor-tab-content-2131\" class=\"elementor-tab-content elementor-clearfix\" data-tab=\"1\" role=\"tabpanel\" aria-labelledby=\"elementor-tab-title-2131\"><p><strong>Due to increased patient volume, screening and general dermatology are performed by substitute dermatologists to ensure timely procedures.<\/strong><\/p><p class=\" translation-block\">Birthmark screening is a dermoscopical examination of the whole body. This examination is painless with an optical device. The most delicate cases can be examined by digital dermoscopy. We can differentiate between the low and the high risk birthmarks. The latter needs to be extracted by a small excision, or in some cases by laser. Histological examination is included.\nAesthetical birthmark removals are also available.\nWe can remove superficial tissue increments as well.\nPrevious consultation is essential.\nRegular controll of the result is necessary 1-4 times per year, depending on the hystological examination.<\/p><figure id=\"attachment_726\" aria-describedby=\"caption-attachment-726\" style=\"width: 800px\" class=\"wp-caption alignnone\"><img loading=\"lazy\" decoding=\"async\" class=\"size-large wp-image-726\" src=\"https:\/\/telederma.hu\/wp-content\/uploads\/2020\/10\/K.m-3-scaled-1024x683.jpg\" alt=\"\" width=\"800\" height=\"534\" srcset=\"https:\/\/telederma.hu\/wp-content\/uploads\/2020\/10\/K.m-3-scaled-1024x683.jpg 1024w, https:\/\/telederma.hu\/wp-content\/uploads\/2020\/10\/K.m-3-scaled-300x200.jpg 300w, https:\/\/telederma.hu\/wp-content\/uploads\/2020\/10\/K.m-3-scaled-768x512.jpg 768w, https:\/\/telederma.hu\/wp-content\/uploads\/2020\/10\/K.m-3-scaled-1536x1024.jpg 1536w, https:\/\/telederma.hu\/wp-content\/uploads\/2020\/10\/K.m-3-scaled-2048x1366.jpg 2048w\" sizes=\"(max-width: 800px) 100vw, 800px\" \/><figcaption id=\"caption-attachment-726\" class=\"wp-caption-text\">manual dermatoscope<\/figcaption><\/figure><figure id=\"attachment_940\" aria-describedby=\"caption-attachment-940\" style=\"width: 800px\" class=\"wp-caption alignnone\"><img loading=\"lazy\" decoding=\"async\" class=\"size-large wp-image-940\" src=\"https:\/\/telederma.hu\/wp-content\/uploads\/2020\/10\/IMG_4792-1024x683.jpg\" alt=\"\" width=\"800\" height=\"534\" srcset=\"https:\/\/telederma.hu\/wp-content\/uploads\/2020\/10\/IMG_4792-1024x683.jpg 1024w, https:\/\/telederma.hu\/wp-content\/uploads\/2020\/10\/IMG_4792-300x200.jpg 300w, https:\/\/telederma.hu\/wp-content\/uploads\/2020\/10\/IMG_4792-768x512.jpg 768w, https:\/\/telederma.hu\/wp-content\/uploads\/2020\/10\/IMG_4792-1536x1024.jpg 1536w, https:\/\/telederma.hu\/wp-content\/uploads\/2020\/10\/IMG_4792-2048x1365.jpg 2048w\" sizes=\"(max-width: 800px) 100vw, 800px\" \/><figcaption id=\"caption-attachment-940\" class=\"wp-caption-text\">birthmark screening<\/figcaption><\/figure><\/div>\n\t\t\t\t<\/div>\n\t\t\t\t\t<\/div>\n\t\t\t\t<\/div>\n\t\t\t\t<\/div>\n\t\t\t\t\t\t<\/div>\n\t\t\t\t\t<\/div>\n\t\t<\/div>\n\t\t\t\t\t\t\t\t<\/div>\n\t\t\t\t\t<\/div>\n\t\t<\/section>\n\t\t\t\t<section class=\"elementor-section elementor-top-section elementor-element elementor-element-29ebc316 elementor-section-boxed elementor-section-height-default elementor-section-height-default\" data-id=\"29ebc316\" data-element_type=\"section\" data-settings=\"{&quot;background_background&quot;:&quot;classic&quot;,&quot;shape_divider_bottom&quot;:&quot;tilt&quot;,&quot;_ha_eqh_enable&quot;:false}\">\n\t\t\t\t\t<div class=\"elementor-shape elementor-shape-bottom\" data-negative=\"false\">\n\t\t\t<svg xmlns=\"http:\/\/www.w3.org\/2000\/svg\" viewbox=\"0 0 1000 100\" preserveaspectratio=\"none\">\n\t<path class=\"elementor-shape-fill\" d=\"M0,6V0h1000v100L0,6z\"\/>\n<\/svg>\t\t<\/div>\n\t\t\t\t\t<div class=\"elementor-container elementor-column-gap-default\">\n\t\t\t\t\t\t\t<div class=\"elementor-row\">\n\t\t\t\t\t<div class=\"elementor-column elementor-col-100 elementor-top-column elementor-element elementor-element-3b8897da\" data-id=\"3b8897da\" data-element_type=\"column\">\n\t\t\t<div class=\"elementor-column-wrap elementor-element-populated\">\n\t\t\t\t\t\t\t<div class=\"elementor-widget-wrap\">\n\t\t\t\t\t\t<div data-ha-element-link=\"{&quot;url&quot;:&quot;javascript:history.back()&quot;,&quot;is_external&quot;:&quot;&quot;,&quot;nofollow&quot;:&quot;&quot;,&quot;custom_attributes&quot;:&quot;&quot;}\" style=\"cursor: pointer\" class=\"elementor-element elementor-element-93ec975 elementor-align-center elementor-widget elementor-widget-button\" data-id=\"93ec975\" data-element_type=\"widget\" data-widget_type=\"button.default\">\n\t\t\t\t<div class=\"elementor-widget-container\">\n\t\t\t\t\t<div class=\"elementor-button-wrapper\">\n\t\t\t<a class=\"elementor-button elementor-size-sm\" role=\"button\">\n\t\t\t\t\t\t<span class=\"elementor-button-content-wrapper\">\n\t\t\t\t\t\t<span class=\"elementor-button-text\">Back<\/span>\n\t\t<\/span>\n\t\t\t\t\t<\/a>\n\t\t<\/div>\n\t\t\t\t<\/div>\n\t\t\t\t<\/div>\n\t\t\t\t\t\t<\/div>\n\t\t\t\t\t<\/div>\n\t\t<\/div>\n\t\t\t\t\t\t\t\t<\/div>\n\t\t\t\t\t<\/div>\n\t\t<\/section>\n\t\t\t\t\t\t<\/div>\n\t\t\t\t\t\t<\/div>\n\t\t\t\t\t<\/div>","protected":false},"excerpt":{"rendered":"<p>Anyajegysz\u0171r\u00e9s K\u00e9zi \u00e9s digit\u00e1lis anyajegysz\u0171r\u00e9s, b\u0151rtumorok ellen\u0151rz\u00e9se\u200b Anyajegy ellen\u0151rz\u00e9s, b\u0151rr\u00e1k sz\u0171r\u00e9s A megn\u00f6vekedett p\u00e1ciens forgalom miatt a sz\u0171r\u0151vizsg\u00e1latokat \u00e9s az \u00e1ltal\u00e1nos b\u0151rgy\u00f3gy\u00e1szati vizsg\u00e1latokat helyettes\u00edt\u0151\u00a0 b\u0151rgy\u00f3gy\u00e1sz koll\u00e9g\u00e1k v\u00e9gzik annak \u00e9rdek\u00e9ben, hogy a beavatkoz\u00e1sok \u00e9s elt\u00e1vol\u00edt\u00e1sok id\u0151ben elv\u00e9gezhet\u0151ek legyenek. Anyajegy , b\u0151rr\u00e1k sz\u0171r\u00e9sen az eg\u00e9sz test dermatosc\u00f3pos vizsg\u00e1lat\u00e1t \u00e9rtj\u00fck. Ez a vizsg\u00e1lat egy f\u00e1jdalmatlan optikai eszk\u00f6zzel, a [&hellip;]<\/p>","protected":false},"author":4,"featured_media":0,"parent":0,"menu_order":0,"comment_status":"closed","ping_status":"closed","template":"elementor_header_footer","meta":{"footnotes":""},"_links":{"self":[{"href":"https:\/\/telederma.hu\/en\/wp-json\/wp\/v2\/pages\/363"}],"collection":[{"href":"https:\/\/telederma.hu\/en\/wp-json\/wp\/v2\/pages"}],"about":[{"href":"https:\/\/telederma.hu\/en\/wp-json\/wp\/v2\/types\/page"}],"author":[{"embeddable":true,"href":"https:\/\/telederma.hu\/en\/wp-json\/wp\/v2\/users\/4"}],"replies":[{"embeddable":true,"href":"https:\/\/telederma.hu\/en\/wp-json\/wp\/v2\/comments?post=363"}],"version-history":[{"count":13,"href":"https:\/\/telederma.hu\/en\/wp-json\/wp\/v2\/pages\/363\/revisions"}],"predecessor-version":[{"id":1994,"href":"https:\/\/telederma.hu\/en\/wp-json\/wp\/v2\/pages\/363\/revisions\/1994"}],"wp:attachment":[{"href":"https:\/\/telederma.hu\/en\/wp-json\/wp\/v2\/media?parent=363"}],"curies":[{"name":"wp","href":"https:\/\/api.w.org\/{rel}","templated":true}]}}