{"id":368,"date":"2020-09-17T16:26:46","date_gmt":"2020-09-17T16:26:46","guid":{"rendered":"https:\/\/telederma.hu\/?page_id=368"},"modified":"2020-10-28T10:57:16","modified_gmt":"2020-10-28T10:57:16","slug":"erkezelesek","status":"publish","type":"page","link":"https:\/\/telederma.hu\/en\/erkezelesek\/","title":{"rendered":"erkezelesek"},"content":{"rendered":"<div data-elementor-type=\"wp-page\" data-elementor-id=\"368\" class=\"elementor elementor-368\" data-elementor-settings=\"[]\">\n\t\t\t\t\t\t<div class=\"elementor-inner\">\n\t\t\t\t\t\t\t<div class=\"elementor-section-wrap\">\n\t\t\t\t\t\t\t<section class=\"elementor-section elementor-top-section elementor-element elementor-element-1f3a0313 elementor-section-full_width elementor-section-height-min-height elementor-section-items-stretch elementor-section-content-bottom elementor-section-height-default\" data-id=\"1f3a0313\" data-element_type=\"section\" data-settings=\"{&quot;shape_divider_top&quot;:&quot;tilt&quot;,&quot;_ha_eqh_enable&quot;:false}\">\n\t\t\t\t\t<div class=\"elementor-shape elementor-shape-top\" data-negative=\"false\">\n\t\t\t<svg xmlns=\"http:\/\/www.w3.org\/2000\/svg\" viewbox=\"0 0 1000 100\" preserveaspectratio=\"none\">\n\t<path class=\"elementor-shape-fill\" d=\"M0,6V0h1000v100L0,6z\"\/>\n<\/svg>\t\t<\/div>\n\t\t\t\t\t<div class=\"elementor-container elementor-column-gap-no\">\n\t\t\t\t\t\t\t<div class=\"elementor-row\">\n\t\t\t\t\t<div class=\"elementor-column elementor-col-50 elementor-top-column elementor-element elementor-element-2b117c52\" data-id=\"2b117c52\" data-element_type=\"column\" data-settings=\"{&quot;background_background&quot;:&quot;classic&quot;}\">\n\t\t\t<div class=\"elementor-column-wrap elementor-element-populated\">\n\t\t\t\t\t\t\t<div class=\"elementor-widget-wrap\">\n\t\t\t\t\t\t<div class=\"elementor-element elementor-element-78a09e33 elementor-widget elementor-widget-heading\" data-id=\"78a09e33\" data-element_type=\"widget\" data-widget_type=\"heading.default\">\n\t\t\t\t<div class=\"elementor-widget-container\">\n\t\t\t<h2 class=\"elementor-heading-title elementor-size-default\">Capillary treatment<\/h2>\t\t<\/div>\n\t\t\t\t<\/div>\n\t\t\t\t<div class=\"elementor-element elementor-element-507ec18c elementor-widget elementor-widget-text-editor\" data-id=\"507ec18c\" data-element_type=\"widget\" data-widget_type=\"text-editor.default\">\n\t\t\t\t<div class=\"elementor-widget-container\">\n\t\t\t\t\t<div class=\"elementor-text-editor elementor-clearfix\"><p>Rosacea and spider veins disappear<\/p><\/div>\n\t\t\t\t<\/div>\n\t\t\t\t<\/div>\n\t\t\t\t\t\t<\/div>\n\t\t\t\t\t<\/div>\n\t\t<\/div>\n\t\t\t\t<div class=\"elementor-column elementor-col-50 elementor-top-column elementor-element elementor-element-32f69fa3\" data-id=\"32f69fa3\" data-element_type=\"column\">\n\t\t\t<div class=\"elementor-column-wrap elementor-element-populated\">\n\t\t\t\t\t\t\t<div class=\"elementor-widget-wrap\">\n\t\t\t\t\t\t<div class=\"elementor-element elementor-element-202ac72b elementor-widget elementor-widget-theme-post-featured-image elementor-widget-image\" data-id=\"202ac72b\" data-element_type=\"widget\" data-widget_type=\"theme-post-featured-image.default\">\n\t\t\t\t<div class=\"elementor-widget-container\">\n\t\t\t\t\t<div class=\"elementor-image\">\n\t\t\t\t\t\t\t\t\t\t<img loading=\"lazy\" decoding=\"async\" width=\"336\" height=\"378\" src=\"https:\/\/telederma.hu\/wp-content\/uploads\/2020\/09\/Keringesi_zavarok.png\" class=\"attachment-large size-large\" alt=\"\" srcset=\"https:\/\/telederma.hu\/wp-content\/uploads\/2020\/09\/Keringesi_zavarok.png 336w, https:\/\/telederma.hu\/wp-content\/uploads\/2020\/09\/Keringesi_zavarok-267x300.png 267w\" sizes=\"(max-width: 336px) 100vw, 336px\" \/>\t\t\t\t\t\t\t\t\t\t\t<\/div>\n\t\t\t\t<\/div>\n\t\t\t\t<\/div>\n\t\t\t\t\t\t<\/div>\n\t\t\t\t\t<\/div>\n\t\t<\/div>\n\t\t\t\t\t\t\t\t<\/div>\n\t\t\t\t\t<\/div>\n\t\t<\/section>\n\t\t\t\t<section class=\"elementor-section elementor-top-section elementor-element elementor-element-117e029 elementor-section-content-middle elementor-section-boxed elementor-section-height-default elementor-section-height-default\" data-id=\"117e029\" data-element_type=\"section\" data-settings=\"{&quot;background_background&quot;:&quot;classic&quot;,&quot;shape_divider_top&quot;:&quot;tilt&quot;,&quot;_ha_eqh_enable&quot;:false}\">\n\t\t\t\t\t<div class=\"elementor-shape elementor-shape-top\" data-negative=\"false\">\n\t\t\t<svg xmlns=\"http:\/\/www.w3.org\/2000\/svg\" viewbox=\"0 0 1000 100\" preserveaspectratio=\"none\">\n\t<path class=\"elementor-shape-fill\" d=\"M0,6V0h1000v100L0,6z\"\/>\n<\/svg>\t\t<\/div>\n\t\t\t\t\t<div class=\"elementor-container elementor-column-gap-no\">\n\t\t\t\t\t\t\t<div class=\"elementor-row\">\n\t\t\t\t\t<div class=\"elementor-column elementor-col-100 elementor-top-column elementor-element elementor-element-4b0577f0\" data-id=\"4b0577f0\" data-element_type=\"column\" data-settings=\"{&quot;background_background&quot;:&quot;classic&quot;}\">\n\t\t\t<div class=\"elementor-column-wrap elementor-element-populated\">\n\t\t\t\t\t\t\t<div class=\"elementor-widget-wrap\">\n\t\t\t\t\t\t<div class=\"elementor-element elementor-element-6957e771 elementor-widget elementor-widget-toggle\" data-id=\"6957e771\" data-element_type=\"widget\" data-widget_type=\"toggle.default\">\n\t\t\t\t<div class=\"elementor-widget-container\">\n\t\t\t\t\t<div class=\"elementor-toggle\" role=\"tablist\">\n\t\t\t\t\t\t\t<div class=\"elementor-toggle-item\">\n\t\t\t\t\t<div id=\"elementor-tab-title-1761\" class=\"elementor-tab-title\" data-tab=\"1\" role=\"tab\" aria-controls=\"elementor-tab-content-1761\">\n\t\t\t\t\t\t\t\t\t\t\t\t<span class=\"elementor-toggle-icon elementor-toggle-icon-right\" aria-hidden=\"true\">\n\t\t\t\t\t\t\t\t\t\t\t\t\t\t\t<span class=\"elementor-toggle-icon-closed\"><i class=\"fas fa-caret-right\"><\/i><\/span>\n\t\t\t\t\t\t\t\t<span class=\"elementor-toggle-icon-opened\"><i class=\"elementor-toggle-icon-opened fas fa-caret-up\"><\/i><\/span>\n\t\t\t\t\t\t\t\t\t\t\t\t\t<\/span>\n\t\t\t\t\t\t\t\t\t\t\t\t<a href=\"\" class=\"elementor-toggle-title\">Capillary treatment<\/a>\n\t\t\t\t\t<\/div>\n\t\t\t\t\t<div id=\"elementor-tab-content-1761\" class=\"elementor-tab-content elementor-clearfix\" data-tab=\"1\" role=\"tabpanel\" aria-labelledby=\"elementor-tab-title-1761\"><p><span style=\"font-weight: 400;\">Little capillaries, haemangioms, rosacea can be treated by lasers and  electrocoagulation.\nLittle veins can be treated by sclerotherapy.\u00a0<\/span><\/p><p><span style=\"font-weight: 400;\">The treatments should be administered several times for a good result. Vessels on the face, nose, lower limbs may appear repeatedly, because of the newly developped vessels (recanalisation).  After closure of the vessels, they may dilate on the sorrunding area. So it\u2019s worth  planning these treatments  from autumn, to have time also  for  the repetitions before summer.<\/span><\/p><p><span style=\"font-weight: 400;\">Laser treatments and electrocoagulations cause  a slight burning sensation, transient skin redness appears for about a month, and crusts may be seen for about a week. Repetition is possible after 6 weeks.<\/span><\/p><p><span style=\"font-weight: 400;\">The sclerotherapy is an injection technique in  case of the little injectable  veins. At the end of the treatment, we use compression first with bandage, then compression socks for 1-2 weeks. Repetition is possible after 2 weeks. The remaining smaller veins  can be treated by laser.\nAll the above treatments are recommended only from autumn to spring, because exposure to the intensive heat and sunshine during the summer period is contraindicated.<br \/><\/span><\/p><figure id=\"attachment_931\" aria-describedby=\"caption-attachment-931\" style=\"width: 768px\" class=\"wp-caption alignnone\"><img loading=\"lazy\" decoding=\"async\" class=\"size-large wp-image-931\" src=\"https:\/\/telederma.hu\/wp-content\/uploads\/2020\/10\/e\u0301rkezele\u0301sek-768x1024.jpg\" alt=\"\" width=\"768\" height=\"1024\" srcset=\"https:\/\/telederma.hu\/wp-content\/uploads\/2020\/10\/e\u0301rkezele\u0301sek-768x1024.jpg 768w, https:\/\/telederma.hu\/wp-content\/uploads\/2020\/10\/e\u0301rkezele\u0301sek-225x300.jpg 225w, https:\/\/telederma.hu\/wp-content\/uploads\/2020\/10\/e\u0301rkezele\u0301sek-1152x1536.jpg 1152w, https:\/\/telederma.hu\/wp-content\/uploads\/2020\/10\/e\u0301rkezele\u0301sek-1536x2048.jpg 1536w, https:\/\/telederma.hu\/wp-content\/uploads\/2020\/10\/e\u0301rkezele\u0301sek-scaled.jpg 1920w\" sizes=\"(max-width: 768px) 100vw, 768px\" \/><figcaption id=\"caption-attachment-931\" class=\"wp-caption-text\">Capillary treatment<\/figcaption><\/figure><p><span style=\"font-weight: 400;\">\u00a0<\/span><\/p><\/div>\n\t\t\t\t<\/div>\n\t\t\t\t\t<\/div>\n\t\t\t\t<\/div>\n\t\t\t\t<\/div>\n\t\t\t\t\t\t<\/div>\n\t\t\t\t\t<\/div>\n\t\t<\/div>\n\t\t\t\t\t\t\t\t<\/div>\n\t\t\t\t\t<\/div>\n\t\t<\/section>\n\t\t\t\t<section class=\"elementor-section elementor-top-section elementor-element elementor-element-7f6476c1 elementor-section-boxed elementor-section-height-default elementor-section-height-default\" data-id=\"7f6476c1\" data-element_type=\"section\" data-settings=\"{&quot;background_background&quot;:&quot;classic&quot;,&quot;shape_divider_bottom&quot;:&quot;tilt&quot;,&quot;_ha_eqh_enable&quot;:false}\">\n\t\t\t\t\t<div class=\"elementor-shape elementor-shape-bottom\" data-negative=\"false\">\n\t\t\t<svg xmlns=\"http:\/\/www.w3.org\/2000\/svg\" viewbox=\"0 0 1000 100\" preserveaspectratio=\"none\">\n\t<path class=\"elementor-shape-fill\" d=\"M0,6V0h1000v100L0,6z\"\/>\n<\/svg>\t\t<\/div>\n\t\t\t\t\t<div class=\"elementor-container elementor-column-gap-default\">\n\t\t\t\t\t\t\t<div class=\"elementor-row\">\n\t\t\t\t\t<div class=\"elementor-column elementor-col-100 elementor-top-column elementor-element elementor-element-43f6f7bf\" data-id=\"43f6f7bf\" data-element_type=\"column\">\n\t\t\t<div class=\"elementor-column-wrap elementor-element-populated\">\n\t\t\t\t\t\t\t<div class=\"elementor-widget-wrap\">\n\t\t\t\t\t\t<div data-ha-element-link=\"{&quot;url&quot;:&quot;javascript:history.back()&quot;,&quot;is_external&quot;:&quot;&quot;,&quot;nofollow&quot;:&quot;&quot;,&quot;custom_attributes&quot;:&quot;&quot;}\" style=\"cursor: pointer\" class=\"elementor-element elementor-element-c5dbef3 elementor-align-center elementor-widget elementor-widget-button\" data-id=\"c5dbef3\" data-element_type=\"widget\" data-widget_type=\"button.default\">\n\t\t\t\t<div class=\"elementor-widget-container\">\n\t\t\t\t\t<div class=\"elementor-button-wrapper\">\n\t\t\t<a class=\"elementor-button elementor-size-sm\" role=\"button\">\n\t\t\t\t\t\t<span class=\"elementor-button-content-wrapper\">\n\t\t\t\t\t\t<span class=\"elementor-button-text\">Back<\/span>\n\t\t<\/span>\n\t\t\t\t\t<\/a>\n\t\t<\/div>\n\t\t\t\t<\/div>\n\t\t\t\t<\/div>\n\t\t\t\t\t\t<\/div>\n\t\t\t\t\t<\/div>\n\t\t<\/div>\n\t\t\t\t\t\t\t\t<\/div>\n\t\t\t\t\t<\/div>\n\t\t<\/section>\n\t\t\t\t\t\t<\/div>\n\t\t\t\t\t\t<\/div>\n\t\t\t\t\t<\/div>","protected":false},"excerpt":{"rendered":"<p>\u00c9rkezel\u00e9sek Elt\u0171nik az \u00e9rt\u00e1gulat \u00e9s sepr\u0171v\u00e9na \u00c9rkezel\u00e9sek Apr\u00f3 hajsz\u00e1lerek, haemangiom\u00e1k, roz\u00e1ce\u00e1s b\u0151r kezelhet\u0151 elektrocoagul\u00e1ci\u00f3val, l\u00e9zerrel. Sepr\u0171v\u00e9n\u00e1kat l\u00e9zerrel \u00e9s scleroter\u00e1pi\u00e1val kezel\u00fcnk.\u00a0 Minden \u00e9rkezel\u00e9s t\u00f6bb alkalmat ig\u00e9nyelhet. Az orr, arci \u00e9rt\u00e1gulatok, de az als\u00f3 v\u00e9gtag v\u00e9n\u00e1i is k\u00f6nnyen ki\u00fajulnak, illetve az \u00e9relz\u00e1r\u00e1s ut\u00e1n m\u00e1s helyen t\u00e1gulhatnak ki. Ez\u00e9rt az \u00e9rkezel\u00e9seket c\u00e9lszer\u0171 \u0151szt\u0151l ig\u00e9nybe venni, hogy az ism\u00e9tl\u00e9sekkel [&hellip;]<\/p>","protected":false},"author":4,"featured_media":0,"parent":0,"menu_order":0,"comment_status":"closed","ping_status":"closed","template":"elementor_header_footer","meta":{"footnotes":""},"_links":{"self":[{"href":"https:\/\/telederma.hu\/en\/wp-json\/wp\/v2\/pages\/368"}],"collection":[{"href":"https:\/\/telederma.hu\/en\/wp-json\/wp\/v2\/pages"}],"about":[{"href":"https:\/\/telederma.hu\/en\/wp-json\/wp\/v2\/types\/page"}],"author":[{"embeddable":true,"href":"https:\/\/telederma.hu\/en\/wp-json\/wp\/v2\/users\/4"}],"replies":[{"embeddable":true,"href":"https:\/\/telederma.hu\/en\/wp-json\/wp\/v2\/comments?post=368"}],"version-history":[{"count":8,"href":"https:\/\/telederma.hu\/en\/wp-json\/wp\/v2\/pages\/368\/revisions"}],"predecessor-version":[{"id":933,"href":"https:\/\/telederma.hu\/en\/wp-json\/wp\/v2\/pages\/368\/revisions\/933"}],"wp:attachment":[{"href":"https:\/\/telederma.hu\/en\/wp-json\/wp\/v2\/media?parent=368"}],"curies":[{"name":"wp","href":"https:\/\/api.w.org\/{rel}","templated":true}]}}