{"id":948,"date":"2020-11-06T13:50:51","date_gmt":"2020-11-06T13:50:51","guid":{"rendered":"https:\/\/telederma.hu\/?page_id=948"},"modified":"2022-06-29T09:53:35","modified_gmt":"2022-06-29T09:53:35","slug":"hazirend","status":"publish","type":"page","link":"https:\/\/telederma.hu\/en\/hazirend\/","title":{"rendered":"hazirend"},"content":{"rendered":"<div data-elementor-type=\"wp-page\" data-elementor-id=\"948\" class=\"elementor elementor-948\" data-elementor-settings=\"[]\">\n\t\t\t\t\t\t<div class=\"elementor-inner\">\n\t\t\t\t\t\t\t<div class=\"elementor-section-wrap\">\n\t\t\t\t\t\t\t<section class=\"elementor-section elementor-top-section elementor-element elementor-element-d2a44e8 elementor-section-full_width elementor-section-height-min-height elementor-section-items-stretch elementor-section-content-bottom elementor-section-height-default\" data-id=\"d2a44e8\" data-element_type=\"section\" data-settings=\"{&quot;shape_divider_top&quot;:&quot;tilt&quot;,&quot;_ha_eqh_enable&quot;:false}\">\n\t\t\t\t\t<div class=\"elementor-shape elementor-shape-top\" data-negative=\"false\">\n\t\t\t<svg xmlns=\"http:\/\/www.w3.org\/2000\/svg\" viewbox=\"0 0 1000 100\" preserveaspectratio=\"none\">\n\t<path class=\"elementor-shape-fill\" d=\"M0,6V0h1000v100L0,6z\"\/>\n<\/svg>\t\t<\/div>\n\t\t\t\t\t<div class=\"elementor-container elementor-column-gap-no\">\n\t\t\t\t\t\t\t<div class=\"elementor-row\">\n\t\t\t\t\t<div class=\"elementor-column elementor-col-50 elementor-top-column elementor-element elementor-element-470e6df7\" data-id=\"470e6df7\" data-element_type=\"column\" data-settings=\"{&quot;background_background&quot;:&quot;classic&quot;}\">\n\t\t\t<div class=\"elementor-column-wrap elementor-element-populated\">\n\t\t\t\t\t\t\t<div class=\"elementor-widget-wrap\">\n\t\t\t\t\t\t<div class=\"elementor-element elementor-element-39769bc0 elementor-widget elementor-widget-heading\" data-id=\"39769bc0\" data-element_type=\"widget\" data-widget_type=\"heading.default\">\n\t\t\t\t<div class=\"elementor-widget-container\">\n\t\t\t<h2 class=\"elementor-heading-title elementor-size-default\">Regulation on the premises<\/h2>\t\t<\/div>\n\t\t\t\t<\/div>\n\t\t\t\t<div class=\"elementor-element elementor-element-d378f7e elementor-widget elementor-widget-text-editor\" data-id=\"d378f7e\" data-element_type=\"widget\" data-widget_type=\"text-editor.default\">\n\t\t\t\t<div class=\"elementor-widget-container\">\n\t\t\t\t\t<div class=\"elementor-text-editor elementor-clearfix\"><\/div>\n\t\t\t\t<\/div>\n\t\t\t\t<\/div>\n\t\t\t\t\t\t<\/div>\n\t\t\t\t\t<\/div>\n\t\t<\/div>\n\t\t\t\t<div class=\"elementor-column elementor-col-50 elementor-top-column elementor-element elementor-element-6e50be5c\" data-id=\"6e50be5c\" data-element_type=\"column\">\n\t\t\t<div class=\"elementor-column-wrap\">\n\t\t\t\t\t\t\t<div class=\"elementor-widget-wrap\">\n\t\t\t\t\t\t\t\t<\/div>\n\t\t\t\t\t<\/div>\n\t\t<\/div>\n\t\t\t\t\t\t\t\t<\/div>\n\t\t\t\t\t<\/div>\n\t\t<\/section>\n\t\t\t\t<section class=\"elementor-section elementor-top-section elementor-element elementor-element-40a0b77e elementor-section-boxed elementor-section-height-default elementor-section-height-default\" data-id=\"40a0b77e\" data-element_type=\"section\" data-settings=\"{&quot;_ha_eqh_enable&quot;:false}\">\n\t\t\t\t\t\t<div class=\"elementor-container elementor-column-gap-default\">\n\t\t\t\t\t\t\t<div class=\"elementor-row\">\n\t\t\t\t\t<div class=\"elementor-column elementor-col-100 elementor-top-column elementor-element elementor-element-43d168d4\" data-id=\"43d168d4\" data-element_type=\"column\">\n\t\t\t<div class=\"elementor-column-wrap\">\n\t\t\t\t\t\t\t<div class=\"elementor-widget-wrap\">\n\t\t\t\t\t\t\t\t<\/div>\n\t\t\t\t\t<\/div>\n\t\t<\/div>\n\t\t\t\t\t\t\t\t<\/div>\n\t\t\t\t\t<\/div>\n\t\t<\/section>\n\t\t\t\t<section class=\"elementor-section elementor-top-section elementor-element elementor-element-4c371d0e elementor-section-boxed elementor-section-height-default elementor-section-height-default\" data-id=\"4c371d0e\" data-element_type=\"section\" data-settings=\"{&quot;background_background&quot;:&quot;classic&quot;,&quot;shape_divider_top&quot;:&quot;tilt&quot;,&quot;shape_divider_bottom&quot;:&quot;tilt&quot;,&quot;_ha_eqh_enable&quot;:false}\">\n\t\t\t\t\t<div class=\"elementor-shape elementor-shape-top\" data-negative=\"false\">\n\t\t\t<svg xmlns=\"http:\/\/www.w3.org\/2000\/svg\" viewbox=\"0 0 1000 100\" preserveaspectratio=\"none\">\n\t<path class=\"elementor-shape-fill\" d=\"M0,6V0h1000v100L0,6z\"\/>\n<\/svg>\t\t<\/div>\n\t\t\t\t<div class=\"elementor-shape elementor-shape-bottom\" data-negative=\"false\">\n\t\t\t<svg xmlns=\"http:\/\/www.w3.org\/2000\/svg\" viewbox=\"0 0 1000 100\" preserveaspectratio=\"none\">\n\t<path class=\"elementor-shape-fill\" d=\"M0,6V0h1000v100L0,6z\"\/>\n<\/svg>\t\t<\/div>\n\t\t\t\t\t<div class=\"elementor-container elementor-column-gap-default\">\n\t\t\t\t\t\t\t<div class=\"elementor-row\">\n\t\t\t\t\t<div class=\"elementor-column elementor-col-100 elementor-top-column elementor-element elementor-element-fadcc1c\" data-id=\"fadcc1c\" data-element_type=\"column\" data-settings=\"{&quot;background_background&quot;:&quot;classic&quot;}\">\n\t\t\t<div class=\"elementor-column-wrap elementor-element-populated\">\n\t\t\t\t\t\t\t<div class=\"elementor-widget-wrap\">\n\t\t\t\t\t\t<div class=\"elementor-element elementor-element-86bd60b elementor-widget elementor-widget-text-editor\" data-id=\"86bd60b\" data-element_type=\"widget\" data-widget_type=\"text-editor.default\">\n\t\t\t\t<div class=\"elementor-widget-container\">\n\t\t\t\t\t<div class=\"elementor-text-editor elementor-clearfix\"><p><strong>These regulations are obligatory for anyone on the premises of the surgeries, and can be found in the waiting room of our Budapest surgery and on our website.<\/strong><br \/><br \/><br \/><\/p><ol><li>By making an appointment you automatically accept the regulations as well as the rules of\nGDPR.<br \/><br \/><\/li><li>During one appointment only the examination of one patient is possible. In case of several\npatients new appointments have to be made for each individual. Appointments cannot be\nmade via e-mail.<br \/><br \/><\/li><li>It is strictly prohibited to enter the surgery with  a pram, a bicycle, roller skates or skate boards (with the exception of a wheelchair for the disabled). Bicycles and roller skates should be left on the street.<br \/><br \/><\/li><li>Only one person accompaniing the patient may be present in the surgery. The presence of the medical assistant is essential.<br \/><br \/><\/li><li>Please refrain from the loud conversation, shouting, all disturbing activities (like slamming doors, or running about).<br \/><br \/><\/li><li>Please take care of hygiene on site. Please don\u2019t bring inside any food or icecream. Smoking is strictly prohibited inside as well as within five meters of the entrance. It is forbidden to stay inside in dirty, muddy shoes or garments. If it is raining outside, please use the plastic bags prepared by the entrance to cover your shoes. In case you find any problems relating to hygiene, please notify our assistants!<br \/><br \/><\/li><li>Please do arrive on time for your appointment and take into consideration, that the treatment has to start at the appointed time. In case of delay, it may happen, that the treatment cannot be completed. Appointment may be cancelled minimum 24 hours previously. In case there is no cancellation, a new appointment can be given only after payment of the fees for the cancelled visit. Our bank account number is: 11705998-21266779-00000000. Please record your name by all means on the bank transfer.<br \/><br \/><\/li><li>You may find our catalogue prices on our website. Proper offers will be given after an examination.<br \/><br \/><\/li><li>Exact datas of invoices for Health Care Companies, or Insurance Companies are important, because  the invoices can not be corrected.<br \/><br \/><\/li><li>Medical results, diagnosis cannot be informed via e-mail nor a phonecall, only personally. Pictures are not competent to give the correct diagnosis, treatment recommendation  can be misleading.<br \/><br \/><\/li><li>Feel free to send your inquires to info@telederma.hu!<br \/><br \/><\/li><li>For us health care is the most important mission.\nEntering the premises is banned while having infectious diseases in order to protect other  patients and our team. In case of suspicious infection wearing a mask is mandatory or the treatment may be postponed. Please inform us about your medication before  interventions, because  giving injection, performing operation can be dangerous  while taking some medicine.<br \/><br \/><\/li><li>Possible damages of  furniture in our surgeries have to be paid by the  affected person or the parents (in case of children).<br \/><br \/><\/li><li>Breaking the regulations mentioned above, our assistant will ask the patient to behave in an appropriate manner, otherwise the intervention is aborted and the patient is asked to leave the surgery.<br \/><br \/><\/li><li>The above Regulations can be modified only by the owner of the surgery.<\/li><\/ol><\/div>\n\t\t\t\t<\/div>\n\t\t\t\t<\/div>\n\t\t\t\t\t\t<\/div>\n\t\t\t\t\t<\/div>\n\t\t<\/div>\n\t\t\t\t\t\t\t\t<\/div>\n\t\t\t\t\t<\/div>\n\t\t<\/section>\n\t\t\t\t\t\t<\/div>\n\t\t\t\t\t\t<\/div>\n\t\t\t\t\t<\/div>","protected":false},"excerpt":{"rendered":"<p>H\u00e1zirend Jelen h\u00e1zirend betart\u00e1sa k\u00f6telez\u0151 minden rendel\u0151nkben tart\u00f3zkod\u00f3 szem\u00e9lyre n\u00e9zve. A H\u00e1zirend elolvashat\u00f3 a budapesti v\u00e1r\u00f3helyis\u00e9gben \u00e9s honlapunkon al\u00e1bb egyar\u00e1nt. Az id\u0151pont lefoglal\u00e1s\u00e1val \u00e9s a szolg\u00e1ltat\u00e1sok ig\u00e9nybev\u00e9tel\u00e9vel minden vend\u00e9g\u00fcnk automatikusan elfogadja a H\u00e1zirend szab\u00e1lyait, tov\u00e1bb\u00e1 a GDPR rendelkez\u00e9seit. Egy id\u0151pontban csak egy p\u00e1cienst tudunk ell\u00e1tni. Amennyiben t\u00f6bb\u00a0 p\u00e1ciens ell\u00e1t\u00e1sa sz\u00fcks\u00e9ges, nekik k\u00fcl\u00f6n id\u0151pontot kell k\u00e9rni\u00fck. [&hellip;]<\/p>","protected":false},"author":4,"featured_media":0,"parent":0,"menu_order":0,"comment_status":"closed","ping_status":"closed","template":"","meta":{"footnotes":""},"_links":{"self":[{"href":"https:\/\/telederma.hu\/en\/wp-json\/wp\/v2\/pages\/948"}],"collection":[{"href":"https:\/\/telederma.hu\/en\/wp-json\/wp\/v2\/pages"}],"about":[{"href":"https:\/\/telederma.hu\/en\/wp-json\/wp\/v2\/types\/page"}],"author":[{"embeddable":true,"href":"https:\/\/telederma.hu\/en\/wp-json\/wp\/v2\/users\/4"}],"replies":[{"embeddable":true,"href":"https:\/\/telederma.hu\/en\/wp-json\/wp\/v2\/comments?post=948"}],"version-history":[{"count":23,"href":"https:\/\/telederma.hu\/en\/wp-json\/wp\/v2\/pages\/948\/revisions"}],"predecessor-version":[{"id":1688,"href":"https:\/\/telederma.hu\/en\/wp-json\/wp\/v2\/pages\/948\/revisions\/1688"}],"wp:attachment":[{"href":"https:\/\/telederma.hu\/en\/wp-json\/wp\/v2\/media?parent=948"}],"curies":[{"name":"wp","href":"https:\/\/api.w.org\/{rel}","templated":true}]}}