{"id":346,"date":"2020-09-17T15:38:05","date_gmt":"2020-09-17T15:38:05","guid":{"rendered":"https:\/\/telederma.hu\/?page_id=346"},"modified":"2020-11-14T15:17:56","modified_gmt":"2020-11-14T15:17:56","slug":"borsebeszet","status":"publish","type":"page","link":"https:\/\/telederma.hu\/hun\/borsebeszet\/","title":{"rendered":"borsebeszet"},"content":{"rendered":"\t\t<div data-elementor-type=\"wp-page\" data-elementor-id=\"346\" class=\"elementor elementor-346\" data-elementor-settings=\"[]\">\n\t\t\t\t\t\t<div class=\"elementor-inner\">\n\t\t\t\t\t\t\t<div class=\"elementor-section-wrap\">\n\t\t\t\t\t\t\t<section class=\"elementor-section elementor-top-section elementor-element elementor-element-186e995f elementor-section-full_width elementor-section-height-min-height elementor-section-items-stretch elementor-section-content-bottom elementor-section-height-default\" data-id=\"186e995f\" data-element_type=\"section\" data-settings=\"{&quot;shape_divider_top&quot;:&quot;tilt&quot;,&quot;_ha_eqh_enable&quot;:false}\">\n\t\t\t\t\t<div class=\"elementor-shape elementor-shape-top\" data-negative=\"false\">\n\t\t\t<svg xmlns=\"http:\/\/www.w3.org\/2000\/svg\" viewBox=\"0 0 1000 100\" preserveAspectRatio=\"none\">\n\t<path class=\"elementor-shape-fill\" d=\"M0,6V0h1000v100L0,6z\"\/>\n<\/svg>\t\t<\/div>\n\t\t\t\t\t<div class=\"elementor-container elementor-column-gap-no\">\n\t\t\t\t\t\t\t<div class=\"elementor-row\">\n\t\t\t\t\t<div class=\"elementor-column elementor-col-50 elementor-top-column elementor-element elementor-element-4b00d5d6\" data-id=\"4b00d5d6\" data-element_type=\"column\" data-settings=\"{&quot;background_background&quot;:&quot;classic&quot;}\">\n\t\t\t<div class=\"elementor-column-wrap elementor-element-populated\">\n\t\t\t\t\t\t\t<div class=\"elementor-widget-wrap\">\n\t\t\t\t\t\t<div class=\"elementor-element elementor-element-587420b0 elementor-widget elementor-widget-heading\" data-id=\"587420b0\" data-element_type=\"widget\" data-widget_type=\"heading.default\">\n\t\t\t\t<div class=\"elementor-widget-container\">\n\t\t\t<h2 class=\"elementor-heading-title elementor-size-default\">B\u0151rseb\u00e9szet<\/h2>\t\t<\/div>\n\t\t\t\t<\/div>\n\t\t\t\t<div class=\"elementor-element elementor-element-27d64cd8 elementor-widget elementor-widget-text-editor\" data-id=\"27d64cd8\" data-element_type=\"widget\" data-widget_type=\"text-editor.default\">\n\t\t\t\t<div class=\"elementor-widget-container\">\n\t\t\t\t\t<div class=\"elementor-text-editor elementor-clearfix\"><p>F\u00e1jdalommentes, gyors elt\u00e1vol\u00edt\u00e1sok k\u00fcl\u00f6nb\u00f6z\u0151 b\u0151rkin\u00f6v\u00e9sek eset\u00e9ben<\/p><\/div>\n\t\t\t\t<\/div>\n\t\t\t\t<\/div>\n\t\t\t\t\t\t<\/div>\n\t\t\t\t\t<\/div>\n\t\t<\/div>\n\t\t\t\t<div class=\"elementor-column elementor-col-50 elementor-top-column elementor-element elementor-element-6a17e193\" data-id=\"6a17e193\" data-element_type=\"column\">\n\t\t\t<div class=\"elementor-column-wrap elementor-element-populated\">\n\t\t\t\t\t\t\t<div class=\"elementor-widget-wrap\">\n\t\t\t\t\t\t<div class=\"elementor-element elementor-element-2c5b19b3 elementor-widget elementor-widget-theme-post-featured-image elementor-widget-image\" data-id=\"2c5b19b3\" data-element_type=\"widget\" data-widget_type=\"theme-post-featured-image.default\">\n\t\t\t\t<div class=\"elementor-widget-container\">\n\t\t\t\t\t<div class=\"elementor-image\">\n\t\t\t\t\t\t\t\t\t\t<img loading=\"lazy\" decoding=\"async\" width=\"582\" height=\"388\" src=\"https:\/\/telederma.hu\/wp-content\/uploads\/2020\/06\/Borsebeszet.png\" class=\"attachment-large size-large\" alt=\"\" srcset=\"https:\/\/telederma.hu\/wp-content\/uploads\/2020\/06\/Borsebeszet.png 582w, https:\/\/telederma.hu\/wp-content\/uploads\/2020\/06\/Borsebeszet-300x200.png 300w\" sizes=\"(max-width: 582px) 100vw, 582px\" \/>\t\t\t\t\t\t\t\t\t\t\t<\/div>\n\t\t\t\t<\/div>\n\t\t\t\t<\/div>\n\t\t\t\t\t\t<\/div>\n\t\t\t\t\t<\/div>\n\t\t<\/div>\n\t\t\t\t\t\t\t\t<\/div>\n\t\t\t\t\t<\/div>\n\t\t<\/section>\n\t\t\t\t<section class=\"elementor-section elementor-top-section elementor-element elementor-element-453008aa elementor-section-content-middle elementor-section-boxed elementor-section-height-default elementor-section-height-default\" data-id=\"453008aa\" data-element_type=\"section\" data-settings=\"{&quot;background_background&quot;:&quot;classic&quot;,&quot;shape_divider_top&quot;:&quot;tilt&quot;,&quot;_ha_eqh_enable&quot;:false}\">\n\t\t\t\t\t<div class=\"elementor-shape elementor-shape-top\" data-negative=\"false\">\n\t\t\t<svg xmlns=\"http:\/\/www.w3.org\/2000\/svg\" viewBox=\"0 0 1000 100\" preserveAspectRatio=\"none\">\n\t<path class=\"elementor-shape-fill\" d=\"M0,6V0h1000v100L0,6z\"\/>\n<\/svg>\t\t<\/div>\n\t\t\t\t\t<div class=\"elementor-container elementor-column-gap-no\">\n\t\t\t\t\t\t\t<div class=\"elementor-row\">\n\t\t\t\t\t<div class=\"elementor-column elementor-col-100 elementor-top-column elementor-element elementor-element-16db6c02\" data-id=\"16db6c02\" data-element_type=\"column\" data-settings=\"{&quot;background_background&quot;:&quot;classic&quot;}\">\n\t\t\t<div class=\"elementor-column-wrap elementor-element-populated\">\n\t\t\t\t\t\t\t<div class=\"elementor-widget-wrap\">\n\t\t\t\t\t\t<div class=\"elementor-element elementor-element-a152062 elementor-widget elementor-widget-text-editor\" data-id=\"a152062\" data-element_type=\"widget\" data-widget_type=\"text-editor.default\">\n\t\t\t\t<div class=\"elementor-widget-container\">\n\t\t\t\t\t<div class=\"elementor-text-editor elementor-clearfix\"><p>\u00a0<\/p><p>\u00a0<\/p><\/div>\n\t\t\t\t<\/div>\n\t\t\t\t<\/div>\n\t\t\t\t<div class=\"elementor-element elementor-element-2db9d8bc elementor-widget elementor-widget-toggle\" data-id=\"2db9d8bc\" data-element_type=\"widget\" data-widget_type=\"toggle.default\">\n\t\t\t\t<div class=\"elementor-widget-container\">\n\t\t\t\t\t<div class=\"elementor-toggle\" role=\"tablist\">\n\t\t\t\t\t\t\t<div class=\"elementor-toggle-item\">\n\t\t\t\t\t<div id=\"elementor-tab-title-7671\" class=\"elementor-tab-title\" data-tab=\"1\" role=\"tab\" aria-controls=\"elementor-tab-content-7671\">\n\t\t\t\t\t\t\t\t\t\t\t\t<span class=\"elementor-toggle-icon elementor-toggle-icon-right\" aria-hidden=\"true\">\n\t\t\t\t\t\t\t\t\t\t\t\t\t\t\t<span class=\"elementor-toggle-icon-closed\"><i class=\"fas fa-caret-right\"><\/i><\/span>\n\t\t\t\t\t\t\t\t<span class=\"elementor-toggle-icon-opened\"><i class=\"elementor-toggle-icon-opened fas fa-caret-up\"><\/i><\/span>\n\t\t\t\t\t\t\t\t\t\t\t\t\t<\/span>\n\t\t\t\t\t\t\t\t\t\t\t\t<a href=\"\" class=\"elementor-toggle-title\">Apr\u00f3bb b\u0151rkin\u00f6v\u00e9sek elt\u00e1vol\u00edt\u00e1sa<\/a>\n\t\t\t\t\t<\/div>\n\t\t\t\t\t<div id=\"elementor-tab-content-7671\" class=\"elementor-tab-content elementor-clearfix\" data-tab=\"1\" role=\"tabpanel\" aria-labelledby=\"elementor-tab-title-7671\"><p>Apr\u00f3bb b\u0151rkin\u00f6v\u00e9sek, sz\u00e9lesebb, lapos szaruk\u00e9pletek elt\u00e1vol\u00edt\u00e1sa kauteriz\u00e1ci\u00f3val, l\u00e9zerrel, kan\u00e1llal: sz\u00fcks\u00e9g lehet Lidokain injekci\u00f3s \u00e9rz\u00e9stelen\u00edt\u00e9sre, a sebgy\u00f3gyul\u00e1s 1-14 napig is eltarthat, m\u00e9rett\u0151l f\u00fcgg\u0151en. Sebhint\u0151port napi 2x alkalmazunk p\u00f6rklev\u00e1l\u00e1sig. A sebet ki\u00e1ztatni nem szabad, de r\u00f6vid tusol\u00e1s lehets\u00e9ges. S\u00farl\u00f3d\u00f3 ter\u00fcleteken fed\u00e9s sz\u00fcks\u00e9ges.<br \/><br \/><\/p><figure id=\"attachment_903\" aria-describedby=\"caption-attachment-903\" style=\"width: 768px\" class=\"wp-caption alignnone\"><img loading=\"lazy\" decoding=\"async\" class=\"size-large wp-image-903\" src=\"https:\/\/telederma.hu\/wp-content\/uploads\/2020\/10\/apro\u0301bb-bo\u030brkino\u0308ve\u0301sek-elta\u0301voli\u0301ta\u0301sa-768x1024.jpg\" alt=\"\" width=\"768\" height=\"1024\" srcset=\"https:\/\/telederma.hu\/wp-content\/uploads\/2020\/10\/apro\u0301bb-bo\u030brkino\u0308ve\u0301sek-elta\u0301voli\u0301ta\u0301sa-768x1024.jpg 768w, https:\/\/telederma.hu\/wp-content\/uploads\/2020\/10\/apro\u0301bb-bo\u030brkino\u0308ve\u0301sek-elta\u0301voli\u0301ta\u0301sa-225x300.jpg 225w, https:\/\/telederma.hu\/wp-content\/uploads\/2020\/10\/apro\u0301bb-bo\u030brkino\u0308ve\u0301sek-elta\u0301voli\u0301ta\u0301sa-1152x1536.jpg 1152w, https:\/\/telederma.hu\/wp-content\/uploads\/2020\/10\/apro\u0301bb-bo\u030brkino\u0308ve\u0301sek-elta\u0301voli\u0301ta\u0301sa-1536x2048.jpg 1536w, https:\/\/telederma.hu\/wp-content\/uploads\/2020\/10\/apro\u0301bb-bo\u030brkino\u0308ve\u0301sek-elta\u0301voli\u0301ta\u0301sa-scaled.jpg 1920w\" sizes=\"(max-width: 768px) 100vw, 768px\" \/><figcaption id=\"caption-attachment-903\" class=\"wp-caption-text\">apro\u0301bb bo\u030brkino\u0308ve\u0301sek elta\u0301voli\u0301ta\u0301sa<\/figcaption><\/figure><\/div>\n\t\t\t\t<\/div>\n\t\t\t\t\t\t\t<div class=\"elementor-toggle-item\">\n\t\t\t\t\t<div id=\"elementor-tab-title-7672\" class=\"elementor-tab-title\" data-tab=\"2\" role=\"tab\" aria-controls=\"elementor-tab-content-7672\">\n\t\t\t\t\t\t\t\t\t\t\t\t<span class=\"elementor-toggle-icon elementor-toggle-icon-right\" aria-hidden=\"true\">\n\t\t\t\t\t\t\t\t\t\t\t\t\t\t\t<span class=\"elementor-toggle-icon-closed\"><i class=\"fas fa-caret-right\"><\/i><\/span>\n\t\t\t\t\t\t\t\t<span class=\"elementor-toggle-icon-opened\"><i class=\"elementor-toggle-icon-opened fas fa-caret-up\"><\/i><\/span>\n\t\t\t\t\t\t\t\t\t\t\t\t\t<\/span>\n\t\t\t\t\t\t\t\t\t\t\t\t<a href=\"\" class=\"elementor-toggle-title\">Anyajegyek elt\u00e1vol\u00edt\u00e1sa l\u00e9zerrel<\/a>\n\t\t\t\t\t<\/div>\n\t\t\t\t\t<div id=\"elementor-tab-content-7672\" class=\"elementor-tab-content elementor-clearfix\" data-tab=\"2\" role=\"tabpanel\" aria-labelledby=\"elementor-tab-title-7672\"><p>csak bizonyos anyajegyek eset\u00e9n lehets\u00e9ges, meg\u00e1llap\u00edt\u00e1s\u00e1ra el\u0151zetes m\u0171szeres vizsg\u00e1lat sz\u00fcks\u00e9ges. A l\u00e9zeres sebek kr\u00e1terszer\u0171ek, a tel\u0151d\u00e9shez h\u00f3napok sz\u00fcks\u00e9gesek, ez alatt h\u0151 \u00e9s f\u00e9ny nem \u00e9rheti a sebet. Az els\u0151 h\u00e9ten nedves sebkezel\u00e9s, a m\u00e1sodik h\u00e9ten sz\u00e1raz sebkezel\u00e9s zajlik, ez alatt ki\u00e1ztatni a sebet nem szabad, r\u00f6vid tusol\u00e1s lehets\u00e9ges. Az elt\u00e1vol\u00edtott anyajegy sz\u00f6vettani vizsg\u00e1latra k\u00fcldhet\u0151, mely 2-3 h\u00e9t alatt k\u00e9sz\u00fcl el.<br \/><br \/><\/p><figure id=\"attachment_904\" aria-describedby=\"caption-attachment-904\" style=\"width: 800px\" class=\"wp-caption alignnone\"><img loading=\"lazy\" decoding=\"async\" class=\"size-large wp-image-904\" src=\"https:\/\/telederma.hu\/wp-content\/uploads\/2020\/10\/anyajegyek-elta\u0301voli\u0301ta\u0301sa-le\u0301zerrel-1024x768.jpg\" alt=\"\" width=\"800\" height=\"600\" srcset=\"https:\/\/telederma.hu\/wp-content\/uploads\/2020\/10\/anyajegyek-elta\u0301voli\u0301ta\u0301sa-le\u0301zerrel-1024x768.jpg 1024w, https:\/\/telederma.hu\/wp-content\/uploads\/2020\/10\/anyajegyek-elta\u0301voli\u0301ta\u0301sa-le\u0301zerrel-300x225.jpg 300w, https:\/\/telederma.hu\/wp-content\/uploads\/2020\/10\/anyajegyek-elta\u0301voli\u0301ta\u0301sa-le\u0301zerrel-768x576.jpg 768w, https:\/\/telederma.hu\/wp-content\/uploads\/2020\/10\/anyajegyek-elta\u0301voli\u0301ta\u0301sa-le\u0301zerrel-1536x1152.jpg 1536w, https:\/\/telederma.hu\/wp-content\/uploads\/2020\/10\/anyajegyek-elta\u0301voli\u0301ta\u0301sa-le\u0301zerrel-2048x1536.jpg 2048w\" sizes=\"(max-width: 800px) 100vw, 800px\" \/><figcaption id=\"caption-attachment-904\" class=\"wp-caption-text\">anyajegyek elta\u0301voli\u0301ta\u0301sa le\u0301zerrel<\/figcaption><\/figure><\/div>\n\t\t\t\t<\/div>\n\t\t\t\t\t\t\t<div class=\"elementor-toggle-item\">\n\t\t\t\t\t<div id=\"elementor-tab-title-7673\" class=\"elementor-tab-title\" data-tab=\"3\" role=\"tab\" aria-controls=\"elementor-tab-content-7673\">\n\t\t\t\t\t\t\t\t\t\t\t\t<span class=\"elementor-toggle-icon elementor-toggle-icon-right\" aria-hidden=\"true\">\n\t\t\t\t\t\t\t\t\t\t\t\t\t\t\t<span class=\"elementor-toggle-icon-closed\"><i class=\"fas fa-caret-right\"><\/i><\/span>\n\t\t\t\t\t\t\t\t<span class=\"elementor-toggle-icon-opened\"><i class=\"elementor-toggle-icon-opened fas fa-caret-up\"><\/i><\/span>\n\t\t\t\t\t\t\t\t\t\t\t\t\t<\/span>\n\t\t\t\t\t\t\t\t\t\t\t\t<a href=\"\" class=\"elementor-toggle-title\">Anyajegyek elt\u00e1vol\u00edt\u00e1sa metsz\u00e9ssel<\/a>\n\t\t\t\t\t<\/div>\n\t\t\t\t\t<div id=\"elementor-tab-content-7673\" class=\"elementor-tab-content elementor-clearfix\" data-tab=\"3\" role=\"tabpanel\" aria-labelledby=\"elementor-tab-title-7673\"><p>Elv\u00e9gz\u00e9se el\u0151zetes m\u0171szeres vizsg\u00e1lat ut\u00e1n t\u00f6rt\u00e9nhet. M\u0171t\u00e9ti el\u0151jegyz\u00e9st b\u0151rgy\u00f3gy\u00e1sz \u00e1ltal megvizsg\u00e1lt anyajegy eset\u00e9n tudunk csak adni. Lehet\u0151s\u00e9g van b\u00e9k\u00e9s anyajegyek elt\u00e1vol\u00edt\u00e1s\u00e1ra is. A beavatkoz\u00e1s anyajegyenk\u00e9nt f\u00e9l \u00f3r\u00e1t vesz ig\u00e9nybe, mindig lidokain injekci\u00f3s \u00e9rz\u00e9stelen\u00edt\u00e9st alkalmazunk. A kimetszett anyajegy sebsz\u00e9leit varrattal egyes\u00edtj\u00fck, majd sterilen k\u00f6tj\u00fck. A sebet v\u00edz nem \u00e9rheti, 2 h\u00e9t ut\u00e1n varratot szed\u00fcnk, majd 24 \u00f3ra ut\u00e1n lehet tusolni. M\u0171t\u00e9t ut\u00e1n 1 h\u00e9ttel sebkontrollt tartunk, mely \u00e1tk\u00f6t\u00e9st jelent, a gyullad\u00e1s megel\u0151z\u00e9se a c\u00e9l. Amennyiben gyullad\u00e1s jele mutatkozik, \u00fagy gyakoribb k\u00f6t\u00f6z\u00e9s \u00e9rdemes, \u00e9s a varratszed\u00e9s eltol\u00f3dhat. Ennek megel\u0151z\u00e9s\u00e9re a k\u00f6t\u00f6tt sebbel sportol\u00e1s, szauna nem lehets\u00e9ges (ver\u00edt\u00e9kez\u00e9s, meleg). Ny\u00e1ron anyajegy elt\u00e1vol\u00edt\u00e1st csak rizik\u00f3s anyajegy eset\u00e9n v\u00e9gz\u00fcnk, fentiek betart\u00e1s\u00e1val.<\/p><figure id=\"attachment_901\" aria-describedby=\"caption-attachment-901\" style=\"width: 768px\" class=\"wp-caption alignnone\"><img loading=\"lazy\" decoding=\"async\" class=\"size-large wp-image-901\" src=\"https:\/\/telederma.hu\/wp-content\/uploads\/2020\/10\/anyajegyek-elta\u0301voli\u0301ta\u0301sa-metsze\u0301ssel-768x1024.jpg\" alt=\"\" width=\"768\" height=\"1024\" srcset=\"https:\/\/telederma.hu\/wp-content\/uploads\/2020\/10\/anyajegyek-elta\u0301voli\u0301ta\u0301sa-metsze\u0301ssel-768x1024.jpg 768w, https:\/\/telederma.hu\/wp-content\/uploads\/2020\/10\/anyajegyek-elta\u0301voli\u0301ta\u0301sa-metsze\u0301ssel-225x300.jpg 225w, https:\/\/telederma.hu\/wp-content\/uploads\/2020\/10\/anyajegyek-elta\u0301voli\u0301ta\u0301sa-metsze\u0301ssel-1152x1536.jpg 1152w, https:\/\/telederma.hu\/wp-content\/uploads\/2020\/10\/anyajegyek-elta\u0301voli\u0301ta\u0301sa-metsze\u0301ssel-1536x2048.jpg 1536w, https:\/\/telederma.hu\/wp-content\/uploads\/2020\/10\/anyajegyek-elta\u0301voli\u0301ta\u0301sa-metsze\u0301ssel-scaled.jpg 1920w\" sizes=\"(max-width: 768px) 100vw, 768px\" \/><figcaption id=\"caption-attachment-901\" class=\"wp-caption-text\">anyajegyek elta\u0301voli\u0301ta\u0301sa metsze\u0301ssel<\/figcaption><\/figure><\/div>\n\t\t\t\t<\/div>\n\t\t\t\t\t\t\t<div class=\"elementor-toggle-item\">\n\t\t\t\t\t<div id=\"elementor-tab-title-7674\" class=\"elementor-tab-title\" data-tab=\"4\" role=\"tab\" aria-controls=\"elementor-tab-content-7674\">\n\t\t\t\t\t\t\t\t\t\t\t\t<span class=\"elementor-toggle-icon elementor-toggle-icon-right\" aria-hidden=\"true\">\n\t\t\t\t\t\t\t\t\t\t\t\t\t\t\t<span class=\"elementor-toggle-icon-closed\"><i class=\"fas fa-caret-right\"><\/i><\/span>\n\t\t\t\t\t\t\t\t<span class=\"elementor-toggle-icon-opened\"><i class=\"elementor-toggle-icon-opened fas fa-caret-up\"><\/i><\/span>\n\t\t\t\t\t\t\t\t\t\t\t\t\t<\/span>\n\t\t\t\t\t\t\t\t\t\t\t\t<a href=\"\" class=\"elementor-toggle-title\">B\u0151rdaganatok elt\u00e1vol\u00edt\u00e1sa m\u0171t\u00e9ttel<\/a>\n\t\t\t\t\t<\/div>\n\t\t\t\t\t<div id=\"elementor-tab-content-7674\" class=\"elementor-tab-content elementor-clearfix\" data-tab=\"4\" role=\"tabpanel\" aria-labelledby=\"elementor-tab-title-7674\"><p>Bizonyos b\u0151rdaganatok elt\u00e1vol\u00edt\u00e1sa is lehets\u00e9ges. (az anyajegyek elt\u00e1vol\u00edt\u00e1s\u00e1hoz hasonl\u00f3an. )<br \/><br \/>Fontos: 2 \u00e9vig kontroll vizsg\u00e1latok k\u00f6telez\u0151ek protokoll szerint: az 1. \u00e9vben negyed \u00e9vente, a 2. \u00e9vben f\u00e9l \u00e9vente a ki\u00fajul\u00e1sok ellen\u0151rz\u00e9s\u00e9re.<br \/><br \/><\/p><figure id=\"attachment_935\" aria-describedby=\"caption-attachment-935\" style=\"width: 768px\" class=\"wp-caption alignnone\"><img loading=\"lazy\" decoding=\"async\" class=\"size-large wp-image-935\" src=\"https:\/\/telederma.hu\/wp-content\/uploads\/2020\/10\/bo\u030brdaganatok-elta\u0301voli\u0301ta\u0301sa-768x1024.jpg\" alt=\"\" width=\"768\" height=\"1024\" srcset=\"https:\/\/telederma.hu\/wp-content\/uploads\/2020\/10\/bo\u030brdaganatok-elta\u0301voli\u0301ta\u0301sa-768x1024.jpg 768w, https:\/\/telederma.hu\/wp-content\/uploads\/2020\/10\/bo\u030brdaganatok-elta\u0301voli\u0301ta\u0301sa-225x300.jpg 225w, https:\/\/telederma.hu\/wp-content\/uploads\/2020\/10\/bo\u030brdaganatok-elta\u0301voli\u0301ta\u0301sa-1152x1536.jpg 1152w, https:\/\/telederma.hu\/wp-content\/uploads\/2020\/10\/bo\u030brdaganatok-elta\u0301voli\u0301ta\u0301sa-1536x2048.jpg 1536w, https:\/\/telederma.hu\/wp-content\/uploads\/2020\/10\/bo\u030brdaganatok-elta\u0301voli\u0301ta\u0301sa-scaled.jpg 1920w\" sizes=\"(max-width: 768px) 100vw, 768px\" \/><figcaption id=\"caption-attachment-935\" class=\"wp-caption-text\">bo\u030brdaganatok elta\u0301voli\u0301ta\u0301sa<\/figcaption><\/figure><\/div>\n\t\t\t\t<\/div>\n\t\t\t\t\t\t\t<div class=\"elementor-toggle-item\">\n\t\t\t\t\t<div id=\"elementor-tab-title-7675\" class=\"elementor-tab-title\" data-tab=\"5\" role=\"tab\" aria-controls=\"elementor-tab-content-7675\">\n\t\t\t\t\t\t\t\t\t\t\t\t<span class=\"elementor-toggle-icon elementor-toggle-icon-right\" aria-hidden=\"true\">\n\t\t\t\t\t\t\t\t\t\t\t\t\t\t\t<span class=\"elementor-toggle-icon-closed\"><i class=\"fas fa-caret-right\"><\/i><\/span>\n\t\t\t\t\t\t\t\t<span class=\"elementor-toggle-icon-opened\"><i class=\"elementor-toggle-icon-opened fas fa-caret-up\"><\/i><\/span>\n\t\t\t\t\t\t\t\t\t\t\t\t\t<\/span>\n\t\t\t\t\t\t\t\t\t\t\t\t<a href=\"\" class=\"elementor-toggle-title\">faggy\u00facyst\u00e1k, kisebb zs\u00edrcsom\u00f3k elt\u00e1vol\u00edt\u00e1sa<\/a>\n\t\t\t\t\t<\/div>\n\t\t\t\t\t<div id=\"elementor-tab-content-7675\" class=\"elementor-tab-content elementor-clearfix\" data-tab=\"5\" role=\"tabpanel\" aria-labelledby=\"elementor-tab-title-7675\"><p>Hasonl\u00f3an faggy\u00facyst\u00e1k, kisebb zs\u00edrcsom\u00f3k elt\u00e1vol\u00edt\u00e1sa is lehets\u00e9ges, m\u00e9rett\u0151l f\u00fcgg\u0151en a beavatkoz\u00e1si id\u0151 45 percre b\u0151v\u00fclhet. Sebkontroll \u00e9s varratszed\u00e9s el\u0151z\u0151ek szerint. Gyulladt csom\u00f3k m\u0171t\u00e9ti elt\u00e1vol\u00edt\u00e1sa nem lehets\u00e9ges, a gennygy\u00fclem elt\u00e1vol\u00edt\u00e1sa \u00e9s a gyulladt folyamat leh\u00faz\u00e1sa, majd 1 h\u00f3nap fert\u0151z\u00e9s mentes t\u00fcrelmi id\u0151 ut\u00e1n oper\u00e1lunk. Gyullad\u00e1smentes csom\u00f3k ny\u00e1ri oper\u00e1ci\u00f3ja sem \u00e9rdemes, a m\u00e9lyebb sebek gyakoribb gyullad\u00e1sa miatt.<br \/><br \/><\/p><figure id=\"attachment_900\" aria-describedby=\"caption-attachment-900\" style=\"width: 768px\" class=\"wp-caption alignnone\"><img loading=\"lazy\" decoding=\"async\" class=\"size-large wp-image-900\" src=\"https:\/\/telederma.hu\/wp-content\/uploads\/2020\/10\/faggyu\u0301cysta-768x1024.jpg\" alt=\"\" width=\"768\" height=\"1024\" srcset=\"https:\/\/telederma.hu\/wp-content\/uploads\/2020\/10\/faggyu\u0301cysta-768x1024.jpg 768w, https:\/\/telederma.hu\/wp-content\/uploads\/2020\/10\/faggyu\u0301cysta-225x300.jpg 225w, https:\/\/telederma.hu\/wp-content\/uploads\/2020\/10\/faggyu\u0301cysta-1152x1536.jpg 1152w, https:\/\/telederma.hu\/wp-content\/uploads\/2020\/10\/faggyu\u0301cysta-1536x2048.jpg 1536w, https:\/\/telederma.hu\/wp-content\/uploads\/2020\/10\/faggyu\u0301cysta-scaled.jpg 1920w\" sizes=\"(max-width: 768px) 100vw, 768px\" \/><figcaption id=\"caption-attachment-900\" class=\"wp-caption-text\">faggyu\u0301cysta<\/figcaption><\/figure><\/div>\n\t\t\t\t<\/div>\n\t\t\t\t\t\t\t<div class=\"elementor-toggle-item\">\n\t\t\t\t\t<div id=\"elementor-tab-title-7676\" class=\"elementor-tab-title\" data-tab=\"6\" role=\"tab\" aria-controls=\"elementor-tab-content-7676\">\n\t\t\t\t\t\t\t\t\t\t\t\t<span class=\"elementor-toggle-icon elementor-toggle-icon-right\" aria-hidden=\"true\">\n\t\t\t\t\t\t\t\t\t\t\t\t\t\t\t<span class=\"elementor-toggle-icon-closed\"><i class=\"fas fa-caret-right\"><\/i><\/span>\n\t\t\t\t\t\t\t\t<span class=\"elementor-toggle-icon-opened\"><i class=\"elementor-toggle-icon-opened fas fa-caret-up\"><\/i><\/span>\n\t\t\t\t\t\t\t\t\t\t\t\t\t<\/span>\n\t\t\t\t\t\t\t\t\t\t\t\t<a href=\"\" class=\"elementor-toggle-title\">Hegkezel\u00e9s<\/a>\n\t\t\t\t\t<\/div>\n\t\t\t\t\t<div id=\"elementor-tab-content-7676\" class=\"elementor-tab-content elementor-clearfix\" data-tab=\"6\" role=\"tabpanel\" aria-labelledby=\"elementor-tab-title-7676\"><p>Hossz\u00fa id\u0151t, odafigyel\u00e9st \u00e9s t\u00fcrelmet ig\u00e9nyl\u0151 otthoni feladat. Emelked\u0151 hegek bizonyos fesz\u00fcl\u0151, s\u00farl\u00f3d\u00f3 ter\u00fcleteken (dekolt\u00e1zs, v\u00e1llak) fejl\u0151dhetnek ki. Megel\u0151z\u00e9sk\u00e9nt k\u00f6nny\u0171 k\u00f6t\u00e9s, fesz\u00fcl\u00e9smentes\u00edt\u00e9s, szilikon g\u00e9l \u00e9s tapasz alkalmazhat\u00f3. Hat\u00e1stalans\u00e1g eset\u00e9n steroid injekci\u00f3 sorozatot alkalmazunk a k\u00f6t\u0151sz\u00f6vet zsugor\u00edt\u00e1s\u00e1ra. Az eredm\u00e9ny bizonytalan.<\/p><figure id=\"attachment_899\" aria-describedby=\"caption-attachment-899\" style=\"width: 800px\" class=\"wp-caption alignnone\"><img loading=\"lazy\" decoding=\"async\" class=\"size-large wp-image-899\" src=\"https:\/\/telederma.hu\/wp-content\/uploads\/2020\/10\/hegkezele\u0301s-1024x768.jpg\" alt=\"\" width=\"800\" height=\"600\" srcset=\"https:\/\/telederma.hu\/wp-content\/uploads\/2020\/10\/hegkezele\u0301s-1024x768.jpg 1024w, https:\/\/telederma.hu\/wp-content\/uploads\/2020\/10\/hegkezele\u0301s-300x225.jpg 300w, https:\/\/telederma.hu\/wp-content\/uploads\/2020\/10\/hegkezele\u0301s-768x576.jpg 768w, https:\/\/telederma.hu\/wp-content\/uploads\/2020\/10\/hegkezele\u0301s-1536x1152.jpg 1536w, https:\/\/telederma.hu\/wp-content\/uploads\/2020\/10\/hegkezele\u0301s-2048x1536.jpg 2048w\" sizes=\"(max-width: 800px) 100vw, 800px\" \/><figcaption id=\"caption-attachment-899\" class=\"wp-caption-text\">hegkezele\u0301s<\/figcaption><\/figure><\/div>\n\t\t\t\t<\/div>\n\t\t\t\t\t<\/div>\n\t\t\t\t<\/div>\n\t\t\t\t<\/div>\n\t\t\t\t\t\t<\/div>\n\t\t\t\t\t<\/div>\n\t\t<\/div>\n\t\t\t\t\t\t\t\t<\/div>\n\t\t\t\t\t<\/div>\n\t\t<\/section>\n\t\t\t\t<section class=\"elementor-section elementor-top-section elementor-element elementor-element-5abd72d9 elementor-section-boxed elementor-section-height-default elementor-section-height-default\" data-id=\"5abd72d9\" data-element_type=\"section\" data-settings=\"{&quot;background_background&quot;:&quot;classic&quot;,&quot;shape_divider_bottom&quot;:&quot;tilt&quot;,&quot;_ha_eqh_enable&quot;:false}\">\n\t\t\t\t\t<div class=\"elementor-shape elementor-shape-bottom\" data-negative=\"false\">\n\t\t\t<svg xmlns=\"http:\/\/www.w3.org\/2000\/svg\" viewBox=\"0 0 1000 100\" preserveAspectRatio=\"none\">\n\t<path class=\"elementor-shape-fill\" d=\"M0,6V0h1000v100L0,6z\"\/>\n<\/svg>\t\t<\/div>\n\t\t\t\t\t<div class=\"elementor-container elementor-column-gap-default\">\n\t\t\t\t\t\t\t<div class=\"elementor-row\">\n\t\t\t\t\t<div class=\"elementor-column elementor-col-100 elementor-top-column elementor-element elementor-element-11ff2601\" data-id=\"11ff2601\" data-element_type=\"column\">\n\t\t\t<div class=\"elementor-column-wrap elementor-element-populated\">\n\t\t\t\t\t\t\t<div class=\"elementor-widget-wrap\">\n\t\t\t\t\t\t<div data-ha-element-link=\"{&quot;url&quot;:&quot;javascript:history.back()&quot;,&quot;is_external&quot;:&quot;&quot;,&quot;nofollow&quot;:&quot;&quot;,&quot;custom_attributes&quot;:&quot;&quot;}\" style=\"cursor: pointer\" class=\"elementor-element elementor-element-1ccc7f1 elementor-align-center elementor-widget elementor-widget-button\" data-id=\"1ccc7f1\" data-element_type=\"widget\" data-widget_type=\"button.default\">\n\t\t\t\t<div class=\"elementor-widget-container\">\n\t\t\t\t\t<div class=\"elementor-button-wrapper\">\n\t\t\t<a class=\"elementor-button elementor-size-sm\" role=\"button\">\n\t\t\t\t\t\t<span class=\"elementor-button-content-wrapper\">\n\t\t\t\t\t\t<span class=\"elementor-button-text\">Vissza<\/span>\n\t\t<\/span>\n\t\t\t\t\t<\/a>\n\t\t<\/div>\n\t\t\t\t<\/div>\n\t\t\t\t<\/div>\n\t\t\t\t\t\t<\/div>\n\t\t\t\t\t<\/div>\n\t\t<\/div>\n\t\t\t\t\t\t\t\t<\/div>\n\t\t\t\t\t<\/div>\n\t\t<\/section>\n\t\t\t\t\t\t<\/div>\n\t\t\t\t\t\t<\/div>\n\t\t\t\t\t<\/div>\n\t\t","protected":false},"excerpt":{"rendered":"<p>B\u0151rseb\u00e9szet F\u00e1jdalommentes, gyors elt\u00e1vol\u00edt\u00e1sok k\u00fcl\u00f6nb\u00f6z\u0151 b\u0151rkin\u00f6v\u00e9sek eset\u00e9ben \u00a0 \u00a0 Apr\u00f3bb b\u0151rkin\u00f6v\u00e9sek elt\u00e1vol\u00edt\u00e1sa Apr\u00f3bb b\u0151rkin\u00f6v\u00e9sek, sz\u00e9lesebb, lapos szaruk\u00e9pletek elt\u00e1vol\u00edt\u00e1sa kauteriz\u00e1ci\u00f3val, l\u00e9zerrel, kan\u00e1llal: sz\u00fcks\u00e9g lehet Lidokain injekci\u00f3s \u00e9rz\u00e9stelen\u00edt\u00e9sre, a sebgy\u00f3gyul\u00e1s 1-14 napig is eltarthat, m\u00e9rett\u0151l f\u00fcgg\u0151en. Sebhint\u0151port napi 2x alkalmazunk p\u00f6rklev\u00e1l\u00e1sig. A sebet ki\u00e1ztatni nem szabad, de r\u00f6vid tusol\u00e1s lehets\u00e9ges. S\u00farl\u00f3d\u00f3 ter\u00fcleteken fed\u00e9s sz\u00fcks\u00e9ges. apro\u0301bb bo\u030brkino\u0308ve\u0301sek elta\u0301voli\u0301ta\u0301sa [&hellip;]<\/p>\n","protected":false},"author":4,"featured_media":0,"parent":0,"menu_order":0,"comment_status":"closed","ping_status":"closed","template":"elementor_header_footer","meta":{"footnotes":""},"_links":{"self":[{"href":"https:\/\/telederma.hu\/hun\/wp-json\/wp\/v2\/pages\/346"}],"collection":[{"href":"https:\/\/telederma.hu\/hun\/wp-json\/wp\/v2\/pages"}],"about":[{"href":"https:\/\/telederma.hu\/hun\/wp-json\/wp\/v2\/types\/page"}],"author":[{"embeddable":true,"href":"https:\/\/telederma.hu\/hun\/wp-json\/wp\/v2\/users\/4"}],"replies":[{"embeddable":true,"href":"https:\/\/telederma.hu\/hun\/wp-json\/wp\/v2\/comments?post=346"}],"version-history":[{"count":10,"href":"https:\/\/telederma.hu\/hun\/wp-json\/wp\/v2\/pages\/346\/revisions"}],"predecessor-version":[{"id":977,"href":"https:\/\/telederma.hu\/hun\/wp-json\/wp\/v2\/pages\/346\/revisions\/977"}],"wp:attachment":[{"href":"https:\/\/telederma.hu\/hun\/wp-json\/wp\/v2\/media?parent=346"}],"curies":[{"name":"wp","href":"https:\/\/api.w.org\/{rel}","templated":true}]}}