{"id":357,"date":"2020-09-17T16:09:43","date_gmt":"2020-09-17T16:09:43","guid":{"rendered":"https:\/\/telederma.hu\/?page_id=357"},"modified":"2020-10-26T08:00:41","modified_gmt":"2020-10-26T08:00:41","slug":"alakformalas","status":"publish","type":"page","link":"https:\/\/telederma.hu\/hun\/alakformalas\/","title":{"rendered":"alakformalas"},"content":{"rendered":"\t\t<div data-elementor-type=\"wp-page\" data-elementor-id=\"357\" class=\"elementor elementor-357\" data-elementor-settings=\"[]\">\n\t\t\t\t\t\t<div class=\"elementor-inner\">\n\t\t\t\t\t\t\t<div class=\"elementor-section-wrap\">\n\t\t\t\t\t\t\t<section class=\"elementor-section elementor-top-section elementor-element elementor-element-3da7b459 elementor-section-full_width elementor-section-height-min-height elementor-section-items-stretch elementor-section-content-bottom elementor-section-height-default\" data-id=\"3da7b459\" data-element_type=\"section\" data-settings=\"{&quot;shape_divider_top&quot;:&quot;tilt&quot;,&quot;_ha_eqh_enable&quot;:false}\">\n\t\t\t\t\t<div class=\"elementor-shape elementor-shape-top\" data-negative=\"false\">\n\t\t\t<svg xmlns=\"http:\/\/www.w3.org\/2000\/svg\" viewBox=\"0 0 1000 100\" preserveAspectRatio=\"none\">\n\t<path class=\"elementor-shape-fill\" d=\"M0,6V0h1000v100L0,6z\"\/>\n<\/svg>\t\t<\/div>\n\t\t\t\t\t<div class=\"elementor-container elementor-column-gap-no\">\n\t\t\t\t\t\t\t<div class=\"elementor-row\">\n\t\t\t\t\t<div class=\"elementor-column elementor-col-50 elementor-top-column elementor-element elementor-element-635f05fb\" data-id=\"635f05fb\" data-element_type=\"column\" data-settings=\"{&quot;background_background&quot;:&quot;classic&quot;}\">\n\t\t\t<div class=\"elementor-column-wrap elementor-element-populated\">\n\t\t\t\t\t\t\t<div class=\"elementor-widget-wrap\">\n\t\t\t\t\t\t<div class=\"elementor-element elementor-element-16757767 elementor-widget elementor-widget-heading\" data-id=\"16757767\" data-element_type=\"widget\" data-widget_type=\"heading.default\">\n\t\t\t\t<div class=\"elementor-widget-container\">\n\t\t\t<h2 class=\"elementor-heading-title elementor-size-default\">Alakform\u00e1l\u00e1s<\/h2>\t\t<\/div>\n\t\t\t\t<\/div>\n\t\t\t\t<div class=\"elementor-element elementor-element-58cf8c34 elementor-widget elementor-widget-text-editor\" data-id=\"58cf8c34\" data-element_type=\"widget\" data-widget_type=\"text-editor.default\">\n\t\t\t\t<div class=\"elementor-widget-container\">\n\t\t\t\t\t<div class=\"elementor-text-editor elementor-clearfix\"><p>Az \u00e1lomalak el\u00e9rhet\u0151!<\/p><\/div>\n\t\t\t\t<\/div>\n\t\t\t\t<\/div>\n\t\t\t\t\t\t<\/div>\n\t\t\t\t\t<\/div>\n\t\t<\/div>\n\t\t\t\t<div class=\"elementor-column elementor-col-50 elementor-top-column elementor-element elementor-element-592fd9a\" data-id=\"592fd9a\" data-element_type=\"column\">\n\t\t\t<div class=\"elementor-column-wrap elementor-element-populated\">\n\t\t\t\t\t\t\t<div class=\"elementor-widget-wrap\">\n\t\t\t\t\t\t<div class=\"elementor-element elementor-element-3c5bb178 elementor-widget elementor-widget-theme-post-featured-image elementor-widget-image\" data-id=\"3c5bb178\" data-element_type=\"widget\" data-widget_type=\"theme-post-featured-image.default\">\n\t\t\t\t<div class=\"elementor-widget-container\">\n\t\t\t\t\t<div class=\"elementor-image\">\n\t\t\t\t\t\t\t\t\t\t<img loading=\"lazy\" decoding=\"async\" width=\"388\" height=\"517\" src=\"https:\/\/telederma.hu\/wp-content\/uploads\/2020\/06\/Alakformalas.png\" class=\"attachment-large size-large\" alt=\"\" srcset=\"https:\/\/telederma.hu\/wp-content\/uploads\/2020\/06\/Alakformalas.png 388w, https:\/\/telederma.hu\/wp-content\/uploads\/2020\/06\/Alakformalas-225x300.png 225w\" sizes=\"(max-width: 388px) 100vw, 388px\" \/>\t\t\t\t\t\t\t\t\t\t\t<\/div>\n\t\t\t\t<\/div>\n\t\t\t\t<\/div>\n\t\t\t\t\t\t<\/div>\n\t\t\t\t\t<\/div>\n\t\t<\/div>\n\t\t\t\t\t\t\t\t<\/div>\n\t\t\t\t\t<\/div>\n\t\t<\/section>\n\t\t\t\t<section class=\"elementor-section elementor-top-section elementor-element elementor-element-74631f5a elementor-section-content-middle elementor-section-boxed elementor-section-height-default elementor-section-height-default\" data-id=\"74631f5a\" data-element_type=\"section\" data-settings=\"{&quot;background_background&quot;:&quot;classic&quot;,&quot;shape_divider_top&quot;:&quot;tilt&quot;,&quot;_ha_eqh_enable&quot;:false}\">\n\t\t\t\t\t<div class=\"elementor-shape elementor-shape-top\" data-negative=\"false\">\n\t\t\t<svg xmlns=\"http:\/\/www.w3.org\/2000\/svg\" viewBox=\"0 0 1000 100\" preserveAspectRatio=\"none\">\n\t<path class=\"elementor-shape-fill\" d=\"M0,6V0h1000v100L0,6z\"\/>\n<\/svg>\t\t<\/div>\n\t\t\t\t\t<div class=\"elementor-container elementor-column-gap-no\">\n\t\t\t\t\t\t\t<div class=\"elementor-row\">\n\t\t\t\t\t<div class=\"elementor-column elementor-col-100 elementor-top-column elementor-element elementor-element-5fb16316\" data-id=\"5fb16316\" data-element_type=\"column\" data-settings=\"{&quot;background_background&quot;:&quot;classic&quot;}\">\n\t\t\t<div class=\"elementor-column-wrap elementor-element-populated\">\n\t\t\t\t\t\t\t<div class=\"elementor-widget-wrap\">\n\t\t\t\t\t\t<div class=\"elementor-element elementor-element-1f3a71f1 elementor-widget elementor-widget-toggle\" data-id=\"1f3a71f1\" data-element_type=\"widget\" data-widget_type=\"toggle.default\">\n\t\t\t\t<div class=\"elementor-widget-container\">\n\t\t\t\t\t<div class=\"elementor-toggle\" role=\"tablist\">\n\t\t\t\t\t\t\t<div class=\"elementor-toggle-item\">\n\t\t\t\t\t<div id=\"elementor-tab-title-5231\" class=\"elementor-tab-title\" data-tab=\"1\" role=\"tab\" aria-controls=\"elementor-tab-content-5231\">\n\t\t\t\t\t\t\t\t\t\t\t\t<span class=\"elementor-toggle-icon elementor-toggle-icon-right\" aria-hidden=\"true\">\n\t\t\t\t\t\t\t\t\t\t\t\t\t\t\t<span class=\"elementor-toggle-icon-closed\"><i class=\"fas fa-caret-right\"><\/i><\/span>\n\t\t\t\t\t\t\t\t<span class=\"elementor-toggle-icon-opened\"><i class=\"elementor-toggle-icon-opened fas fa-caret-up\"><\/i><\/span>\n\t\t\t\t\t\t\t\t\t\t\t\t\t<\/span>\n\t\t\t\t\t\t\t\t\t\t\t\t<a href=\"\" class=\"elementor-toggle-title\">Injekci\u00f3s lipolysis<\/a>\n\t\t\t\t\t<\/div>\n\t\t\t\t\t<div id=\"elementor-tab-content-5231\" class=\"elementor-tab-content elementor-clearfix\" data-tab=\"1\" role=\"tabpanel\" aria-labelledby=\"elementor-tab-title-5231\"><p>Injekci\u00f3s lipolysis: kisebb lefogyhatatlan zs\u00edrp\u00e1rn\u00e1k (toka, has, tompor, t\u00e9rd, combok) fel\u00fcleti lidokain kr\u00e9mes \u00e9rz\u00e9stelen\u00edt\u00e9s ut\u00e1n apr\u00f3 zs\u00edrold\u00f3 injekci\u00f3kkal cs\u00f6kkenthet\u0151k (Sagoni melt, Derma stabilon, PPC+, L-carnitin, Artics\u00f3ka, Coffein, Bellkira). A hat\u00f3anyagok az epesav zs\u00edrold\u00f3 hat\u00e1s\u00e1n alapulnak, kieg\u00e9sz\u00edtve az oldott zs\u00edr elsz\u00e1ll\u00edt\u00e1s\u00e1t seg\u00edt\u0151 anyagokkal. 3-4 kezel\u00e9s ad eredm\u00e9nyt. A kezel\u00e9sek k\u00f6z\u00f6tt 2-3 h\u00e9t telik el. A kezel\u00e9s alatt s\u00falygyarapod\u00e1s nem alakulhat ki, a megtartott s\u00faly mellett m\u00e1r eredm\u00e9ny l\u00e1that\u00f3. K\u00fcl\u00f6nb\u00f6z\u0151 \u00f6sszet\u00e9tel\u0171 kivonatok alkalmazhat\u00f3k a k\u00fcl\u00f6nb\u00f6z\u0151 ter\u00fcletekre, mennyis\u00e9g\u00fck, \u00e9s \u00e1ruk is a kezelend\u0151 ter\u00fclet nagys\u00e1g\u00e1t\u00f3l is f\u00fcgg, el\u0151zetes vizsg\u00e1lattal tudjuk meg\u00e1llap\u00edtani az egy\u00e9nre szabott ter\u00e1pi\u00e1t. A kezel\u00e9s ut\u00e1n a ter\u00fcletet fedj\u00fck, m\u00e1snap reggel \u00e9rheti v\u00edz. Bev\u00e9rz\u00e9sek a kezelt ter\u00fcleten kialakulhatnak, felsz\u00edv\u00f3d\u00e1suk minimum 1 hetet vesz ig\u00e9nybe.<br \/><br \/><\/p><figure id=\"attachment_889\" aria-describedby=\"caption-attachment-889\" style=\"width: 800px\" class=\"wp-caption alignnone\"><img loading=\"lazy\" decoding=\"async\" class=\"size-large wp-image-889\" src=\"https:\/\/telederma.hu\/wp-content\/uploads\/2020\/10\/inj-lipoli\u0301zis-2-1024x683.jpg\" alt=\"\" width=\"800\" height=\"534\" srcset=\"https:\/\/telederma.hu\/wp-content\/uploads\/2020\/10\/inj-lipoli\u0301zis-2-1024x683.jpg 1024w, https:\/\/telederma.hu\/wp-content\/uploads\/2020\/10\/inj-lipoli\u0301zis-2-300x200.jpg 300w, https:\/\/telederma.hu\/wp-content\/uploads\/2020\/10\/inj-lipoli\u0301zis-2-768x512.jpg 768w, https:\/\/telederma.hu\/wp-content\/uploads\/2020\/10\/inj-lipoli\u0301zis-2-1536x1024.jpg 1536w, https:\/\/telederma.hu\/wp-content\/uploads\/2020\/10\/inj-lipoli\u0301zis-2-2048x1365.jpg 2048w\" sizes=\"(max-width: 800px) 100vw, 800px\" \/><figcaption id=\"caption-attachment-889\" class=\"wp-caption-text\">Injekci\u00f3s lipolysis<\/figcaption><\/figure><\/div>\n\t\t\t\t<\/div>\n\t\t\t\t\t\t\t<div class=\"elementor-toggle-item\">\n\t\t\t\t\t<div id=\"elementor-tab-title-5232\" class=\"elementor-tab-title\" data-tab=\"2\" role=\"tab\" aria-controls=\"elementor-tab-content-5232\">\n\t\t\t\t\t\t\t\t\t\t\t\t<span class=\"elementor-toggle-icon elementor-toggle-icon-right\" aria-hidden=\"true\">\n\t\t\t\t\t\t\t\t\t\t\t\t\t\t\t<span class=\"elementor-toggle-icon-closed\"><i class=\"fas fa-caret-right\"><\/i><\/span>\n\t\t\t\t\t\t\t\t<span class=\"elementor-toggle-icon-opened\"><i class=\"elementor-toggle-icon-opened fas fa-caret-up\"><\/i><\/span>\n\t\t\t\t\t\t\t\t\t\t\t\t\t<\/span>\n\t\t\t\t\t\t\t\t\t\t\t\t<a href=\"\" class=\"elementor-toggle-title\">Cellulit kezel\u00e9se, zs\u00edrbont\u00e1s ut\u00e1n, terhess\u00e9g ut\u00e1n <\/a>\n\t\t\t\t\t<\/div>\n\t\t\t\t\t<div id=\"elementor-tab-content-5232\" class=\"elementor-tab-content elementor-clearfix\" data-tab=\"2\" role=\"tabpanel\" aria-labelledby=\"elementor-tab-title-5232\"><p>Cellulit kezel\u00e9se, zs\u00edrbont\u00e1s ut\u00e1n, terhess\u00e9g ut\u00e1n megereszkedett b\u0151r feszes\u00edt\u00e9se:\u00a0 Radiofrekvencia-v\u00e1kuum-ultrahang kombin\u00e1ci\u00f3j\u00e1val, illetve egyedi \u00f6sszehangol\u00e1s\u00e1val 6-8 kezel\u00e9ssel \u00e9rhet\u0151 el eredm\u00e9ny.\u00a0 Speci\u00e1lis g\u00e9pi kezel\u00e9s, (Cavital WRC) a k\u00e9sz\u00fcl\u00e9k zs\u00edrt mobiliz\u00e1l, b\u0151rt feszes\u00edt, nyirokkering\u00e9st fokoz. El\u0151zetes \u00e1llapotfelm\u00e9r\u00e9s alapj\u00e1n \u00e1llap\u00edtjuk meg a\u00a0 kezel\u00e9sek sz\u00e1m\u00e1t. 1-2 hetente ism\u00e9tl\u00e9s \u00e9rdemes.<br \/><br \/><\/p><figure id=\"attachment_893\" aria-describedby=\"caption-attachment-893\" style=\"width: 683px\" class=\"wp-caption alignnone\"><img loading=\"lazy\" decoding=\"async\" class=\"size-large wp-image-893\" src=\"https:\/\/telederma.hu\/wp-content\/uploads\/2020\/10\/Cavital-WRC-683x1024.jpg\" alt=\"\" width=\"683\" height=\"1024\" srcset=\"https:\/\/telederma.hu\/wp-content\/uploads\/2020\/10\/Cavital-WRC-683x1024.jpg 683w, https:\/\/telederma.hu\/wp-content\/uploads\/2020\/10\/Cavital-WRC-200x300.jpg 200w, https:\/\/telederma.hu\/wp-content\/uploads\/2020\/10\/Cavital-WRC-768x1152.jpg 768w, https:\/\/telederma.hu\/wp-content\/uploads\/2020\/10\/Cavital-WRC-1024x1536.jpg 1024w, https:\/\/telederma.hu\/wp-content\/uploads\/2020\/10\/Cavital-WRC-1365x2048.jpg 1365w, https:\/\/telederma.hu\/wp-content\/uploads\/2020\/10\/Cavital-WRC-scaled.jpg 1707w\" sizes=\"(max-width: 683px) 100vw, 683px\" \/><figcaption id=\"caption-attachment-893\" class=\"wp-caption-text\">Cavital WRC<\/figcaption><\/figure><\/div>\n\t\t\t\t<\/div>\n\t\t\t\t\t\t\t<div class=\"elementor-toggle-item\">\n\t\t\t\t\t<div id=\"elementor-tab-title-5233\" class=\"elementor-tab-title\" data-tab=\"3\" role=\"tab\" aria-controls=\"elementor-tab-content-5233\">\n\t\t\t\t\t\t\t\t\t\t\t\t<span class=\"elementor-toggle-icon elementor-toggle-icon-right\" aria-hidden=\"true\">\n\t\t\t\t\t\t\t\t\t\t\t\t\t\t\t<span class=\"elementor-toggle-icon-closed\"><i class=\"fas fa-caret-right\"><\/i><\/span>\n\t\t\t\t\t\t\t\t<span class=\"elementor-toggle-icon-opened\"><i class=\"elementor-toggle-icon-opened fas fa-caret-up\"><\/i><\/span>\n\t\t\t\t\t\t\t\t\t\t\t\t\t<\/span>\n\t\t\t\t\t\t\t\t\t\t\t\t<a href=\"\" class=\"elementor-toggle-title\">B\u0151rfeszes\u00edt\u00e9s testkezel\u0151 rollerrel<\/a>\n\t\t\t\t\t<\/div>\n\t\t\t\t\t<div id=\"elementor-tab-content-5233\" class=\"elementor-tab-content elementor-clearfix\" data-tab=\"3\" role=\"tabpanel\" aria-labelledby=\"elementor-tab-title-5233\"><p>B\u0151rfeszes\u00edt\u00e9s testkezel\u0151 rollerrel \u00e9s elektropor\u00e1ci\u00f3val: v\u00e9konyabb b\u0151r er\u0151s\u00edt\u00e9s\u00e9re lidokain kr\u00e9mes \u00e9rz\u00e9stelen\u00edt\u00e9s ut\u00e1n apr\u00f3 sz\u00far\u00e1sokat v\u00e9gz\u00fcnk, majd elektropor\u00e1torral feszes\u00edt\u0151 kokt\u00e9lt juttatunk a b\u0151rbe . Nagy fel\u00fcletek, comb, has kezel\u00e9se lehets\u00e9ges. 3-4 alkalom 5-8 hetente adja a k\u00edv\u00e1nt eredm\u00e9nyt. Aznapra a kezelt ter\u00fcletet k\u00f6tj\u00fck, a b\u0151rfelsz\u00edni hat\u00f3anyag nem moshat\u00f3 le csak m\u00e1snap reggel.<br \/><br \/><\/p><figure id=\"attachment_891\" aria-describedby=\"caption-attachment-891\" style=\"width: 800px\" class=\"wp-caption alignnone\"><img loading=\"lazy\" decoding=\"async\" class=\"size-large wp-image-891\" src=\"https:\/\/telederma.hu\/wp-content\/uploads\/2020\/10\/testkezelo\u030b-roller-2-1024x683.jpg\" alt=\"\" width=\"800\" height=\"534\" srcset=\"https:\/\/telederma.hu\/wp-content\/uploads\/2020\/10\/testkezelo\u030b-roller-2-1024x683.jpg 1024w, https:\/\/telederma.hu\/wp-content\/uploads\/2020\/10\/testkezelo\u030b-roller-2-300x200.jpg 300w, https:\/\/telederma.hu\/wp-content\/uploads\/2020\/10\/testkezelo\u030b-roller-2-768x512.jpg 768w, https:\/\/telederma.hu\/wp-content\/uploads\/2020\/10\/testkezelo\u030b-roller-2-1536x1024.jpg 1536w, https:\/\/telederma.hu\/wp-content\/uploads\/2020\/10\/testkezelo\u030b-roller-2-2048x1365.jpg 2048w\" sizes=\"(max-width: 800px) 100vw, 800px\" \/><figcaption id=\"caption-attachment-891\" class=\"wp-caption-text\">B\u0151rfeszes\u00edt\u00e9s testkezel\u0151 rollerrel<\/figcaption><\/figure><\/div>\n\t\t\t\t<\/div>\n\t\t\t\t\t<\/div>\n\t\t\t\t<\/div>\n\t\t\t\t<\/div>\n\t\t\t\t\t\t<\/div>\n\t\t\t\t\t<\/div>\n\t\t<\/div>\n\t\t\t\t\t\t\t\t<\/div>\n\t\t\t\t\t<\/div>\n\t\t<\/section>\n\t\t\t\t<section class=\"elementor-section elementor-top-section elementor-element elementor-element-5ab71265 elementor-section-boxed elementor-section-height-default elementor-section-height-default\" data-id=\"5ab71265\" data-element_type=\"section\" data-settings=\"{&quot;background_background&quot;:&quot;classic&quot;,&quot;shape_divider_bottom&quot;:&quot;tilt&quot;,&quot;_ha_eqh_enable&quot;:false}\">\n\t\t\t\t\t<div class=\"elementor-shape elementor-shape-bottom\" data-negative=\"false\">\n\t\t\t<svg xmlns=\"http:\/\/www.w3.org\/2000\/svg\" viewBox=\"0 0 1000 100\" preserveAspectRatio=\"none\">\n\t<path class=\"elementor-shape-fill\" d=\"M0,6V0h1000v100L0,6z\"\/>\n<\/svg>\t\t<\/div>\n\t\t\t\t\t<div class=\"elementor-container elementor-column-gap-default\">\n\t\t\t\t\t\t\t<div class=\"elementor-row\">\n\t\t\t\t\t<div class=\"elementor-column elementor-col-100 elementor-top-column elementor-element elementor-element-41e11eb0\" data-id=\"41e11eb0\" data-element_type=\"column\">\n\t\t\t<div class=\"elementor-column-wrap elementor-element-populated\">\n\t\t\t\t\t\t\t<div class=\"elementor-widget-wrap\">\n\t\t\t\t\t\t<div data-ha-element-link=\"{&quot;url&quot;:&quot;javascript:history.back()&quot;,&quot;is_external&quot;:&quot;&quot;,&quot;nofollow&quot;:&quot;&quot;,&quot;custom_attributes&quot;:&quot;&quot;}\" style=\"cursor: pointer\" class=\"elementor-element elementor-element-35ce42b elementor-align-center elementor-widget elementor-widget-button\" data-id=\"35ce42b\" data-element_type=\"widget\" data-widget_type=\"button.default\">\n\t\t\t\t<div class=\"elementor-widget-container\">\n\t\t\t\t\t<div class=\"elementor-button-wrapper\">\n\t\t\t<a class=\"elementor-button elementor-size-sm\" role=\"button\">\n\t\t\t\t\t\t<span class=\"elementor-button-content-wrapper\">\n\t\t\t\t\t\t<span class=\"elementor-button-text\">Vissza<\/span>\n\t\t<\/span>\n\t\t\t\t\t<\/a>\n\t\t<\/div>\n\t\t\t\t<\/div>\n\t\t\t\t<\/div>\n\t\t\t\t\t\t<\/div>\n\t\t\t\t\t<\/div>\n\t\t<\/div>\n\t\t\t\t\t\t\t\t<\/div>\n\t\t\t\t\t<\/div>\n\t\t<\/section>\n\t\t\t\t\t\t<\/div>\n\t\t\t\t\t\t<\/div>\n\t\t\t\t\t<\/div>\n\t\t","protected":false},"excerpt":{"rendered":"<p>Alakform\u00e1l\u00e1s Az \u00e1lomalak el\u00e9rhet\u0151! Injekci\u00f3s lipolysis Injekci\u00f3s lipolysis: kisebb lefogyhatatlan zs\u00edrp\u00e1rn\u00e1k (toka, has, tompor, t\u00e9rd, combok) fel\u00fcleti lidokain kr\u00e9mes \u00e9rz\u00e9stelen\u00edt\u00e9s ut\u00e1n apr\u00f3 zs\u00edrold\u00f3 injekci\u00f3kkal cs\u00f6kkenthet\u0151k (Sagoni melt, Derma stabilon, PPC+, L-carnitin, Artics\u00f3ka, Coffein, Bellkira). A hat\u00f3anyagok az epesav zs\u00edrold\u00f3 hat\u00e1s\u00e1n alapulnak, kieg\u00e9sz\u00edtve az oldott zs\u00edr elsz\u00e1ll\u00edt\u00e1s\u00e1t seg\u00edt\u0151 anyagokkal. 3-4 kezel\u00e9s ad eredm\u00e9nyt. A kezel\u00e9sek k\u00f6z\u00f6tt [&hellip;]<\/p>\n","protected":false},"author":4,"featured_media":0,"parent":0,"menu_order":0,"comment_status":"closed","ping_status":"closed","template":"elementor_header_footer","meta":{"footnotes":""},"_links":{"self":[{"href":"https:\/\/telederma.hu\/hun\/wp-json\/wp\/v2\/pages\/357"}],"collection":[{"href":"https:\/\/telederma.hu\/hun\/wp-json\/wp\/v2\/pages"}],"about":[{"href":"https:\/\/telederma.hu\/hun\/wp-json\/wp\/v2\/types\/page"}],"author":[{"embeddable":true,"href":"https:\/\/telederma.hu\/hun\/wp-json\/wp\/v2\/users\/4"}],"replies":[{"embeddable":true,"href":"https:\/\/telederma.hu\/hun\/wp-json\/wp\/v2\/comments?post=357"}],"version-history":[{"count":9,"href":"https:\/\/telederma.hu\/hun\/wp-json\/wp\/v2\/pages\/357\/revisions"}],"predecessor-version":[{"id":894,"href":"https:\/\/telederma.hu\/hun\/wp-json\/wp\/v2\/pages\/357\/revisions\/894"}],"wp:attachment":[{"href":"https:\/\/telederma.hu\/hun\/wp-json\/wp\/v2\/media?parent=357"}],"curies":[{"name":"wp","href":"https:\/\/api.w.org\/{rel}","templated":true}]}}