{"id":948,"date":"2020-11-06T13:50:51","date_gmt":"2020-11-06T13:50:51","guid":{"rendered":"https:\/\/telederma.hu\/?page_id=948"},"modified":"2022-06-29T09:53:35","modified_gmt":"2022-06-29T09:53:35","slug":"hazirend","status":"publish","type":"page","link":"https:\/\/telederma.hu\/hun\/hazirend\/","title":{"rendered":"hazirend"},"content":{"rendered":"\t\t<div data-elementor-type=\"wp-page\" data-elementor-id=\"948\" class=\"elementor elementor-948\" data-elementor-settings=\"[]\">\n\t\t\t\t\t\t<div class=\"elementor-inner\">\n\t\t\t\t\t\t\t<div class=\"elementor-section-wrap\">\n\t\t\t\t\t\t\t<section class=\"elementor-section elementor-top-section elementor-element elementor-element-d2a44e8 elementor-section-full_width elementor-section-height-min-height elementor-section-items-stretch elementor-section-content-bottom elementor-section-height-default\" data-id=\"d2a44e8\" data-element_type=\"section\" data-settings=\"{&quot;shape_divider_top&quot;:&quot;tilt&quot;,&quot;_ha_eqh_enable&quot;:false}\">\n\t\t\t\t\t<div class=\"elementor-shape elementor-shape-top\" data-negative=\"false\">\n\t\t\t<svg xmlns=\"http:\/\/www.w3.org\/2000\/svg\" viewBox=\"0 0 1000 100\" preserveAspectRatio=\"none\">\n\t<path class=\"elementor-shape-fill\" d=\"M0,6V0h1000v100L0,6z\"\/>\n<\/svg>\t\t<\/div>\n\t\t\t\t\t<div class=\"elementor-container elementor-column-gap-no\">\n\t\t\t\t\t\t\t<div class=\"elementor-row\">\n\t\t\t\t\t<div class=\"elementor-column elementor-col-50 elementor-top-column elementor-element elementor-element-470e6df7\" data-id=\"470e6df7\" data-element_type=\"column\" data-settings=\"{&quot;background_background&quot;:&quot;classic&quot;}\">\n\t\t\t<div class=\"elementor-column-wrap elementor-element-populated\">\n\t\t\t\t\t\t\t<div class=\"elementor-widget-wrap\">\n\t\t\t\t\t\t<div class=\"elementor-element elementor-element-39769bc0 elementor-widget elementor-widget-heading\" data-id=\"39769bc0\" data-element_type=\"widget\" data-widget_type=\"heading.default\">\n\t\t\t\t<div class=\"elementor-widget-container\">\n\t\t\t<h2 class=\"elementor-heading-title elementor-size-default\">H\u00e1zirend<\/h2>\t\t<\/div>\n\t\t\t\t<\/div>\n\t\t\t\t<div class=\"elementor-element elementor-element-d378f7e elementor-widget elementor-widget-text-editor\" data-id=\"d378f7e\" data-element_type=\"widget\" data-widget_type=\"text-editor.default\">\n\t\t\t\t<div class=\"elementor-widget-container\">\n\t\t\t\t\t<div class=\"elementor-text-editor elementor-clearfix\"><\/div>\n\t\t\t\t<\/div>\n\t\t\t\t<\/div>\n\t\t\t\t\t\t<\/div>\n\t\t\t\t\t<\/div>\n\t\t<\/div>\n\t\t\t\t<div class=\"elementor-column elementor-col-50 elementor-top-column elementor-element elementor-element-6e50be5c\" data-id=\"6e50be5c\" data-element_type=\"column\">\n\t\t\t<div class=\"elementor-column-wrap\">\n\t\t\t\t\t\t\t<div class=\"elementor-widget-wrap\">\n\t\t\t\t\t\t\t\t<\/div>\n\t\t\t\t\t<\/div>\n\t\t<\/div>\n\t\t\t\t\t\t\t\t<\/div>\n\t\t\t\t\t<\/div>\n\t\t<\/section>\n\t\t\t\t<section class=\"elementor-section elementor-top-section elementor-element elementor-element-40a0b77e elementor-section-boxed elementor-section-height-default elementor-section-height-default\" data-id=\"40a0b77e\" data-element_type=\"section\" data-settings=\"{&quot;_ha_eqh_enable&quot;:false}\">\n\t\t\t\t\t\t<div class=\"elementor-container elementor-column-gap-default\">\n\t\t\t\t\t\t\t<div class=\"elementor-row\">\n\t\t\t\t\t<div class=\"elementor-column elementor-col-100 elementor-top-column elementor-element elementor-element-43d168d4\" data-id=\"43d168d4\" data-element_type=\"column\">\n\t\t\t<div class=\"elementor-column-wrap\">\n\t\t\t\t\t\t\t<div class=\"elementor-widget-wrap\">\n\t\t\t\t\t\t\t\t<\/div>\n\t\t\t\t\t<\/div>\n\t\t<\/div>\n\t\t\t\t\t\t\t\t<\/div>\n\t\t\t\t\t<\/div>\n\t\t<\/section>\n\t\t\t\t<section class=\"elementor-section elementor-top-section elementor-element elementor-element-4c371d0e elementor-section-boxed elementor-section-height-default elementor-section-height-default\" data-id=\"4c371d0e\" data-element_type=\"section\" data-settings=\"{&quot;background_background&quot;:&quot;classic&quot;,&quot;shape_divider_top&quot;:&quot;tilt&quot;,&quot;shape_divider_bottom&quot;:&quot;tilt&quot;,&quot;_ha_eqh_enable&quot;:false}\">\n\t\t\t\t\t<div class=\"elementor-shape elementor-shape-top\" data-negative=\"false\">\n\t\t\t<svg xmlns=\"http:\/\/www.w3.org\/2000\/svg\" viewBox=\"0 0 1000 100\" preserveAspectRatio=\"none\">\n\t<path class=\"elementor-shape-fill\" d=\"M0,6V0h1000v100L0,6z\"\/>\n<\/svg>\t\t<\/div>\n\t\t\t\t<div class=\"elementor-shape elementor-shape-bottom\" data-negative=\"false\">\n\t\t\t<svg xmlns=\"http:\/\/www.w3.org\/2000\/svg\" viewBox=\"0 0 1000 100\" preserveAspectRatio=\"none\">\n\t<path class=\"elementor-shape-fill\" d=\"M0,6V0h1000v100L0,6z\"\/>\n<\/svg>\t\t<\/div>\n\t\t\t\t\t<div class=\"elementor-container elementor-column-gap-default\">\n\t\t\t\t\t\t\t<div class=\"elementor-row\">\n\t\t\t\t\t<div class=\"elementor-column elementor-col-100 elementor-top-column elementor-element elementor-element-fadcc1c\" data-id=\"fadcc1c\" data-element_type=\"column\" data-settings=\"{&quot;background_background&quot;:&quot;classic&quot;}\">\n\t\t\t<div class=\"elementor-column-wrap elementor-element-populated\">\n\t\t\t\t\t\t\t<div class=\"elementor-widget-wrap\">\n\t\t\t\t\t\t<div class=\"elementor-element elementor-element-86bd60b elementor-widget elementor-widget-text-editor\" data-id=\"86bd60b\" data-element_type=\"widget\" data-widget_type=\"text-editor.default\">\n\t\t\t\t<div class=\"elementor-widget-container\">\n\t\t\t\t\t<div class=\"elementor-text-editor elementor-clearfix\"><p><strong>Jelen h\u00e1zirend betart\u00e1sa k\u00f6telez\u0151 minden rendel\u0151nkben tart\u00f3zkod\u00f3 szem\u00e9lyre n\u00e9zve. A H\u00e1zirend elolvashat\u00f3 a budapesti v\u00e1r\u00f3helyis\u00e9gben \u00e9s honlapunkon al\u00e1bb egyar\u00e1nt.<\/strong><br \/><br \/><br \/><\/p><ol><li>Az id\u0151pont lefoglal\u00e1s\u00e1val \u00e9s a szolg\u00e1ltat\u00e1sok ig\u00e9nybev\u00e9tel\u00e9vel minden vend\u00e9g\u00fcnk automatikusan elfogadja a H\u00e1zirend szab\u00e1lyait, tov\u00e1bb\u00e1 a GDPR rendelkez\u00e9seit.<br \/><br \/><\/li><li>Egy id\u0151pontban csak egy p\u00e1cienst tudunk ell\u00e1tni. Amennyiben t\u00f6bb\u00a0 p\u00e1ciens ell\u00e1t\u00e1sa sz\u00fcks\u00e9ges, nekik k\u00fcl\u00f6n id\u0151pontot kell k\u00e9rni\u00fck. Id\u0151pontot emailben nem tudunk adni.<br \/><br \/><\/li><li>A kezel\u0151 helyis\u00e9gbe babakocsit, rollert, g\u00f6rkorcsoly\u00e1t, ker\u00e9kp\u00e1rt helyhi\u00e1ny \u00e9s higi\u00e9niai okok miat nem tudunk beengedni (kiv\u00e9tel a kerekessz\u00e9k \u00e9s j\u00e1r\u00f3keret). Ker\u00e9kp\u00e1rt \u00e9s rollert az utc\u00e1n legyenek sz\u00edvesek hagyni.<br \/><br \/><\/li><li>A kezel\u0151 helyis\u00e9gben a vizsg\u00e1land\u00f3\u00a0 p\u00e1ciens mellett 1 k\u00eds\u00e9r\u0151\u00a0 tart\u00f3zkodhat. Az asszisztens kik\u00fcld\u00e9s\u00e9re nincs lehet\u0151s\u00e9g.<br \/><br \/><\/li><li>K\u00e9rj\u00fck, tart\u00f3zkodjanak a hangos besz\u00e9dt\u0151l, kiab\u00e1l\u00e1st\u00f3l \u00e9s egy\u00e9b zavar\u00f3 tev\u00e9kenys\u00e9gt\u0151l (ajt\u00f3k becsap\u00e1sa, szaladg\u00e1l\u00e1s).<br \/><br \/><\/li><li>K\u00e9rj\u00fck, \u00fcgyeljenek a tisztas\u00e1gra. Int\u00e9zm\u00e9ny\u00fcnk helyis\u00e9geiben a morzs\u00e1l\u00f3d\u00f3 \u00e9telek, fagylalt fogyaszt\u00e1sa tilos. A doh\u00e1nyz\u00e1s a rendel\u0151 k\u00fcls\u0151 5 m\u00e9teres k\u00f6rzet\u00e9ben is tilos. Szennyezett, s\u00e1ros ruh\u00e1zatban, cip\u0151ben tilos a rendel\u0151ben tart\u00f3zkodni. Es\u0151s id\u0151ben k\u00e9rj\u00fck, haszn\u00e1lj\u00e1k a kihelyezett l\u00e1bzs\u00e1kokat. Ha int\u00e9zm\u00e9ny\u00fcnkben valahol tisztas\u00e1gi probl\u00e9m\u00e1t \u00e9szlel, k\u00e9rj\u00fck, jelezze munkat\u00e1rsainknak.<br \/><br \/><\/li><li>K\u00e9rj\u00fck a rendel\u00e9sre id\u0151ben \u00e9rkezzen. Vegy\u00e9k figyelembe, hogy a lefoglalt id\u0151pont a kezel\u00e9s kezd\u00e9si ideje, k\u00e9s\u00e9s eset\u00e9n fenn\u00e1ll a vesz\u00e9lye annak, hogy a kezel\u00e9st nem lehet teljes eg\u00e9sz\u00e9ben lefolytatni. Az id\u0151pontok lemondhat\u00f3k a kezel\u00e9s megkezd\u00e9se el\u0151tt 24 \u00f3r\u00e1val. Amennyiben k\u00e9s\u0151bb t\u00f6rt\u00e9nik lemond\u00e1s, iletve nem t\u00f6rt\u00e9nik lemond\u00e1s, \u00faj id\u0151pontot csak az elmaradt vizit d\u00edj\u00e1nak \u00e1tutal\u00e1sa ut\u00e1n tudunk adni. Banksz\u00e1mlasz\u00e1munk: 11705998-21266779. A k\u00f6zlem\u00e9ny rovatban nev\u00fcket sz\u00edveskedjenek felt\u00fcntetni.<br \/><br \/><\/li><li>Honlapunkon t\u00e1j\u00e9koz\u00f3djanak \u00e1rainkr\u00f3l. \u00c1raj\u00e1nlatot a kezelend\u0151 ter\u00fclet vizsg\u00e1lata ut\u00e1n tudunk pontosan adni.<br \/><br \/><\/li><li>Eg\u00e9szs\u00e9gp\u00e9nzt\u00e1rak, Biztos\u00edt\u00f3 t\u00e1rsas\u00e1gok sz\u00e1m\u00e1ra ki\u00e1ll\u00edtott sz\u00e1ml\u00e1k k\u00f6vetelm\u00e9nyei fel\u0151l el\u0151re t\u00e1j\u00e9koz\u00f3djanak, mert a ki\u00e1ll\u00edtott sz\u00e1ml\u00e1kat nem tudjuk m\u00f3dos\u00edtani.<br \/><br \/><\/li><li>Telefonon, emailben diagn\u00f3zist, leleteket, eredm\u00e9nyeket nem k\u00f6z\u00f6lhet\u00fcnk. F\u00e9nyk\u00e9pek alapj\u00e1n nem tudunk diagn\u00f3zist fel\u00e1ll\u00edtani \u00e9s kezel\u00e9st adni.<br \/><br \/><\/li><li>A kezel\u00e9ssel kapcsolatos k\u00e9rd\u00e9sekre csak az info@telederma.hu email c\u00edmen tudunk v\u00e1laszolni.<br \/><br \/><\/li><li>Az eg\u00e9szs\u00e9g sz\u00e1munkra is kulcsfontoss\u00e1g\u00fa k\u00e9rd\u00e9s. A t\u00f6bbi p\u00e1ciens \u00e9s munkat\u00e1rsaink eg\u00e9szs\u00e9ge \u00e9rdek\u00e9ben k\u00e9rj\u00fck, fert\u0151z\u0151 betegs\u00e9gben nem szenved\u0151 betegek vegyenek r\u00e9szt kezel\u00e9seinken. Fert\u0151z\u00e9sgyan\u00fas esetben\u00a0 munkat\u00e1rsaink v\u00e9d\u0151maszkot adnak, vagy ak\u00e1r a kezel\u00e9st elhalasztjuk. Beavatkoz\u00e1sok el\u0151tt\u00a0 az \u00e1lland\u00f3an szedett gy\u00f3gyszerekr\u0151l egyeztessenek, mert injekci\u00f3k bead\u00e1sa, m\u0171t\u00e9tek elv\u00e9gz\u00e9se bizonyos gy\u00f3gyszerek szed\u00e9se eset\u00e9n vesz\u00e9lyes lehet.<br \/><br \/><\/li><li>A rendel\u0151 berendez\u00e9seiben okozott k\u00e1rt vend\u00e9geink (kiskor\u00fa eset\u00e9ben a sz\u00fcl\u0151) k\u00f6telesek megt\u00e9r\u00edteni.<br \/><br \/><\/li><li>A H\u00e1zirend b\u00e1rmely pontj\u00e1nak megszeg\u00e9se eset\u00e9n munkat\u00e1rsaink k\u00f6telesek a szab\u00e1lytalan viselked\u00e9s megsz\u00fcntet\u00e9s\u00e9t k\u00e9rni. Ha ez nem teljes\u00fcl, a szab\u00e1lytalankod\u00f3 szem\u00e9lynek el kell hagynia int\u00e9zm\u00e9ny\u00fcnket ak\u00e1r a megkezdett beavatkoz\u00e1s f\u00e9lbeszak\u00edt\u00e1s\u00e1val.<br \/><br \/><\/li><li>A H\u00e1zirendet az \u00fczemeltet\u0151 jogosult m\u00f3dos\u00edtani.<\/li><\/ol><\/div>\n\t\t\t\t<\/div>\n\t\t\t\t<\/div>\n\t\t\t\t\t\t<\/div>\n\t\t\t\t\t<\/div>\n\t\t<\/div>\n\t\t\t\t\t\t\t\t<\/div>\n\t\t\t\t\t<\/div>\n\t\t<\/section>\n\t\t\t\t\t\t<\/div>\n\t\t\t\t\t\t<\/div>\n\t\t\t\t\t<\/div>\n\t\t","protected":false},"excerpt":{"rendered":"<p>H\u00e1zirend Jelen h\u00e1zirend betart\u00e1sa k\u00f6telez\u0151 minden rendel\u0151nkben tart\u00f3zkod\u00f3 szem\u00e9lyre n\u00e9zve. A H\u00e1zirend elolvashat\u00f3 a budapesti v\u00e1r\u00f3helyis\u00e9gben \u00e9s honlapunkon al\u00e1bb egyar\u00e1nt. Az id\u0151pont lefoglal\u00e1s\u00e1val \u00e9s a szolg\u00e1ltat\u00e1sok ig\u00e9nybev\u00e9tel\u00e9vel minden vend\u00e9g\u00fcnk automatikusan elfogadja a H\u00e1zirend szab\u00e1lyait, tov\u00e1bb\u00e1 a GDPR rendelkez\u00e9seit. Egy id\u0151pontban csak egy p\u00e1cienst tudunk ell\u00e1tni. Amennyiben t\u00f6bb\u00a0 p\u00e1ciens ell\u00e1t\u00e1sa sz\u00fcks\u00e9ges, nekik k\u00fcl\u00f6n id\u0151pontot kell k\u00e9rni\u00fck. [&hellip;]<\/p>\n","protected":false},"author":4,"featured_media":0,"parent":0,"menu_order":0,"comment_status":"closed","ping_status":"closed","template":"","meta":{"footnotes":""},"_links":{"self":[{"href":"https:\/\/telederma.hu\/hun\/wp-json\/wp\/v2\/pages\/948"}],"collection":[{"href":"https:\/\/telederma.hu\/hun\/wp-json\/wp\/v2\/pages"}],"about":[{"href":"https:\/\/telederma.hu\/hun\/wp-json\/wp\/v2\/types\/page"}],"author":[{"embeddable":true,"href":"https:\/\/telederma.hu\/hun\/wp-json\/wp\/v2\/users\/4"}],"replies":[{"embeddable":true,"href":"https:\/\/telederma.hu\/hun\/wp-json\/wp\/v2\/comments?post=948"}],"version-history":[{"count":23,"href":"https:\/\/telederma.hu\/hun\/wp-json\/wp\/v2\/pages\/948\/revisions"}],"predecessor-version":[{"id":1688,"href":"https:\/\/telederma.hu\/hun\/wp-json\/wp\/v2\/pages\/948\/revisions\/1688"}],"wp:attachment":[{"href":"https:\/\/telederma.hu\/hun\/wp-json\/wp\/v2\/media?parent=948"}],"curies":[{"name":"wp","href":"https:\/\/api.w.org\/{rel}","templated":true}]}}